{"id":10173,"date":"2022-10-11T12:51:55","date_gmt":"2022-10-11T12:51:55","guid":{"rendered":"https:\/\/xmy.ch\/shop\/veg-protein-pulver\/"},"modified":"2025-11-22T09:34:29","modified_gmt":"2025-11-22T09:34:29","slug":"eiweisspulver-veg-protein","status":"publish","type":"product","link":"http:\/\/testing-dev.keforma.ch\/de\/prodotto\/eiweisspulver-veg-protein\/","title":{"rendered":"Eiwei\u00dfpulver Veg Protein"},"content":{"rendered":"<div id=\"wd-6057fb79eb014\" class=\"wd-text-block-wrapper wd-wpb wd-rs-6057fb79eb014 color-scheme-dark text-left vc_custom_1616378763982\">\n<div class=\"woodmart-title-container woodmart-text-block reset-last-child font-primary wd-font-weight-400 \">\n<div id=\"wd-600ab098bf93b\" class=\"wd-text-block-wrapper wd-wpb wd-rs-600ab098bf93b color-scheme-dark text-left vc_custom_1611313320399\">\n<div class=\"woodmart-title-container woodmart-text-block reset-last-child font-primary wd-font-weight-400 \">\n<div id=\"wd-600a79842bcfb\" class=\"wd-text-block-wrapper wd-wpb wd-rs-600a79842bcfb color-scheme-dark text-left vc_custom_1611299215720\">\n<div class=\"woodmart-title-container woodmart-text-block reset-last-child font-primary wd-font-weight-400 \">\n<p><b>VEG PROTEIN<\/b> ist das ideale <b>pflanzliche Eiwei\u00dfpulver<\/b> f\u00fcr alle, die Wert auf eine hochwertige, vegane Proteinquelle legen.<br \/>\nDieses innovative Produkt vereint drei sorgf\u00e4ltig ausgew\u00e4hlte Proteinquellen: Soja, Reis und Erbse. Diese spezielle Formulierung garantiert ein umfassendes Aminos\u00e4ureprofil, das dem eines klassischen Molkenproteinkonzentrats sehr \u00e4hnlich ist.<\/p>\n<p>Als 100% <b>pflanzliches Eiwei\u00dfpulver<\/b> ist VEG PROTEIN zudem vollst\u00e4ndig laktose- und glutenfrei, was es zur perfekten Wahl f\u00fcr Menschen mit entsprechenden Unvertr\u00e4glichkeiten oder di\u00e4tetischen Pr\u00e4ferenzen macht.<br \/>\nDoch nicht nur die Inhaltsstoffe \u00fcberzeugen: Das Produkt schmeckt auch hervorragend und l\u00e4sst sich vielseitig in Ihre t\u00e4gliche Ern\u00e4hrung integrieren.<br \/>\nOb im Smoothie, Shake oder beim Backen \u2013 mit VEG PROTEIN versorgen Sie Ihren K\u00f6rper optimal mit pflanzlichem Protein.<\/p>\n<\/div>\n<\/div>\n<\/div>\n<\/div>\n<\/div>\n<\/div>\n<div class=\"wpb_text_column wpb_content_element vc_custom_1616378936846 text-larger\">\n<div class=\"wpb_wrapper\"><img loading=\"lazy\" decoding=\"async\" class=\"wd-lazy-load woodmart-lazy-load wd-lazy-fade info-icon image-1 wd-loaded\" style=\"text-align: center;\" title=\"KF_Logo-Feature-Rot\" src=\"http:\/\/testing-dev.keforma.ch\/wp-content\/uploads\/2020\/09\/KF_Logo-Feature-Red-45x45.png\" alt=\"KF_Logo-Feature-Rot\" width=\"22\" height=\"22\" data-wood-src=\"http:\/\/testing-dev.keforma.ch\/wp-content\/uploads\/2020\/09\/KF_Logo-Feature-Red-45x45.png\" data-pagespeed-url-hash=\"3879490219\" \/> 3 Eiwei\u00dfquellen<br \/>\n<img loading=\"lazy\" decoding=\"async\" class=\"wd-lazy-load woodmart-lazy-load wd-lazy-fade info-icon image-1 wd-loaded\" style=\"text-align: center;\" title=\"KF_Logo-Feature-Rot\" src=\"http:\/\/testing-dev.keforma.ch\/wp-content\/uploads\/2020\/09\/KF_Logo-Feature-Red-45x45.png\" alt=\"KF_Logo-Feature-Rot\" width=\"22\" height=\"22\" data-wood-src=\"http:\/\/testing-dev.keforma.ch\/wp-content\/uploads\/2020\/09\/KF_Logo-Feature-Red-45x45.png\" data-pagespeed-url-hash=\"3879490219\" \/><span style=\"text-align: center;\"> Gem\u00fcse und Veganer<br \/>\n<\/span><img loading=\"lazy\" decoding=\"async\" class=\"wd-lazy-load woodmart-lazy-load wd-lazy-fade info-icon image-1 wd-loaded\" style=\"text-align: center;\" title=\"KF_Logo-Feature-Rot\" src=\"http:\/\/testing-dev.keforma.ch\/wp-content\/uploads\/2020\/09\/KF_Logo-Feature-Red-45x45.png\" alt=\"KF_Logo-Feature-Rot\" width=\"22\" height=\"22\" data-wood-src=\"http:\/\/testing-dev.keforma.ch\/wp-content\/uploads\/2020\/09\/KF_Logo-Feature-Red-45x45.png\" data-pagespeed-url-hash=\"3879490219\" \/><span style=\"text-align: center;\"> Vollst\u00e4ndiges Aminos\u00e4ureprofil<br \/>\n<\/span><img loading=\"lazy\" decoding=\"async\" class=\"wd-lazy-load woodmart-lazy-load wd-lazy-fade info-icon image-1 wd-loaded\" style=\"text-align: center;\" title=\"KF_Logo-Feature-Rot\" src=\"http:\/\/testing-dev.keforma.ch\/wp-content\/uploads\/2020\/09\/KF_Logo-Feature-Red-45x45.png\" alt=\"KF_Logo-Feature-Rot\" width=\"22\" height=\"22\" data-wood-src=\"http:\/\/testing-dev.keforma.ch\/wp-content\/uploads\/2020\/09\/KF_Logo-Feature-Red-45x45.png\" data-pagespeed-url-hash=\"3879490219\" \/><span style=\"text-align: center;\"> Gluten- und laktosefrei<\/span><\/div>\n<\/div>\n","protected":false},"excerpt":{"rendered":"<table class=\"bda-state-product\">\n<thead>\n<tr>\n<th class=\"bda-color\"><a href=\"de\/categoria-prodotto\/vor\/\">Vor<\/a><\/th>\n<th class=\"bda-gray\"><a href=\"de\/categoria-prodotto\/wahrend\/\">W\u00e4hrend<\/a><\/th>\n<th class=\"bda-color\"><a href=\"de\/categoria-prodotto\/nach\/\">Nach<\/a><\/th>\n<\/tr>\n<\/thead>\n<\/table>\n<p><b>VEG PROTEIN<\/b> ist das 100% <b>pflanzliche Eiwei\u00dfpulver<\/b> mit optimalem Aminos\u00e4ureprofil, das laktose- und glutenfrei ist \u2013 ideal f\u00fcr Ihre vegane Proteinversorgung.<\/p>\n","protected":false},"featured_media":19667,"comment_status":"open","ping_status":"closed","template":"","meta":[],"product_brand":[],"product_cat":[641,525,527],"product_tag":[649,657,651,654],"class_list":{"0":"post-10173","1":"product","2":"type-product","3":"status-publish","4":"has-post-thumbnail","6":"product_cat-eiweis","7":"product_cat-erste","8":"product_cat-nach","9":"product_tag-ausdauer","10":"product_tag-body-building-de","11":"product_tag-strom","12":"product_tag-wellness-de","14":"first","15":"instock","16":"taxable","17":"shipping-taxable","18":"purchasable","19":"product-type-variable"},"_links":{"self":[{"href":"http:\/\/testing-dev.keforma.ch\/de\/wp-json\/wp\/v2\/product\/10173","targetHints":{"allow":["GET"]}}],"collection":[{"href":"http:\/\/testing-dev.keforma.ch\/de\/wp-json\/wp\/v2\/product"}],"about":[{"href":"http:\/\/testing-dev.keforma.ch\/de\/wp-json\/wp\/v2\/types\/product"}],"replies":[{"embeddable":true,"href":"http:\/\/testing-dev.keforma.ch\/de\/wp-json\/wp\/v2\/comments?post=10173"}],"version-history":[{"count":0,"href":"http:\/\/testing-dev.keforma.ch\/de\/wp-json\/wp\/v2\/product\/10173\/revisions"}],"wp:featuredmedia":[{"embeddable":true,"href":"http:\/\/testing-dev.keforma.ch\/de\/wp-json\/wp\/v2\/media\/19667"}],"wp:attachment":[{"href":"http:\/\/testing-dev.keforma.ch\/de\/wp-json\/wp\/v2\/media?parent=10173"}],"wp:term":[{"taxonomy":"product_brand","embeddable":true,"href":"http:\/\/testing-dev.keforma.ch\/de\/wp-json\/wp\/v2\/product_brand?post=10173"},{"taxonomy":"product_cat","embeddable":true,"href":"http:\/\/testing-dev.keforma.ch\/de\/wp-json\/wp\/v2\/product_cat?post=10173"},{"taxonomy":"product_tag","embeddable":true,"href":"http:\/\/testing-dev.keforma.ch\/de\/wp-json\/wp\/v2\/product_tag?post=10173"}],"curies":[{"name":"wp","href":"https:\/\/api.w.org\/{rel}","templated":true}]}}