{"id":10254,"date":"2022-10-12T21:32:31","date_gmt":"2022-10-12T21:32:31","guid":{"rendered":"https:\/\/xmy.ch\/shop\/freedoms-nahrungsergaenzungsmittel\/"},"modified":"2025-07-15T19:35:30","modified_gmt":"2025-07-15T19:35:30","slug":"nahrungsergaenzung-freedoms","status":"publish","type":"product","link":"http:\/\/testing-dev.keforma.ch\/de\/prodotto\/nahrungsergaenzung-freedoms\/","title":{"rendered":"Nahrungserg\u00e4nzung FREEDOMS"},"content":{"rendered":"<div id=\"wd-600aef8476f41\" class=\"wd-text-block-wrapper wd-wpb wd-rs-600aef8476f41 color-scheme-dark text-left vc_custom_1611329428846\">\n<div class=\"woodmart-title-container woodmart-text-block reset-last-child font-primary wd-font-weight-400 \">\n<div id=\"wd-5fafbca251970\" class=\"wd-text-block-wrapper wd-wpb wd-rs-5fafbca251970 color-scheme-dark text-left vc_custom_1605352620193\">\n<div class=\"woodmart-title-container woodmart-text-block reset-last-child font-primary wd-font-weight-400 \">\n<div id=\"wd-5fad4a10ebb94\" class=\"wd-text-block-wrapper wd-wpb wd-rs-5fad4a10ebb94 color-scheme-dark text-left vc_custom_1605192243372\">\n<div class=\"woodmart-title-container woodmart-text-block reset-last-child font-primary wd-font-weight-400 \">\n<div id=\"wd-60c05e5639da8\" class=\"wd-text-block-wrapper wd-wpb wd-rs-60c05e5639da8 color-scheme-dark text-left vc_custom_1623219823775\">\n<div class=\"woodmart-title-container woodmart-text-block reset-last-child font-primary wd-font-weight-400 \">\n<div id=\"wd-60ad03f145393\" class=\"wd-text-block-wrapper wd-wpb wd-rs-60ad03f145393 color-scheme-dark text-left vc_custom_1621951500972\">\n<div class=\"woodmart-title-container woodmart-text-block reset-last-child font-primary wd-font-weight-400 \">\n<div id=\"wd-600c0a0356b37\" class=\"wd-text-block-wrapper wd-wpb wd-rs-600c0a0356b37 color-scheme-dark text-left vc_custom_1611401764776\">\n<div class=\"woodmart-title-container woodmart-text-block reset-last-child font-primary wd-font-weight-400 \">\n<div id=\"wd-5fa9a79765c14\" class=\"wd-text-block-wrapper wd-wpb wd-rs-5fa9a79765c14 color-scheme-dark text-left vc_custom_1604954043803\">\n<div class=\"woodmart-title-container woodmart-text-block reset-last-child font-primary wd-font-weight-400 \">\n<div id=\"wd-5faa89316f5c1\" class=\"wd-text-block-wrapper wd-wpb wd-rs-5faa89316f5c1 color-scheme-dark text-left vc_custom_1605011778542\">\n<div class=\"woodmart-title-container woodmart-text-block reset-last-child font-primary wd-font-weight-400 \">\n<div id=\"wd-5faff2d725a7a\" class=\"wd-text-block-wrapper wd-wpb wd-rs-5faff2d725a7a color-scheme-dark text-left vc_custom_1605366567101\">\n<div class=\"woodmart-title-container woodmart-text-block reset-last-child font-primary wd-font-weight-400 \">\n<p><b>FREEDOMS<\/b> ist die spezielle <b>Muskelerholung Nahrungserg\u00e4nzung<\/b>, entwickelt, um Ihren K\u00f6rper nach hochintensivem und l\u00e4ngerem k\u00f6rperlichen Training optimal zu unterst\u00fctzen. Im Kern dieser innovativen Formel steht der hochwertige <b>Montmorency Kirsche<\/b> Extrakt (CherryPURE\u00ae), bekannt f\u00fcr seine vielf\u00e4ltigen positiven Effekte auf die Regeneration.<br \/>\nErg\u00e4nzt wird dies durch Mutterkraut und Bromelain, die synergetisch wirken, um die Erholung zu beschleunigen. Die Zugabe von Palatinose\u2122 sorgt zudem f\u00fcr eine ausgewogene Energiezufuhr, die den Regenerationsprozess unterst\u00fctzt. Dieses leistungsstarke Produkt verf\u00fcgt \u00fcber signifikante <b>entz\u00fcndungshemmende Nahrungserg\u00e4nzung<\/b> und schmerzlindernde Eigenschaften, was es zu einem unverzichtbaren Helfer f\u00fcr jeden Athleten macht.<br \/>\nMit FREEDOMS optimieren Sie Ihre Muskelerholung und sind schneller wieder bereit f\u00fcr die n\u00e4chste Herausforderung.<\/p>\n<\/div>\n<\/div>\n<\/div>\n<\/div>\n<div class=\"wpb_text_column wpb_content_element vc_custom_1611323456658 text-larger\">\n<div class=\"wpb_wrapper\">\n<p>&nbsp;<\/p>\n<\/div>\n<\/div>\n<\/div>\n<\/div>\n<\/div>\n<\/div>\n<\/div>\n<\/div>\n<\/div>\n<\/div>\n<\/div>\n<\/div>\n<\/div>\n<\/div>\n<\/div>\n<\/div>\n<div class=\"wpb_text_column wpb_content_element vc_custom_1616205360806 text-larger\">\n<div class=\"wpb_wrapper\">\n<p><img loading=\"lazy\" decoding=\"async\" class=\"wd-lazy-load woodmart-lazy-load wd-lazy-fade info-icon image-1 wd-loaded\" style=\"text-align: center;\" title=\"KF_Logo-Charakteristik-Rot\" src=\"http:\/\/testing-dev.keforma.ch\/wp-content\/uploads\/2020\/09\/KF_Logo-Feature-Red-45x45.png\" alt=\"KF_Logo-Charakteristik-Rot\" width=\"22\" height=\"22\" data-wood-src=\"http:\/\/testing-dev.keforma.ch\/wp-content\/uploads\/2020\/09\/KF_Logo-Feature-Red-45x45.png\" data-pagespeed-url-hash=\"3879490219\" \/> Verbessert die Erholungszeit<span style=\"text-align: center;\"><br \/>\n<img loading=\"lazy\" decoding=\"async\" class=\"wd-lazy-load woodmart-lazy-load wd-lazy-fade info-icon image-1 wd-loaded\" style=\"text-align: center;\" title=\"KF_Logo-Charakteristik-Rot\" src=\"http:\/\/testing-dev.keforma.ch\/wp-content\/uploads\/2020\/09\/KF_Logo-Feature-Red-45x45.png\" alt=\"KF_Logo-Charakteristik-Rot\" width=\"22\" height=\"22\" data-wood-src=\"http:\/\/testing-dev.keforma.ch\/wp-content\/uploads\/2020\/09\/KF_Logo-Feature-Red-45x45.png\" data-pagespeed-url-hash=\"3879490219\" \/> Erholung bei Sportverletzungen<br \/>\n<img loading=\"lazy\" decoding=\"async\" class=\"wd-lazy-load woodmart-lazy-load wd-lazy-fade info-icon image-1 wd-loaded\" style=\"text-align: center;\" title=\"KF_Logo-Charakteristik-Rot\" src=\"http:\/\/testing-dev.keforma.ch\/wp-content\/uploads\/2020\/09\/KF_Logo-Feature-Red-45x45.png\" alt=\"KF_Logo-Charakteristik-Rot\" width=\"22\" height=\"22\" data-wood-src=\"http:\/\/testing-dev.keforma.ch\/wp-content\/uploads\/2020\/09\/KF_Logo-Feature-Red-45x45.png\" data-pagespeed-url-hash=\"3879490219\" \/> Starke entz\u00fcndungshemmende Wirkung<br \/>\n<\/span><span style=\"text-align: center;\"><img loading=\"lazy\" decoding=\"async\" class=\"wd-lazy-load woodmart-lazy-load wd-lazy-fade info-icon image-1 wd-loaded\" style=\"text-align: center;\" title=\"KF_Logo-Charakteristik-Rot\" src=\"http:\/\/testing-dev.keforma.ch\/wp-content\/uploads\/2020\/09\/KF_Logo-Feature-Red-45x45.png\" alt=\"KF_Logo-Charakteristik-Rot\" width=\"22\" height=\"22\" data-wood-src=\"http:\/\/testing-dev.keforma.ch\/wp-content\/uploads\/2020\/09\/KF_Logo-Feature-Red-45x45.png\" data-pagespeed-url-hash=\"3879490219\" \/> Gluten- und laktosefrei<\/span><span style=\"text-align: center;\"><br \/>\n<\/span><\/p>\n<\/div>\n<\/div>\n","protected":false},"excerpt":{"rendered":"<table class=\"bda-state-product\">\n<thead>\n<tr>\n<th class=\"bda-gray\"><a href=\"de\/categoria-prodotto\/vor\/\">Vor<\/a><\/th>\n<th class=\"bda-gray\"><a href=\"de\/categoria-prodotto\/wahrend\/\">W\u00e4hrend<\/a><\/th>\n<th class=\"bda-color\"><a href=\"de\/categoria-prodotto\/nach\/\">Nach<\/a><\/th>\n<\/tr>\n<\/thead>\n<\/table>\n<p><b>FREEDOMS<\/b> ist die spezielle <b>Muskelerholung Nahrungserg\u00e4nzung<\/b> mit Montmorency Kirsche f\u00fcr schnellere Regeneration, <b>entz\u00fcndungshemmende<\/b> Wirkung und optimierte Leistung nach intensivem Training.<\/p>\n","protected":false},"featured_media":18806,"comment_status":"open","ping_status":"closed","template":"","meta":[],"product_brand":[],"product_cat":[527,642],"product_tag":[649,657,659,647,658,652,655,648,650,656,651,653,654],"class_list":{"0":"post-10254","1":"product","2":"type-product","3":"status-publish","4":"has-post-thumbnail","6":"product_cat-nach","7":"product_cat-wohlbefinden","8":"product_tag-ausdauer","9":"product_tag-body-building-de","10":"product_tag-fitness-de","11":"product_tag-fusball","12":"product_tag-gymnasium","13":"product_tag-laufen","14":"product_tag-leichtathletik","15":"product_tag-radfahren","16":"product_tag-schwimmen","17":"product_tag-skifahren","18":"product_tag-strom","19":"product_tag-triathlon-de","20":"product_tag-wellness-de","22":"first","23":"instock","24":"taxable","25":"shipping-taxable","26":"purchasable","27":"product-type-variable","28":"has-default-attributes"},"_links":{"self":[{"href":"http:\/\/testing-dev.keforma.ch\/de\/wp-json\/wp\/v2\/product\/10254","targetHints":{"allow":["GET"]}}],"collection":[{"href":"http:\/\/testing-dev.keforma.ch\/de\/wp-json\/wp\/v2\/product"}],"about":[{"href":"http:\/\/testing-dev.keforma.ch\/de\/wp-json\/wp\/v2\/types\/product"}],"replies":[{"embeddable":true,"href":"http:\/\/testing-dev.keforma.ch\/de\/wp-json\/wp\/v2\/comments?post=10254"}],"version-history":[{"count":0,"href":"http:\/\/testing-dev.keforma.ch\/de\/wp-json\/wp\/v2\/product\/10254\/revisions"}],"wp:featuredmedia":[{"embeddable":true,"href":"http:\/\/testing-dev.keforma.ch\/de\/wp-json\/wp\/v2\/media\/18806"}],"wp:attachment":[{"href":"http:\/\/testing-dev.keforma.ch\/de\/wp-json\/wp\/v2\/media?parent=10254"}],"wp:term":[{"taxonomy":"product_brand","embeddable":true,"href":"http:\/\/testing-dev.keforma.ch\/de\/wp-json\/wp\/v2\/product_brand?post=10254"},{"taxonomy":"product_cat","embeddable":true,"href":"http:\/\/testing-dev.keforma.ch\/de\/wp-json\/wp\/v2\/product_cat?post=10254"},{"taxonomy":"product_tag","embeddable":true,"href":"http:\/\/testing-dev.keforma.ch\/de\/wp-json\/wp\/v2\/product_tag?post=10254"}],"curies":[{"name":"wp","href":"https:\/\/api.w.org\/{rel}","templated":true}]}}