{"id":10273,"date":"2022-10-12T20:10:57","date_gmt":"2022-10-12T20:10:57","guid":{"rendered":"https:\/\/xmy.ch\/shop\/kreatin-creat-de\/"},"modified":"2025-07-15T19:32:44","modified_gmt":"2025-07-15T19:32:44","slug":"kreatin-creat-de","status":"publish","type":"product","link":"http:\/\/testing-dev.keforma.ch\/de\/prodotto\/kreatin-creat-de\/","title":{"rendered":"Kreatin Creat DE"},"content":{"rendered":"<div id=\"wd-600aef8476f41\" class=\"wd-text-block-wrapper wd-wpb wd-rs-600aef8476f41 color-scheme-dark text-left vc_custom_1611329428846\">\n<div class=\"woodmart-title-container woodmart-text-block reset-last-child font-primary wd-font-weight-400 \">\n<div id=\"wd-5fafbca251970\" class=\"wd-text-block-wrapper wd-wpb wd-rs-5fafbca251970 color-scheme-dark text-left vc_custom_1605352620193\">\n<div class=\"woodmart-title-container woodmart-text-block reset-last-child font-primary wd-font-weight-400 \">\n<div id=\"wd-5fad4a10ebb94\" class=\"wd-text-block-wrapper wd-wpb wd-rs-5fad4a10ebb94 color-scheme-dark text-left vc_custom_1605192243372\">\n<div class=\"woodmart-title-container woodmart-text-block reset-last-child font-primary wd-font-weight-400 \">\n<div id=\"wd-5fa95db83f412\" class=\"wd-text-block-wrapper wd-wpb wd-rs-5fa95db83f412 color-scheme-dark text-left vc_custom_1604935110999\">\n<div class=\"woodmart-title-container woodmart-text-block reset-last-child font-primary wd-font-weight-400 \">\n<div id=\"wd-5fa9a33bcb59f\" class=\"wd-text-block-wrapper wd-wpb wd-rs-5fa9a33bcb59f color-scheme-dark text-left vc_custom_1604952928887\">\n<div class=\"woodmart-title-container woodmart-text-block reset-last-child font-primary wd-font-weight-400 \">\n<div id=\"wd-600acbd460545\" class=\"wd-text-block-wrapper wd-wpb wd-rs-600acbd460545 color-scheme-dark text-left vc_custom_1611320283795\">\n<div class=\"woodmart-title-container woodmart-text-block reset-last-child font-primary wd-font-weight-400 \">\n<div id=\"wd-5fa9ae9f956b0\" class=\"wd-text-block-wrapper wd-wpb wd-rs-5fa9ae9f956b0 color-scheme-dark text-left vc_custom_1604955828948\">\n<div class=\"woodmart-title-container woodmart-text-block reset-last-child font-primary wd-font-weight-400 \">\n<p><b>CREAT DE<\/b> ist Ihr Premium <b>Kreatin Monohydrat<\/b> rein \u2013 ein hochwertiges, mikronisiertes Nahrungserg\u00e4nzungsmittel, das ausschlie\u00dflich auf <b>Creatine Creapure<\/b> Degussa basiert. Creapure\u00ae gilt weltweit als das beste Kreatin auf dem Markt, und das aus gutem Grund.<br \/>\nKreatin ist eine nat\u00fcrliche Substanz, die unser Muskelgewebe normalerweise selbst herstellt.<br \/>\nEs spielt eine Schl\u00fcsselrolle bei der Energieproduktion, da es Teil des Kreatin-Phosphat-Systems ist, das ma\u00dfgeblich zur Aufrechterhaltung eines hohen ATP\/ADP-Verh\u00e4ltnisses beitr\u00e4gt.<br \/>\nZahlreiche wissenschaftliche Studien haben die Vorteile von <b>Kreatin Monohydrat<\/b> umfassend belegt: Es verz\u00f6gert den Beginn der Muskelerm\u00fcdung, reduziert die Ansammlung von Milchs\u00e4ure in den Muskeln und f\u00f6rdert die Proteinsynthese.<br \/>\nAll diese Effekte tragen dazu bei, dass Sie Ihre Trainingsleistung steigern, intensivere Workouts absolvieren und Ihre Muskelregeneration optimieren k\u00f6nnen. Setzen Sie auf die bew\u00e4hrte Qualit\u00e4t von CREAT DE f\u00fcr maximale Trainingsergebnisse und effektiven <b>Kreatin Muskelaufbau<\/b>.<\/p>\n<\/div>\n<\/div>\n<div class=\"wpb_text_column wpb_content_element vc_custom_1611318812727 text-larger\">\n<div class=\"wpb_wrapper\">\n<p><img loading=\"lazy\" decoding=\"async\" class=\"wd-lazy-load woodmart-lazy-load wd-lazy-fade info-icon image-1 wd-loaded\" style=\"text-align: center;\" title=\"KF_Logo-Feature-Rot\" src=\"http:\/\/testing-dev.keforma.ch\/wp-content\/uploads\/2020\/09\/KF_Logo-Feature-Red-45x45.png\" alt=\"KF_Logo-Feature-Rot\" width=\"22\" height=\"22\" data-wood-src=\"http:\/\/testing-dev.keforma.ch\/wp-content\/uploads\/2020\/09\/KF_Logo-Feature-Red-45x45.png\" data-pagespeed-url-hash=\"3879490219\" \/> Verz\u00f6gert M\u00fcdigkeit<br \/>\n<img loading=\"lazy\" decoding=\"async\" class=\"wd-lazy-load woodmart-lazy-load wd-lazy-fade info-icon image-1 wd-loaded\" style=\"text-align: center;\" title=\"KF_Logo-Feature-Rot\" src=\"http:\/\/testing-dev.keforma.ch\/wp-content\/uploads\/2020\/09\/KF_Logo-Feature-Red-45x45.png\" alt=\"KF_Logo-Feature-Rot\" width=\"22\" height=\"22\" data-wood-src=\"http:\/\/testing-dev.keforma.ch\/wp-content\/uploads\/2020\/09\/KF_Logo-Feature-Red-45x45.png\" data-pagespeed-url-hash=\"3879490219\" \/><span style=\"text-align: center;\"> Reduzierung der Milchs\u00e4ure<br \/>\n<\/span><img loading=\"lazy\" decoding=\"async\" class=\"wd-lazy-load woodmart-lazy-load wd-lazy-fade info-icon image-1 wd-loaded\" style=\"text-align: center;\" title=\"KF_Logo-Feature-Rot\" src=\"http:\/\/testing-dev.keforma.ch\/wp-content\/uploads\/2020\/09\/KF_Logo-Feature-Red-45x45.png\" alt=\"KF_Logo-Feature-Rot\" width=\"22\" height=\"22\" data-wood-src=\"http:\/\/testing-dev.keforma.ch\/wp-content\/uploads\/2020\/09\/KF_Logo-Feature-Red-45x45.png\" data-pagespeed-url-hash=\"3879490219\" \/><span style=\"text-align: center;\"> 100% Kreatin-Monohydrat<br \/>\n<\/span><img loading=\"lazy\" decoding=\"async\" class=\"wd-lazy-load woodmart-lazy-load wd-lazy-fade info-icon image-1 wd-loaded\" style=\"text-align: center;\" title=\"KF_Logo-Feature-Rot\" src=\"http:\/\/testing-dev.keforma.ch\/wp-content\/uploads\/2020\/09\/KF_Logo-Feature-Red-45x45.png\" alt=\"KF_Logo-Feature-Rot\" width=\"22\" height=\"22\" data-wood-src=\"http:\/\/testing-dev.keforma.ch\/wp-content\/uploads\/2020\/09\/KF_Logo-Feature-Red-45x45.png\" data-pagespeed-url-hash=\"3879490219\" \/><span style=\"text-align: center;\"> Laktosefrei und glutenfrei<\/span><\/p>\n<\/div>\n<\/div>\n<\/div>\n<\/div>\n<\/div>\n<\/div>\n<\/div>\n<\/div>\n<\/div>\n<\/div>\n<\/div>\n<\/div>\n<\/div>\n<\/div>\n","protected":false},"excerpt":{"rendered":"<table class=\"bda-state-product\">\n<thead>\n<tr>\n<th class=\"bda-color\"><a href=\"de\/categoria-prodotto\/vor\/\">Vor<\/a><\/th>\n<th class=\"bda-gray\"><a href=\"de\/categoria-prodotto\/wahrend\/\">W\u00e4hrend<\/a><\/th>\n<th class=\"bda-gray\"><a href=\"de\/categoria-prodotto\/nach\/\">Nach<\/a><\/th>\n<\/tr>\n<\/thead>\n<\/table>\n<p><b>CREAT DE<\/b> ist Premium <b>Kreatin Monohydrat<\/b> aus <b>Creapure\u00ae<\/b> f\u00fcr gesteigerte Trainingsleistung, effektiven <b>Muskelaufbau<\/b> und verbesserte Regeneration.<\/p>\n","protected":false},"featured_media":19635,"comment_status":"open","ping_status":"closed","template":"","meta":[],"product_brand":[],"product_cat":[645,525],"product_tag":[649,657,659,647,658,652,655,648,650,656,651,653],"class_list":{"0":"post-10273","1":"product","2":"type-product","3":"status-publish","4":"has-post-thumbnail","6":"product_cat-aminosauren","7":"product_cat-erste","8":"product_tag-ausdauer","9":"product_tag-body-building-de","10":"product_tag-fitness-de","11":"product_tag-fusball","12":"product_tag-gymnasium","13":"product_tag-laufen","14":"product_tag-leichtathletik","15":"product_tag-radfahren","16":"product_tag-schwimmen","17":"product_tag-skifahren","18":"product_tag-strom","19":"product_tag-triathlon-de","21":"first","22":"instock","23":"taxable","24":"shipping-taxable","25":"purchasable","26":"product-type-variable","27":"has-default-attributes"},"_links":{"self":[{"href":"http:\/\/testing-dev.keforma.ch\/de\/wp-json\/wp\/v2\/product\/10273","targetHints":{"allow":["GET"]}}],"collection":[{"href":"http:\/\/testing-dev.keforma.ch\/de\/wp-json\/wp\/v2\/product"}],"about":[{"href":"http:\/\/testing-dev.keforma.ch\/de\/wp-json\/wp\/v2\/types\/product"}],"replies":[{"embeddable":true,"href":"http:\/\/testing-dev.keforma.ch\/de\/wp-json\/wp\/v2\/comments?post=10273"}],"version-history":[{"count":0,"href":"http:\/\/testing-dev.keforma.ch\/de\/wp-json\/wp\/v2\/product\/10273\/revisions"}],"wp:featuredmedia":[{"embeddable":true,"href":"http:\/\/testing-dev.keforma.ch\/de\/wp-json\/wp\/v2\/media\/19635"}],"wp:attachment":[{"href":"http:\/\/testing-dev.keforma.ch\/de\/wp-json\/wp\/v2\/media?parent=10273"}],"wp:term":[{"taxonomy":"product_brand","embeddable":true,"href":"http:\/\/testing-dev.keforma.ch\/de\/wp-json\/wp\/v2\/product_brand?post=10273"},{"taxonomy":"product_cat","embeddable":true,"href":"http:\/\/testing-dev.keforma.ch\/de\/wp-json\/wp\/v2\/product_cat?post=10273"},{"taxonomy":"product_tag","embeddable":true,"href":"http:\/\/testing-dev.keforma.ch\/de\/wp-json\/wp\/v2\/product_tag?post=10273"}],"curies":[{"name":"wp","href":"https:\/\/api.w.org\/{rel}","templated":true}]}}