{"id":10278,"date":"2022-10-12T22:13:09","date_gmt":"2022-10-12T22:13:09","guid":{"rendered":"https:\/\/xmy.ch\/shop\/hydro-gold-90-eiweisspulver\/"},"modified":"2025-07-15T19:38:46","modified_gmt":"2025-07-15T19:38:46","slug":"eiweisspulver-hydro-gold-90","status":"publish","type":"product","link":"http:\/\/testing-dev.keforma.ch\/de\/prodotto\/eiweisspulver-hydro-gold-90\/","title":{"rendered":"Eiwei\u00dfpulver Hydro Gold 90"},"content":{"rendered":"<div id=\"wd-6057fb79eb014\" class=\"wd-text-block-wrapper wd-wpb wd-rs-6057fb79eb014 color-scheme-dark text-left vc_custom_1616378763982\">\n<div class=\"woodmart-title-container woodmart-text-block reset-last-child font-primary wd-font-weight-400 \">\n<div id=\"wd-600ab098bf93b\" class=\"wd-text-block-wrapper wd-wpb wd-rs-600ab098bf93b color-scheme-dark text-left vc_custom_1611313320399\">\n<div class=\"woodmart-title-container woodmart-text-block reset-last-child font-primary wd-font-weight-400 \">\n<div id=\"wd-600ad97ea5dc6\" class=\"wd-text-block-wrapper wd-wpb wd-rs-600ad97ea5dc6 color-scheme-dark text-left vc_custom_1611323802098\">\n<div class=\"woodmart-title-container woodmart-text-block reset-last-child font-primary wd-font-weight-400 \">\n<div id=\"wd-5fa8543d224e5\" class=\"wd-text-block-wrapper wd-wpb wd-rs-5fa8543d224e5 color-scheme-dark text-left vc_custom_1604867144607\">\n<div class=\"woodmart-title-container woodmart-text-block reset-last-child font-primary wd-font-weight-400 \">\n<div id=\"wd-5fa80b5e3c0f9\" class=\"wd-text-block-wrapper wd-wpb wd-rs-5fa80b5e3c0f9 color-scheme-dark text-left vc_custom_1604848488366\">\n<div class=\"woodmart-title-container woodmart-text-block reset-last-child font-primary wd-font-weight-400 \">\n<p><b>HYDROGOLD 90<\/b> ist das Premium <b>hydrolysierte Eiwei\u00dfpulver<\/b>, das ausschlie\u00dflich Optipep\u00ae 90 DH4 Instant hydrolysiertes Molkenprotein enth\u00e4lt.<br \/>\nDieses Protein gilt in der Sportwelt als das Beste seiner Art und setzt neue Ma\u00dfst\u00e4be in Sachen Qualit\u00e4t und Leistung. Es handelt sich um ein enzymatisch hydrolysiertes Molkenproteinisolat, das sich durch eine sehr hohe biologische Wertigkeit (104) auszeichnet.<br \/>\nMit einem beeindruckend hohen Proteingehalt und einem geringen Laktoseanteil ist HYDROGOLD 90 zudem glutenfrei, was es zu einer hervorragenden Wahl f\u00fcr Sportler und gesundheitsbewusste Menschen mit speziellen Ern\u00e4hrungsbed\u00fcrfnissen macht.<br \/>\nWenn Sie ein ultraschnelles und hochverdauliches Protein suchen, das Ihre Muskeln schnell mit den notwendigen Aminos\u00e4uren versorgt und die Regeneration f\u00f6rdert, ist dieses <b>hydrolysierte Eiwei\u00dfpulver<\/b> die ideale L\u00f6sung.<br \/>\nErleben Sie die Vorteile der <b>schnellen Proteine Regeneration<\/b> mit dem weltweit besten Protein in HYDROGOLD 90.<\/p>\n<\/div>\n<\/div>\n<\/div>\n<\/div>\n<\/div>\n<\/div>\n<\/div>\n<\/div>\n<\/div>\n<\/div>\n<div class=\"wpb_text_column wpb_content_element vc_custom_1616378936846 text-larger\">\n<div class=\"wpb_wrapper\"><\/div>\n<\/div>\n<div class=\"wpb_text_column wpb_content_element vc_custom_1616205360806 text-larger\">\n<div class=\"wpb_wrapper\">\n<p><img loading=\"lazy\" decoding=\"async\" class=\"wd-lazy-load woodmart-lazy-load wd-lazy-fade info-icon image-1 wd-loaded\" style=\"text-align: center;\" title=\"KF_Logo-Feature-Rot\" src=\"http:\/\/testing-dev.keforma.ch\/wp-content\/uploads\/2020\/09\/KF_Logo-Feature-Red-45x45.png\" alt=\"KF_Logo-Feature-Rot\" width=\"22\" height=\"22\" data-wood-src=\"http:\/\/testing-dev.keforma.ch\/wp-content\/uploads\/2020\/09\/KF_Logo-Feature-Red-45x45.png\" data-pagespeed-url-hash=\"3879490219\" \/> 90% Proteingehalt<span style=\"text-align: center;\"><br \/>\n<img loading=\"lazy\" decoding=\"async\" class=\"wd-lazy-load woodmart-lazy-load wd-lazy-fade info-icon image-1 wd-loaded\" style=\"text-align: center;\" title=\"KF_Logo-Feature-Rot\" src=\"http:\/\/testing-dev.keforma.ch\/wp-content\/uploads\/2020\/09\/KF_Logo-Feature-Red-45x45.png\" alt=\"KF_Logo-Feature-Rot\" width=\"22\" height=\"22\" data-wood-src=\"http:\/\/testing-dev.keforma.ch\/wp-content\/uploads\/2020\/09\/KF_Logo-Feature-Red-45x45.png\" data-pagespeed-url-hash=\"3879490219\" \/> Hoher Gehalt an BCAA und A.E.<br \/>\n<img loading=\"lazy\" decoding=\"async\" class=\"wd-lazy-load woodmart-lazy-load wd-lazy-fade info-icon image-1 wd-loaded\" style=\"text-align: center;\" title=\"KF_Logo-Feature-Rot\" src=\"http:\/\/testing-dev.keforma.ch\/wp-content\/uploads\/2020\/09\/KF_Logo-Feature-Red-45x45.png\" alt=\"KF_Logo-Feature-Rot\" width=\"22\" height=\"22\" data-wood-src=\"http:\/\/testing-dev.keforma.ch\/wp-content\/uploads\/2020\/09\/KF_Logo-Feature-Red-45x45.png\" data-pagespeed-url-hash=\"3879490219\" \/> Schnelle Aufnahme und Verdauung<br \/>\n<img loading=\"lazy\" decoding=\"async\" class=\"wd-lazy-load woodmart-lazy-load wd-lazy-fade info-icon image-1 wd-loaded\" style=\"text-align: center;\" title=\"KF_Logo-Feature-Rot\" src=\"http:\/\/testing-dev.keforma.ch\/wp-content\/uploads\/2020\/09\/KF_Logo-Feature-Red-45x45.png\" alt=\"KF_Logo-Feature-Rot\" width=\"22\" height=\"22\" data-wood-src=\"http:\/\/testing-dev.keforma.ch\/wp-content\/uploads\/2020\/09\/KF_Logo-Feature-Red-45x45.png\" data-pagespeed-url-hash=\"3879490219\" \/><\/span>Glutenfrei, zuckerarm und laktosefrei (&lt;0,2%)<\/p>\n<p>&nbsp;<\/p>\n<\/div>\n<\/div>\n","protected":false},"excerpt":{"rendered":"<table class=\"bda-state-product\">\n<thead>\n<tr>\n<th class=\"bda-color\"><a href=\"de\/categoria-prodotto\/vor\/\">Vor<\/a><\/th>\n<th class=\"bda-gray\"><a href=\"de\/categoria-prodotto\/wahrend\/\">W\u00e4hrend<\/a><\/th>\n<th class=\"bda-color\"><a href=\"de\/categoria-prodotto\/nach\/\">Nach<\/a><\/th>\n<\/tr>\n<\/thead>\n<\/table>\n<p><b>HYDROGOLD 90<\/b> ist das Premium <b>hydrolysierte Eiwei\u00dfpulver<\/b> mit <b>Optipep\u00ae 90 DH4<\/b> f\u00fcr ultraschnelle Muskelversorgung und optimale <b>schnelle Proteine Regeneration<\/b> nach dem Training.<\/p>\n","protected":false},"featured_media":19671,"comment_status":"open","ping_status":"closed","template":"","meta":[],"product_brand":[],"product_cat":[641,525,527],"product_tag":[649,652,648,650,651,653,654],"class_list":{"0":"post-10278","1":"product","2":"type-product","3":"status-publish","4":"has-post-thumbnail","6":"product_cat-eiweis","7":"product_cat-erste","8":"product_cat-nach","9":"product_tag-ausdauer","10":"product_tag-laufen","11":"product_tag-radfahren","12":"product_tag-schwimmen","13":"product_tag-strom","14":"product_tag-triathlon-de","15":"product_tag-wellness-de","17":"first","18":"instock","19":"taxable","20":"shipping-taxable","21":"purchasable","22":"product-type-variable","23":"has-default-attributes"},"_links":{"self":[{"href":"http:\/\/testing-dev.keforma.ch\/de\/wp-json\/wp\/v2\/product\/10278","targetHints":{"allow":["GET"]}}],"collection":[{"href":"http:\/\/testing-dev.keforma.ch\/de\/wp-json\/wp\/v2\/product"}],"about":[{"href":"http:\/\/testing-dev.keforma.ch\/de\/wp-json\/wp\/v2\/types\/product"}],"replies":[{"embeddable":true,"href":"http:\/\/testing-dev.keforma.ch\/de\/wp-json\/wp\/v2\/comments?post=10278"}],"version-history":[{"count":0,"href":"http:\/\/testing-dev.keforma.ch\/de\/wp-json\/wp\/v2\/product\/10278\/revisions"}],"wp:featuredmedia":[{"embeddable":true,"href":"http:\/\/testing-dev.keforma.ch\/de\/wp-json\/wp\/v2\/media\/19671"}],"wp:attachment":[{"href":"http:\/\/testing-dev.keforma.ch\/de\/wp-json\/wp\/v2\/media?parent=10278"}],"wp:term":[{"taxonomy":"product_brand","embeddable":true,"href":"http:\/\/testing-dev.keforma.ch\/de\/wp-json\/wp\/v2\/product_brand?post=10278"},{"taxonomy":"product_cat","embeddable":true,"href":"http:\/\/testing-dev.keforma.ch\/de\/wp-json\/wp\/v2\/product_cat?post=10278"},{"taxonomy":"product_tag","embeddable":true,"href":"http:\/\/testing-dev.keforma.ch\/de\/wp-json\/wp\/v2\/product_tag?post=10278"}],"curies":[{"name":"wp","href":"https:\/\/api.w.org\/{rel}","templated":true}]}}