{"id":19555,"date":"2025-03-14T12:14:39","date_gmt":"2025-03-14T12:14:39","guid":{"rendered":"https:\/\/keforma.ch\/?post_type=product&#038;p=19555"},"modified":"2025-07-15T17:09:20","modified_gmt":"2025-07-15T17:09:20","slug":"nahrungserganzung-hydroflex-kollagen-copia","status":"publish","type":"product","link":"http:\/\/testing-dev.keforma.ch\/de\/prodotto\/nahrungserganzung-hydroflex-kollagen-copia\/","title":{"rendered":"Nahrungserg\u00e4nzungsmittel KeCOLLAGEN"},"content":{"rendered":"<div id=\"wd-600aef8476f41\" class=\"wd-text-block-wrapper wd-wpb wd-rs-600aef8476f41 color-scheme-dark text-left vc_custom_1611329428846\">\n<div class=\"woodmart-title-container woodmart-text-block reset-last-child font-primary wd-font-weight-400 \">\n<div id=\"wd-5fafbca251970\" class=\"wd-text-block-wrapper wd-wpb wd-rs-5fafbca251970 color-scheme-dark text-left vc_custom_1605352620193\">\n<div class=\"woodmart-title-container woodmart-text-block reset-last-child font-primary wd-font-weight-400 \">\n<div id=\"wd-5fad4a10ebb94\" class=\"wd-text-block-wrapper wd-wpb wd-rs-5fad4a10ebb94 color-scheme-dark text-left vc_custom_1605192243372\">\n<div class=\"woodmart-title-container woodmart-text-block reset-last-child font-primary wd-font-weight-400 \">\n<div id=\"wd-60c05e5639da8\" class=\"wd-text-block-wrapper wd-wpb wd-rs-60c05e5639da8 color-scheme-dark text-left vc_custom_1623219823775\">\n<div class=\"woodmart-title-container woodmart-text-block reset-last-child font-primary wd-font-weight-400 \">\n<div id=\"wd-60ad03f145393\" class=\"wd-text-block-wrapper wd-wpb wd-rs-60ad03f145393 color-scheme-dark text-left vc_custom_1621951500972\">\n<div class=\"woodmart-title-container woodmart-text-block reset-last-child font-primary wd-font-weight-400 \">\n<div id=\"wd-600c0a0356b37\" class=\"wd-text-block-wrapper wd-wpb wd-rs-600c0a0356b37 color-scheme-dark text-left vc_custom_1611401764776\">\n<div class=\"woodmart-title-container woodmart-text-block reset-last-child font-primary wd-font-weight-400 \">\n<div id=\"wd-5fa9a79765c14\" class=\"wd-text-block-wrapper wd-wpb wd-rs-5fa9a79765c14 color-scheme-dark text-left vc_custom_1604954043803\">\n<div class=\"woodmart-title-container woodmart-text-block reset-last-child font-primary wd-font-weight-400 \">\n<div id=\"wd-5faa89316f5c1\" class=\"wd-text-block-wrapper wd-wpb wd-rs-5faa89316f5c1 color-scheme-dark text-left vc_custom_1605011778542\">\n<div class=\"woodmart-title-container woodmart-text-block reset-last-child font-primary wd-font-weight-400 \">\n<div id=\"wd-5faff2d725a7a\" class=\"wd-text-block-wrapper wd-wpb wd-rs-5faff2d725a7a color-scheme-dark text-left vc_custom_1605366567101\">\n<div class=\"woodmart-title-container woodmart-text-block reset-last-child font-primary wd-font-weight-400 \">\n<div id=\"wd-600aee2352850\" class=\"wd-text-block-wrapper wd-wpb wd-rs-600aee2352850 color-scheme-dark text-left vc_custom_1611329086610\">\n<div class=\"woodmart-title-container woodmart-text-block reset-last-child font-primary wd-font-weight-400 \">\n<p><b>Ke Collagen<\/b> ist eine essenzielle <b>Kollagen Nahrungserg\u00e4nzung<\/b> f\u00fcr das ganzheitliche Wohlbefinden Ihrer Haut und Gelenke. Die fortschrittliche Formel enth\u00e4lt hochwertiges <b>hydrolysiertes Kollagen<\/b>, Hyalurons\u00e4ure und Zink, die sich leicht aufl\u00f6sen und geschmacksneutral in Ihre t\u00e4gliche Routine integrieren lassen. Angereichert mit Vitamin C, wirkt Ke Collagen tiefgreifend, um Falten zu gl\u00e4tten und der Haut ein hydratisiertes, straffes und jugendliches Aussehen zu verleihen.<\/p>\n<p>Dieses <b>hydrolysierte Kollagen<\/b> ist nicht nur f\u00fcr eine sch\u00f6ne Haut, sondern auch f\u00fcr die Unterst\u00fctzung von Sehnen und Gelenken von gro\u00dfer Bedeutung, da es zu deren Gesundheit und Flexibilit\u00e4t beitr\u00e4gt. Ke Collagen ist die ideale L\u00f6sung f\u00fcr alle, die sich rundum wohlf\u00fchlen, die Zeichen der Hautalterung wirksam bek\u00e4mpfen und die Beweglichkeit der Gelenke verbessern wollen. Zudem ist Ke Collagen zucker-, laktose- und glutenfrei, wodurch es sich hervorragend an verschiedene Ern\u00e4hrungsbed\u00fcrfnisse anpasst.<\/p>\n<\/div>\n<div><\/div>\n<\/div>\n<\/div>\n<\/div>\n<\/div>\n<\/div>\n<\/div>\n<\/div>\n<\/div>\n<\/div>\n<\/div>\n<\/div>\n<\/div>\n<\/div>\n<\/div>\n<\/div>\n<\/div>\n<\/div>\n<\/div>\n<\/div>\n<div class=\"wpb_text_column wpb_content_element vc_custom_1616205360806 text-larger\">\n<div class=\"wpb_wrapper\">\n<p><img loading=\"lazy\" decoding=\"async\" class=\"wd-lazy-load woodmart-lazy-load wd-lazy-fade info-icon image-1 wd-loaded\" style=\"text-align: center;\" title=\"KF_Logo-Charakteristik-Rot\" src=\"http:\/\/testing-dev.keforma.ch\/wp-content\/uploads\/2020\/09\/KF_Logo-Feature-Red-45x45.png\" alt=\"KF_Logo-Charakteristik-Rot\" width=\"22\" height=\"22\" data-wood-src=\"http:\/\/testing-dev.keforma.ch\/wp-content\/uploads\/2020\/09\/KF_Logo-Feature-Red-45x45.png\" data-pagespeed-url-hash=\"3879490219\" \/> Junge, strahlende Haut<span style=\"text-align: center;\"><br \/>\n<img loading=\"lazy\" decoding=\"async\" class=\"wd-lazy-load woodmart-lazy-load wd-lazy-fade info-icon image-1 wd-loaded\" style=\"text-align: center;\" title=\"KF_Logo-Charakteristik-Rot\" src=\"http:\/\/testing-dev.keforma.ch\/wp-content\/uploads\/2020\/09\/KF_Logo-Feature-Red-45x45.png\" alt=\"KF_Logo-Charakteristik-Rot\" width=\"22\" height=\"22\" data-wood-src=\"http:\/\/testing-dev.keforma.ch\/wp-content\/uploads\/2020\/09\/KF_Logo-Feature-Red-45x45.png\" data-pagespeed-url-hash=\"3879490219\" \/> Starke und flexible Gelenke<\/span><br \/>\n<span style=\"text-align: center;\"><img loading=\"lazy\" decoding=\"async\" class=\"wd-lazy-load woodmart-lazy-load wd-lazy-fade info-icon image-1 wd-loaded\" style=\"text-align: center;\" title=\"KF_Logo-Charakteristik-Rot\" src=\"http:\/\/testing-dev.keforma.ch\/wp-content\/uploads\/2020\/09\/KF_Logo-Feature-Red-45x45.png\" alt=\"KF_Logo-Charakteristik-Rot\" width=\"22\" height=\"22\" data-wood-src=\"http:\/\/testing-dev.keforma.ch\/wp-content\/uploads\/2020\/09\/KF_Logo-Feature-Red-45x45.png\" data-pagespeed-url-hash=\"3879490219\" \/> Wirkt der Alterung entgegen<\/span><br \/>\n<span style=\"text-align: center;\"><img loading=\"lazy\" decoding=\"async\" class=\"wd-lazy-load woodmart-lazy-load wd-lazy-fade info-icon image-1 wd-loaded\" style=\"text-align: center;\" title=\"KF_Logo-Charakteristik-Rot\" src=\"http:\/\/testing-dev.keforma.ch\/wp-content\/uploads\/2020\/09\/KF_Logo-Feature-Red-45x45.png\" alt=\"KF_Logo-Charakteristik-Rot\" width=\"22\" height=\"22\" data-wood-src=\"http:\/\/testing-dev.keforma.ch\/wp-content\/uploads\/2020\/09\/KF_Logo-Feature-Red-45x45.png\" data-pagespeed-url-hash=\"3879490219\" \/> Zucker-, laktose- und glutenfrei<br \/>\n<\/span><\/p>\n<\/div>\n<\/div>\n","protected":false},"excerpt":{"rendered":"<table class=\"bda-state-product\">\n<thead>\n<tr>\n<th class=\"bda-color\"><a href=\"\/categoria-prodotto\/prima\/\">Erste<\/a><\/th>\n<th class=\"bda-gray\"><a href=\"\/categoria-prodotto\/durante\/\">W\u00e4hrend<\/a><\/th>\n<th class=\"bda-color\"><a href=\"\/categoria-prodotto\/dopo\/\">Nach<\/a><\/th>\n<\/tr>\n<\/thead>\n<\/table>\n<p><b>Ke Collagen<\/b> ist eine hochwertige <b>Kollagen Nahrungserg\u00e4nzung<\/b> mit hydrolysiertem Kollagen, Hyalurons\u00e4ure und Zink, die Haut und Gelenke sch\u00fctzt und die Beweglichkeit verbessert.<\/p>\n","protected":false},"featured_media":19561,"comment_status":"open","ping_status":"closed","template":"","meta":[],"product_brand":[],"product_cat":[525,527,642],"product_tag":[649,657,659,647,658,652,655,648,650,656,651,653,654],"class_list":{"0":"post-19555","1":"product","2":"type-product","3":"status-publish","4":"has-post-thumbnail","6":"product_cat-erste","7":"product_cat-nach","8":"product_cat-wohlbefinden","9":"product_tag-ausdauer","10":"product_tag-body-building-de","11":"product_tag-fitness-de","12":"product_tag-fusball","13":"product_tag-gymnasium","14":"product_tag-laufen","15":"product_tag-leichtathletik","16":"product_tag-radfahren","17":"product_tag-schwimmen","18":"product_tag-skifahren","19":"product_tag-strom","20":"product_tag-triathlon-de","21":"product_tag-wellness-de","23":"first","24":"instock","25":"taxable","26":"shipping-taxable","27":"purchasable","28":"product-type-variable","29":"has-default-attributes"},"_links":{"self":[{"href":"http:\/\/testing-dev.keforma.ch\/de\/wp-json\/wp\/v2\/product\/19555","targetHints":{"allow":["GET"]}}],"collection":[{"href":"http:\/\/testing-dev.keforma.ch\/de\/wp-json\/wp\/v2\/product"}],"about":[{"href":"http:\/\/testing-dev.keforma.ch\/de\/wp-json\/wp\/v2\/types\/product"}],"replies":[{"embeddable":true,"href":"http:\/\/testing-dev.keforma.ch\/de\/wp-json\/wp\/v2\/comments?post=19555"}],"version-history":[{"count":0,"href":"http:\/\/testing-dev.keforma.ch\/de\/wp-json\/wp\/v2\/product\/19555\/revisions"}],"wp:featuredmedia":[{"embeddable":true,"href":"http:\/\/testing-dev.keforma.ch\/de\/wp-json\/wp\/v2\/media\/19561"}],"wp:attachment":[{"href":"http:\/\/testing-dev.keforma.ch\/de\/wp-json\/wp\/v2\/media?parent=19555"}],"wp:term":[{"taxonomy":"product_brand","embeddable":true,"href":"http:\/\/testing-dev.keforma.ch\/de\/wp-json\/wp\/v2\/product_brand?post=19555"},{"taxonomy":"product_cat","embeddable":true,"href":"http:\/\/testing-dev.keforma.ch\/de\/wp-json\/wp\/v2\/product_cat?post=19555"},{"taxonomy":"product_tag","embeddable":true,"href":"http:\/\/testing-dev.keforma.ch\/de\/wp-json\/wp\/v2\/product_tag?post=19555"}],"curies":[{"name":"wp","href":"https:\/\/api.w.org\/{rel}","templated":true}]}}