{"id":21102,"date":"2025-09-03T19:27:38","date_gmt":"2025-09-03T19:27:38","guid":{"rendered":"https:\/\/keforma.ch\/prodotto\/t-shirt-keforma-ch-von-compressport\/"},"modified":"2025-09-03T19:27:38","modified_gmt":"2025-09-03T19:27:38","slug":"t-shirt-keforma-ch-von-compressport","status":"publish","type":"product","link":"http:\/\/testing-dev.keforma.ch\/de\/prodotto\/t-shirt-keforma-ch-von-compressport\/","title":{"rendered":"T-Shirt KeFORMA.CH von Compressport"},"content":{"rendered":"<p><b>Exklusives Running KeFORMA.CH T-Shirt von Compressport<\/b><\/p>\n<p>Sie suchen das perfekte Laufshirt? Kombinieren Sie Stil, Design und Leistung mit unseren <b>technischen KeFORMA-T-Shirts<\/b>, die in Zusammenarbeit mit <b>Compressport<\/b>, dem Weltmarktf\u00fchrer f\u00fcr Sportkompression, entwickelt wurden. Dies ist nicht einfach nur ein T-Shirt: Es ist das Ergebnis einer exklusiven Partnerschaft, die das Beste aus Innovation und Qualit\u00e4t vereint.  <\/p>\n<p>Unsere T-Shirts sind ideal f\u00fcr alle, die sich nicht damit zufrieden geben. Sie bieten <b>ultimative Leistung und Stil<\/b>. Egal, ob du in der Ebene l\u00e4ufst oder Bergpfade in Angriff nimmst, ihr sportlicher Schnitt, kombiniert mit gezielten Bel\u00fcftungszonen, garantiert au\u00dfergew\u00f6hnlichen Komfort und effektive Thermoregulation. <\/p>\n<p>Jedes Hemd ist das Ergebnis einer Verpflichtung zu Qualit\u00e4t und Nachhaltigkeit. Hergestellt in der Euromed-Region, gew\u00e4hrleistet die Partnerschaft mit Compressport technische und langlebige Materialien mit einem starken Fokus auf R\u00fcckverfolgbarkeit und reduzierte Umweltauswirkungen. <\/p>\n<p class=\"sublabel mb-3\">90% Polyamid 10% Elastan<\/p>\n<p><img decoding=\"async\" class=\"w-50 my-2\" src=\"https:\/\/www.compressport.com\/ch\/img\/prods_entretien.png\"><\/p>\n","protected":false},"excerpt":{"rendered":"<h5><b>Compressport by KeFORMA Running T-Shirt: Komfort und Leistung<\/b><\/h5>\n<p>Sie suchen das perfekte Laufshirt, das Komfort und Spitzentechnologie vereint? Unser brandneues <b>KeFORMA.CH by Compressport Kurzarm-T-Shirt<\/b> wurde f\u00fcr Sie entwickelt. Egal, ob Sie eine enge Passform oder ein weniger einschneidendes Gef\u00fchl bevorzugen, dieses technische Trikot bietet die richtige Balance zwischen Stil und Funktionalit\u00e4t.  <\/p>\n","protected":false},"featured_media":20972,"comment_status":"open","ping_status":"closed","template":"","meta":[],"product_brand":[792],"product_cat":[529],"product_tag":[],"class_list":{"0":"post-21102","1":"product","2":"type-product","3":"status-publish","4":"has-post-thumbnail","6":"product_brand-keforma-ch-by-compressport","7":"product_cat-werbegeschenk","9":"first","10":"instock","11":"taxable","12":"shipping-taxable","13":"purchasable","14":"product-type-variable"},"_links":{"self":[{"href":"http:\/\/testing-dev.keforma.ch\/de\/wp-json\/wp\/v2\/product\/21102","targetHints":{"allow":["GET"]}}],"collection":[{"href":"http:\/\/testing-dev.keforma.ch\/de\/wp-json\/wp\/v2\/product"}],"about":[{"href":"http:\/\/testing-dev.keforma.ch\/de\/wp-json\/wp\/v2\/types\/product"}],"replies":[{"embeddable":true,"href":"http:\/\/testing-dev.keforma.ch\/de\/wp-json\/wp\/v2\/comments?post=21102"}],"version-history":[{"count":0,"href":"http:\/\/testing-dev.keforma.ch\/de\/wp-json\/wp\/v2\/product\/21102\/revisions"}],"wp:featuredmedia":[{"embeddable":true,"href":"http:\/\/testing-dev.keforma.ch\/de\/wp-json\/wp\/v2\/media\/20972"}],"wp:attachment":[{"href":"http:\/\/testing-dev.keforma.ch\/de\/wp-json\/wp\/v2\/media?parent=21102"}],"wp:term":[{"taxonomy":"product_brand","embeddable":true,"href":"http:\/\/testing-dev.keforma.ch\/de\/wp-json\/wp\/v2\/product_brand?post=21102"},{"taxonomy":"product_cat","embeddable":true,"href":"http:\/\/testing-dev.keforma.ch\/de\/wp-json\/wp\/v2\/product_cat?post=21102"},{"taxonomy":"product_tag","embeddable":true,"href":"http:\/\/testing-dev.keforma.ch\/de\/wp-json\/wp\/v2\/product_tag?post=21102"}],"curies":[{"name":"wp","href":"https:\/\/api.w.org\/{rel}","templated":true}]}}