{"id":10128,"date":"2022-10-09T10:41:23","date_gmt":"2022-10-09T10:41:23","guid":{"rendered":"https:\/\/xmy.ch\/shop\/barre-energetique-ke\/"},"modified":"2025-07-14T10:03:28","modified_gmt":"2025-07-14T10:03:28","slug":"barre-energetique-ke-energy","status":"publish","type":"product","link":"http:\/\/testing-dev.keforma.ch\/fr\/prodotto\/barre-energetique-ke-energy\/","title":{"rendered":"Barre \u00e9nerg\u00e9tique Ke Energy"},"content":{"rendered":"<div id=\"wd-600ab02c18b27\" class=\"wd-text-block-wrapper wd-wpb wd-rs-600ab02c18b27 color-scheme-dark text-left vc_custom_1611313204556\">\n<div class=\"woodmart-title-container woodmart-text-block reset-last-child font-primary wd-font-weight-400 \">\n<div id=\"wd-60ace97677bb7\" class=\"wd-text-block-wrapper wd-wpb wd-rs-60ace97677bb7 color-scheme-dark text-left vc_custom_1621944734920\">\n<div class=\"woodmart-title-container woodmart-text-block reset-last-child font-primary wd-font-weight-400 \">\n<p>La <b>barre \u00e9nerg\u00e9tique KE ENERGY<\/b> se distingue par sa capacit\u00e9 \u00e0 fournir de l&rsquo;\u00e9nergie \u00e0 partir de sources diversifi\u00e9es : glucides, graisses et prot\u00e9ines.<br \/>\nElle est exceptionnellement riche en oligo-\u00e9l\u00e9ments et min\u00e9raux essentiels, gr\u00e2ce \u00e0 un m\u00e9lange parfait de fruits secs moulus tels que les amandes, les noix, les cacahu\u00e8tes, les pistaches et les sultanines.<br \/>\nDe plus, cette <b>barre \u00e9nerg\u00e9tique aux fruits secs<\/b> est enrichie en b\u00e9ta\u00efne, un nutraceutique v\u00e9g\u00e9tal extrait de la Beta Vulgaris (blette), reconnu pour ses propri\u00e9t\u00e9s favorisant la mobilisation et l&rsquo;utilisation des lipides par le foie.<br \/>\nUn choix id\u00e9al pour les sportifs et tous ceux qui recherchent un apport \u00e9nerg\u00e9tique complet et naturel.<\/p>\n<\/div>\n<\/div>\n<div class=\"wpb_text_column wpb_content_element vc_custom_1621944907759 text-larger\">\n<div class=\"wpb_wrapper\">\n<p><img loading=\"lazy\" decoding=\"async\" class=\"wd-lazy-load woodmart-lazy-load wd-lazy-fade info-icon image-1 wd-loaded\" style=\"text-align: center;\" title=\"KF_Logo-Feature-Red\" src=\"http:\/\/testing-dev.keforma.ch\/wp-content\/uploads\/2020\/09\/KF_Logo-Feature-Red-45x45.png\" alt=\"KF_Logo-Feature-Red\" width=\"22\" height=\"22\" data-wood-src=\"http:\/\/testing-dev.keforma.ch\/wp-content\/uploads\/2020\/09\/KF_Logo-Feature-Red-45x45.png\" data-pagespeed-url-hash=\"3879490219\" \/> 100% naturel<br \/>\n<img loading=\"lazy\" decoding=\"async\" class=\"wd-lazy-load woodmart-lazy-load wd-lazy-fade info-icon image-1 wd-loaded\" style=\"text-align: center;\" title=\"KF_Logo-Feature-Red\" src=\"http:\/\/testing-dev.keforma.ch\/wp-content\/uploads\/2020\/09\/KF_Logo-Feature-Red-45x45.png\" alt=\"KF_Logo-Feature-Red\" width=\"22\" height=\"22\" data-wood-src=\"http:\/\/testing-dev.keforma.ch\/wp-content\/uploads\/2020\/09\/KF_Logo-Feature-Red-45x45.png\" data-pagespeed-url-hash=\"3879490219\" \/><span style=\"text-align: center;\"> Recharge d&rsquo;\u00e9nergie<br \/>\n<\/span><img loading=\"lazy\" decoding=\"async\" class=\"wd-lazy-load woodmart-lazy-load wd-lazy-fade info-icon image-1 wd-loaded\" style=\"text-align: center;\" title=\"KF_Logo-Feature-Red\" src=\"http:\/\/testing-dev.keforma.ch\/wp-content\/uploads\/2020\/09\/KF_Logo-Feature-Red-45x45.png\" alt=\"KF_Logo-Feature-Red\" width=\"22\" height=\"22\" data-wood-src=\"http:\/\/testing-dev.keforma.ch\/wp-content\/uploads\/2020\/09\/KF_Logo-Feature-Red-45x45.png\" data-pagespeed-url-hash=\"3879490219\" \/><span style=\"text-align: center;\"> Sans lactose et sans gluten<br \/>\n<\/span><img loading=\"lazy\" decoding=\"async\" class=\"wd-lazy-load woodmart-lazy-load wd-lazy-fade info-icon image-1 wd-loaded\" style=\"text-align: center;\" title=\"KF_Logo-Feature-Red\" src=\"http:\/\/testing-dev.keforma.ch\/wp-content\/uploads\/2020\/09\/KF_Logo-Feature-Red-45x45.png\" alt=\"KF_Logo-Feature-Red\" width=\"22\" height=\"22\" data-wood-src=\"http:\/\/testing-dev.keforma.ch\/wp-content\/uploads\/2020\/09\/KF_Logo-Feature-Red-45x45.png\" data-pagespeed-url-hash=\"3879490219\" \/><span style=\"text-align: center;\"> Sans huile de palme<\/span><\/p>\n<\/div>\n<\/div>\n<\/div>\n<\/div>\n","protected":false},"excerpt":{"rendered":"<table class=\"bda-state-product\">\n<thead>\n<tr>\n<th class=\"bda-color\"><a href=\"fr\/categoria-prodotto\/avant\/\">Avant<\/a><\/th>\n<th class=\"bda-color\"><a href=\"fr\/categoria-prodotto\/pendant\/\">Pendant<\/a><\/th>\n<th class=\"bda-gray\"><a href=\"fr\/categoria-prodotto\/apres\/\">Apr\u00e8s<\/a><\/th>\n<\/tr>\n<\/thead>\n<\/table>\n<p>KE ENERGY est une <b>barre \u00e9nerg\u00e9tique aux fruits secs<\/b> offrant une \u00e9nergie compl\u00e8te et durable, enrichie en min\u00e9raux et b\u00e9ta\u00efne pour optimiser la performance.<\/p>\n","protected":false},"featured_media":19648,"comment_status":"open","ping_status":"closed","template":"","meta":[],"product_brand":[],"product_cat":[736,558,526],"product_tag":[752,746,747,745,750,748,749,751],"class_list":{"0":"post-10128","1":"product","2":"type-product","3":"status-publish","4":"has-post-thumbnail","6":"product_cat-barres-energetiques","7":"product_cat-pendant","8":"product_cat-premiere","9":"product_tag-bien-etre","10":"product_tag-cyclisme","11":"product_tag-endurance-fr","12":"product_tag-football","13":"product_tag-la-course-a-pied","14":"product_tag-natation","15":"product_tag-puissance","16":"product_tag-triathlon-fr","18":"first","19":"instock","20":"taxable","21":"shipping-taxable","22":"purchasable","23":"product-type-variable"},"_links":{"self":[{"href":"http:\/\/testing-dev.keforma.ch\/fr\/wp-json\/wp\/v2\/product\/10128","targetHints":{"allow":["GET"]}}],"collection":[{"href":"http:\/\/testing-dev.keforma.ch\/fr\/wp-json\/wp\/v2\/product"}],"about":[{"href":"http:\/\/testing-dev.keforma.ch\/fr\/wp-json\/wp\/v2\/types\/product"}],"replies":[{"embeddable":true,"href":"http:\/\/testing-dev.keforma.ch\/fr\/wp-json\/wp\/v2\/comments?post=10128"}],"version-history":[{"count":0,"href":"http:\/\/testing-dev.keforma.ch\/fr\/wp-json\/wp\/v2\/product\/10128\/revisions"}],"wp:featuredmedia":[{"embeddable":true,"href":"http:\/\/testing-dev.keforma.ch\/fr\/wp-json\/wp\/v2\/media\/19648"}],"wp:attachment":[{"href":"http:\/\/testing-dev.keforma.ch\/fr\/wp-json\/wp\/v2\/media?parent=10128"}],"wp:term":[{"taxonomy":"product_brand","embeddable":true,"href":"http:\/\/testing-dev.keforma.ch\/fr\/wp-json\/wp\/v2\/product_brand?post=10128"},{"taxonomy":"product_cat","embeddable":true,"href":"http:\/\/testing-dev.keforma.ch\/fr\/wp-json\/wp\/v2\/product_cat?post=10128"},{"taxonomy":"product_tag","embeddable":true,"href":"http:\/\/testing-dev.keforma.ch\/fr\/wp-json\/wp\/v2\/product_tag?post=10128"}],"curies":[{"name":"wp","href":"https:\/\/api.w.org\/{rel}","templated":true}]}}