{"id":10133,"date":"2022-10-10T09:05:32","date_gmt":"2022-10-10T09:05:32","guid":{"rendered":"https:\/\/xmy.ch\/shop\/gel-energetique-maltogel\/"},"modified":"2026-01-06T19:09:55","modified_gmt":"2026-01-06T19:09:55","slug":"gel-energetique-maltogel","status":"publish","type":"product","link":"http:\/\/testing-dev.keforma.ch\/fr\/prodotto\/gel-energetique-maltogel\/","title":{"rendered":"Gel \u00e9nerg\u00e9tique Maltogel"},"content":{"rendered":"<div id=\"wd-600aef8476f41\" class=\"wd-text-block-wrapper wd-wpb wd-rs-600aef8476f41 color-scheme-dark text-left vc_custom_1611329428846\">\n<div class=\"woodmart-title-container woodmart-text-block reset-last-child font-primary wd-font-weight-400 \">\n<div id=\"wd-5fa7dbbe84545\" class=\"wd-text-block-wrapper wd-wpb wd-rs-5fa7dbbe84545 color-scheme-dark text-left vc_custom_1604836317125\">\n<div class=\"woodmart-title-container woodmart-text-block reset-last-child font-primary wd-font-weight-400 \">\n<div id=\"wd-5fa7f355c771a\" class=\"wd-text-block-wrapper wd-wpb wd-rs-5fa7f355c771a color-scheme-dark text-left vc_custom_1604842331704\">\n<div class=\"woodmart-title-container woodmart-text-block reset-last-child font-primary wd-font-weight-400 \">\n<div id=\"wd-5fa7cb061b8c3\" class=\"wd-text-block-wrapper wd-wpb wd-rs-5fa7cb061b8c3 color-scheme-dark text-left vc_custom_1604832057250\">\n<p><b>MALTOGEL<\/b> est le <b>gel \u00e9nerg\u00e9tique maltodextrine<\/b> concentr\u00e9, sp\u00e9cifiquement d\u00e9velopp\u00e9 pour les sports d&rsquo;endurance.<br \/>\nIl est compos\u00e9 de maltodextrines pures (cha\u00eene 21) sous forme de gel, qui agissent pour maintenir un taux de glyc\u00e9mie constant tout au long de votre performance.<br \/>\nLa composition unique de ce <b>gel \u00e9nerg\u00e9tique maltodextrine<\/b>, obtenue par un proc\u00e9d\u00e9 de contr\u00f4le du pH, facilite grandement la digestion et prolonge l&rsquo;apport \u00e9nerg\u00e9tique.<br \/>\nCela le rend id\u00e9al pour les efforts de longue dur\u00e9e o\u00f9 une digestion ais\u00e9e et une gestion efficace des r\u00e9serves d&rsquo;\u00e9nergie sont essentielles pour une performance optimale.<br \/>\nDe plus, MALTOGEL est un produit sans gluten ni lactose, assurant une tol\u00e9rance maximale pour tous les athl\u00e8tes.<\/p>\n<\/div>\n<div class=\"wpb_text_column wpb_content_element vc_custom_1616368690350 text-larger\">\n<div class=\"wpb_wrapper\">\n<p>&nbsp;<\/p>\n<\/div>\n<\/div>\n<\/div>\n<\/div>\n<\/div>\n<\/div>\n<\/div>\n<\/div>\n<div class=\"wpb_text_column wpb_content_element vc_custom_1616205360806 text-larger\">\n<div class=\"wpb_wrapper\">\n<p><img loading=\"lazy\" decoding=\"async\" class=\"wd-lazy-load woodmart-lazy-load wd-lazy-fade info-icon image-1 wd-loaded\" style=\"text-align: center;\" title=\"KF_Logo-Feature-Red\" src=\"http:\/\/testing-dev.keforma.ch\/wp-content\/uploads\/2020\/09\/KF_Logo-Feature-Red-45x45.png\" alt=\"KF_Logo-Feature-Red\" width=\"22\" height=\"22\" data-wood-src=\"http:\/\/testing-dev.keforma.ch\/wp-content\/uploads\/2020\/09\/KF_Logo-Feature-Red-45x45.png\" data-pagespeed-url-hash=\"3879490219\" \/> \u00c9nergie \u00e0 lib\u00e9ration lente<br \/>\n<img loading=\"lazy\" decoding=\"async\" class=\"wd-lazy-load woodmart-lazy-load wd-lazy-fade info-icon image-1 wd-loaded\" style=\"text-align: center;\" title=\"KF_Logo-Feature-Red\" src=\"http:\/\/testing-dev.keforma.ch\/wp-content\/uploads\/2020\/09\/KF_Logo-Feature-Red-45x45.png\" alt=\"KF_Logo-Feature-Red\" width=\"22\" height=\"22\" data-wood-src=\"http:\/\/testing-dev.keforma.ch\/wp-content\/uploads\/2020\/09\/KF_Logo-Feature-Red-45x45.png\" data-pagespeed-url-hash=\"3879490219\" \/> Pas d&rsquo;apport de liquide<br \/>\n<span style=\"text-align: center;\"><img loading=\"lazy\" decoding=\"async\" class=\"wd-lazy-load woodmart-lazy-load wd-lazy-fade info-icon image-1 wd-loaded\" style=\"text-align: center;\" title=\"KF_Logo-Feature-Red\" src=\"http:\/\/testing-dev.keforma.ch\/wp-content\/uploads\/2020\/09\/KF_Logo-Feature-Red-45x45.png\" alt=\"KF_Logo-Feature-Red\" width=\"22\" height=\"22\" data-wood-src=\"http:\/\/testing-dev.keforma.ch\/wp-content\/uploads\/2020\/09\/KF_Logo-Feature-Red-45x45.png\" data-pagespeed-url-hash=\"3879490219\" \/> \u00c9vite les troubles gastro-intestinaux<br \/>\n<img loading=\"lazy\" decoding=\"async\" class=\"wd-lazy-load woodmart-lazy-load wd-lazy-fade info-icon image-1 wd-loaded\" style=\"text-align: center;\" title=\"KF_Logo-Feature-Red\" src=\"http:\/\/testing-dev.keforma.ch\/wp-content\/uploads\/2020\/09\/KF_Logo-Feature-Red-45x45.png\" alt=\"KF_Logo-Feature-Red\" width=\"22\" height=\"22\" data-wood-src=\"http:\/\/testing-dev.keforma.ch\/wp-content\/uploads\/2020\/09\/KF_Logo-Feature-Red-45x45.png\" data-pagespeed-url-hash=\"3879490219\" \/> Glyc\u00e9mie stable<br \/>\n<\/span><\/p>\n<\/div>\n<\/div>\n","protected":false},"excerpt":{"rendered":"<table class=\"bda-state-product\">\n<thead>\n<tr>\n<th class=\"bda-color\"><a href=\"fr\/categoria-prodotto\/avant\/\">Avant<\/a><\/th>\n<th class=\"bda-color\"><a href=\"fr\/categoria-prodotto\/pendant\/\">Pendant<\/a><\/th>\n<th class=\"bda-gray\"><a href=\"fr\/categoria-prodotto\/apres\/\">Apr\u00e8s<\/a><\/th>\n<\/tr>\n<\/thead>\n<\/table>\n<p>MALTOGEL est un <b>gel \u00e9nerg\u00e9tique maltodextrine<\/b> concentr\u00e9 pour l&rsquo;endurance, offrant \u00e9nergie constante, digestion facile et id\u00e9al pour les efforts prolong\u00e9s.<\/p>\n","protected":false},"featured_media":20653,"comment_status":"open","ping_status":"closed","template":"","meta":[],"product_brand":[],"product_cat":[737,558,526],"product_tag":[753,746,747,750,748,754,751],"class_list":{"0":"post-10133","1":"product","2":"type-product","3":"status-publish","4":"has-post-thumbnail","6":"product_cat-gel-fr","7":"product_cat-pendant","8":"product_cat-premiere","9":"product_tag-athletisme","10":"product_tag-cyclisme","11":"product_tag-endurance-fr","12":"product_tag-la-course-a-pied","13":"product_tag-natation","14":"product_tag-ski","15":"product_tag-triathlon-fr","17":"first","18":"instock","19":"taxable","20":"shipping-taxable","21":"purchasable","22":"product-type-variable"},"_links":{"self":[{"href":"http:\/\/testing-dev.keforma.ch\/fr\/wp-json\/wp\/v2\/product\/10133","targetHints":{"allow":["GET"]}}],"collection":[{"href":"http:\/\/testing-dev.keforma.ch\/fr\/wp-json\/wp\/v2\/product"}],"about":[{"href":"http:\/\/testing-dev.keforma.ch\/fr\/wp-json\/wp\/v2\/types\/product"}],"replies":[{"embeddable":true,"href":"http:\/\/testing-dev.keforma.ch\/fr\/wp-json\/wp\/v2\/comments?post=10133"}],"version-history":[{"count":0,"href":"http:\/\/testing-dev.keforma.ch\/fr\/wp-json\/wp\/v2\/product\/10133\/revisions"}],"wp:featuredmedia":[{"embeddable":true,"href":"http:\/\/testing-dev.keforma.ch\/fr\/wp-json\/wp\/v2\/media\/20653"}],"wp:attachment":[{"href":"http:\/\/testing-dev.keforma.ch\/fr\/wp-json\/wp\/v2\/media?parent=10133"}],"wp:term":[{"taxonomy":"product_brand","embeddable":true,"href":"http:\/\/testing-dev.keforma.ch\/fr\/wp-json\/wp\/v2\/product_brand?post=10133"},{"taxonomy":"product_cat","embeddable":true,"href":"http:\/\/testing-dev.keforma.ch\/fr\/wp-json\/wp\/v2\/product_cat?post=10133"},{"taxonomy":"product_tag","embeddable":true,"href":"http:\/\/testing-dev.keforma.ch\/fr\/wp-json\/wp\/v2\/product_tag?post=10133"}],"curies":[{"name":"wp","href":"https:\/\/api.w.org\/{rel}","templated":true}]}}