{"id":10280,"date":"2022-10-12T20:10:57","date_gmt":"2022-10-12T20:10:57","guid":{"rendered":"https:\/\/xmy.ch\/shop\/creatine-creat-de\/"},"modified":"2025-07-14T06:41:22","modified_gmt":"2025-07-14T06:41:22","slug":"creatine-creat-de","status":"publish","type":"product","link":"http:\/\/testing-dev.keforma.ch\/fr\/prodotto\/creatine-creat-de\/","title":{"rendered":"Cr\u00e9atine Creat DE"},"content":{"rendered":"<div id=\"wd-600aef8476f41\" class=\"wd-text-block-wrapper wd-wpb wd-rs-600aef8476f41 color-scheme-dark text-left vc_custom_1611329428846\">\n<div class=\"woodmart-title-container woodmart-text-block reset-last-child font-primary wd-font-weight-400 \">\n<div id=\"wd-5fafbca251970\" class=\"wd-text-block-wrapper wd-wpb wd-rs-5fafbca251970 color-scheme-dark text-left vc_custom_1605352620193\">\n<div class=\"woodmart-title-container woodmart-text-block reset-last-child font-primary wd-font-weight-400 \">\n<div id=\"wd-5fad4a10ebb94\" class=\"wd-text-block-wrapper wd-wpb wd-rs-5fad4a10ebb94 color-scheme-dark text-left vc_custom_1605192243372\">\n<div class=\"woodmart-title-container woodmart-text-block reset-last-child font-primary wd-font-weight-400 \">\n<div id=\"wd-5fa95db83f412\" class=\"wd-text-block-wrapper wd-wpb wd-rs-5fa95db83f412 color-scheme-dark text-left vc_custom_1604935110999\">\n<div class=\"woodmart-title-container woodmart-text-block reset-last-child font-primary wd-font-weight-400 \">\n<div id=\"wd-5fa9a33bcb59f\" class=\"wd-text-block-wrapper wd-wpb wd-rs-5fa9a33bcb59f color-scheme-dark text-left vc_custom_1604952928887\">\n<div class=\"woodmart-title-container woodmart-text-block reset-last-child font-primary wd-font-weight-400 \">\n<div id=\"wd-600acbd460545\" class=\"wd-text-block-wrapper wd-wpb wd-rs-600acbd460545 color-scheme-dark text-left vc_custom_1611320283795\">\n<div class=\"woodmart-title-container woodmart-text-block reset-last-child font-primary wd-font-weight-400 \">\n<div id=\"wd-5fa9ae9f956b0\" class=\"wd-text-block-wrapper wd-wpb wd-rs-5fa9ae9f956b0 color-scheme-dark text-left vc_custom_1604955828948\">\n<div class=\"woodmart-title-container woodmart-text-block reset-last-child font-primary wd-font-weight-400 \">\n<p class=\"p1\"><b>CREAT DE<\/b> est un compl\u00e9ment alimentaire de <b>cr\u00e9atine monohydrate<\/b> pure, formul\u00e9 avec la <b>cr\u00e9atine monohydrate<\/b> Creapure\u00ae Degussa micronis\u00e9e, reconnue mondialement pour sa qualit\u00e9 sup\u00e9rieure.<br \/>\nCette substance naturelle, essentielle \u00e0 la production d&rsquo;\u00e9nergie musculaire, soutient activement le syst\u00e8me de cr\u00e9atine-phosphate, maintenant un rapport ATP\/ADP \u00e9lev\u00e9. Ce processus est crucial pour fournir une \u00e9nergie imm\u00e9diate lors d&rsquo;efforts intenses.<br \/>\nDe nombreuses \u00e9tudes scientifiques ont d\u00e9montr\u00e9 que CREAT DE aide \u00e0 retarder l&rsquo;apparition de la fatigue musculaire, r\u00e9duit l&rsquo;accumulation d&rsquo;acide lactique et favorise l&rsquo;augmentation de la synth\u00e8se des prot\u00e9ines.<br \/>\nCela en fait le compl\u00e9ment id\u00e9al pour les athl\u00e8tes et toute personne cherchant \u00e0 am\u00e9liorer significativement sa performance physique et sa force musculaire.<\/p>\n<\/div>\n<\/div>\n<div class=\"wpb_text_column wpb_content_element vc_custom_1611318812727 text-larger\">\n<div class=\"wpb_wrapper\">\n<p><img loading=\"lazy\" decoding=\"async\" class=\"wd-lazy-load woodmart-lazy-load wd-lazy-fade info-icon image-1 wd-loaded\" style=\"text-align: center;\" title=\"KF_Logo-Feature-Red\" src=\"http:\/\/testing-dev.keforma.ch\/wp-content\/uploads\/2020\/09\/KF_Logo-Feature-Red-45x45.png\" alt=\"KF_Logo-Feature-Red\" width=\"22\" height=\"22\" data-wood-src=\"http:\/\/testing-dev.keforma.ch\/wp-content\/uploads\/2020\/09\/KF_Logo-Feature-Red-45x45.png\" data-pagespeed-url-hash=\"3879490219\" \/> Retarde la fatigue<br \/>\n<img loading=\"lazy\" decoding=\"async\" class=\"wd-lazy-load woodmart-lazy-load wd-lazy-fade info-icon image-1 wd-loaded\" style=\"text-align: center;\" title=\"KF_Logo-Feature-Red\" src=\"http:\/\/testing-dev.keforma.ch\/wp-content\/uploads\/2020\/09\/KF_Logo-Feature-Red-45x45.png\" alt=\"KF_Logo-Feature-Red\" width=\"22\" height=\"22\" data-wood-src=\"http:\/\/testing-dev.keforma.ch\/wp-content\/uploads\/2020\/09\/KF_Logo-Feature-Red-45x45.png\" data-pagespeed-url-hash=\"3879490219\" \/><span style=\"text-align: center;\"> R\u00e9duction de l&rsquo;acide lactique<\/span><span style=\"text-align: center;\"><br \/>\n<\/span><img loading=\"lazy\" decoding=\"async\" class=\"wd-lazy-load woodmart-lazy-load wd-lazy-fade info-icon image-1 wd-loaded\" style=\"text-align: center;\" title=\"KF_Logo-Feature-Red\" src=\"http:\/\/testing-dev.keforma.ch\/wp-content\/uploads\/2020\/09\/KF_Logo-Feature-Red-45x45.png\" alt=\"KF_Logo-Feature-Red\" width=\"22\" height=\"22\" data-wood-src=\"http:\/\/testing-dev.keforma.ch\/wp-content\/uploads\/2020\/09\/KF_Logo-Feature-Red-45x45.png\" data-pagespeed-url-hash=\"3879490219\" \/><span style=\"text-align: center;\"> Sans lactose et sans gluten<\/span><\/p>\n<\/div>\n<\/div>\n<\/div>\n<\/div>\n<\/div>\n<\/div>\n<\/div>\n<\/div>\n<\/div>\n<\/div>\n<\/div>\n<\/div>\n<\/div>\n<\/div>\n","protected":false},"excerpt":{"rendered":"<table class=\"bda-state-product\">\n<thead>\n<tr>\n<th class=\"bda-color\"><a href=\"fr\/categoria-prodotto\/avant\/\">Avant<\/a><\/th>\n<th class=\"bda-gray\"><a href=\"fr\/categoria-prodotto\/pendant\/\">Pendant<\/a><\/th>\n<th class=\"bda-gray\"><a href=\"fr\/categoria-prodotto\/apres\/\">Apr\u00e8s<\/a><\/th>\n<\/tr>\n<\/thead>\n<\/table>\n<p>CREAT DE offre la <b>cr\u00e9atine monohydrate<\/b> Creapure\u00ae pour augmenter la force, l&rsquo;\u00e9nergie et am\u00e9liorer la performance athl\u00e9tique.<\/p>\n","protected":false},"featured_media":19634,"comment_status":"open","ping_status":"closed","template":"","meta":[],"product_brand":[],"product_cat":[743,526],"product_tag":[753,746,747,757,745,756,750,755,748,749,754,751],"class_list":{"0":"post-10280","1":"product","2":"type-product","3":"status-publish","4":"has-post-thumbnail","6":"product_cat-acides-amines","7":"product_cat-premiere","8":"product_tag-athletisme","9":"product_tag-cyclisme","10":"product_tag-endurance-fr","11":"product_tag-fitness-fr","12":"product_tag-football","13":"product_tag-gymnase","14":"product_tag-la-course-a-pied","15":"product_tag-la-musculation","16":"product_tag-natation","17":"product_tag-puissance","18":"product_tag-ski","19":"product_tag-triathlon-fr","21":"first","22":"instock","23":"taxable","24":"shipping-taxable","25":"purchasable","26":"product-type-variable","27":"has-default-attributes"},"_links":{"self":[{"href":"http:\/\/testing-dev.keforma.ch\/fr\/wp-json\/wp\/v2\/product\/10280","targetHints":{"allow":["GET"]}}],"collection":[{"href":"http:\/\/testing-dev.keforma.ch\/fr\/wp-json\/wp\/v2\/product"}],"about":[{"href":"http:\/\/testing-dev.keforma.ch\/fr\/wp-json\/wp\/v2\/types\/product"}],"replies":[{"embeddable":true,"href":"http:\/\/testing-dev.keforma.ch\/fr\/wp-json\/wp\/v2\/comments?post=10280"}],"version-history":[{"count":0,"href":"http:\/\/testing-dev.keforma.ch\/fr\/wp-json\/wp\/v2\/product\/10280\/revisions"}],"wp:featuredmedia":[{"embeddable":true,"href":"http:\/\/testing-dev.keforma.ch\/fr\/wp-json\/wp\/v2\/media\/19634"}],"wp:attachment":[{"href":"http:\/\/testing-dev.keforma.ch\/fr\/wp-json\/wp\/v2\/media?parent=10280"}],"wp:term":[{"taxonomy":"product_brand","embeddable":true,"href":"http:\/\/testing-dev.keforma.ch\/fr\/wp-json\/wp\/v2\/product_brand?post=10280"},{"taxonomy":"product_cat","embeddable":true,"href":"http:\/\/testing-dev.keforma.ch\/fr\/wp-json\/wp\/v2\/product_cat?post=10280"},{"taxonomy":"product_tag","embeddable":true,"href":"http:\/\/testing-dev.keforma.ch\/fr\/wp-json\/wp\/v2\/product_tag?post=10280"}],"curies":[{"name":"wp","href":"https:\/\/api.w.org\/{rel}","templated":true}]}}