{"id":15646,"date":"2022-10-10T08:55:40","date_gmt":"2022-10-10T08:55:40","guid":{"rendered":"https:\/\/keforma.4-dimensional.ch\/?post_type=product&#038;p=15646"},"modified":"2025-07-14T09:46:08","modified_gmt":"2025-07-14T09:46:08","slug":"complement-alimentaire-force-3","status":"publish","type":"product","link":"http:\/\/testing-dev.keforma.ch\/fr\/prodotto\/complement-alimentaire-force-3\/","title":{"rendered":"Compl\u00e9ment alimentaire Force 3"},"content":{"rendered":"<div id=\"wd-600ab02c18b27\" class=\"wd-text-block-wrapper wd-wpb wd-rs-600ab02c18b27 color-scheme-dark text-left vc_custom_1611313204556\">\n<div class=\"woodmart-title-container woodmart-text-block reset-last-child font-primary wd-font-weight-400 \">\n<div id=\"wd-600adc3e021eb\" class=\"wd-text-block-wrapper wd-wpb wd-rs-600adc3e021eb color-scheme-dark text-left vc_custom_1611324504105\">\n<div class=\"woodmart-title-container woodmart-text-block reset-last-child font-primary wd-font-weight-400 \">\n<div id=\"wd-600adca222db7\" class=\"wd-text-block-wrapper wd-wpb wd-rs-600adca222db7 color-scheme-dark text-left vc_custom_1611324589626\">\n<div class=\"woodmart-title-container woodmart-text-block reset-last-child font-primary wd-font-weight-400 \"><b>FORCE 3<\/b> est un <b>compl\u00e9ment \u00e9nergie fatigue<\/b> sp\u00e9cialement formul\u00e9 pour vous aider \u00e0 retrouver vitalit\u00e9 et performance.<\/div>\n<div class=\"woodmart-title-container woodmart-text-block reset-last-child font-primary wd-font-weight-400 \">Ce puissant complexe associe carnitine, caf\u00e9ine et fructose 1-6 diphosphate, des ingr\u00e9dients cl\u00e9s pour un soutien \u00e9nerg\u00e9tique optimal.<\/div>\n<div class=\"woodmart-title-container woodmart-text-block reset-last-child font-primary wd-font-weight-400 \">Enrichi en vitamine C, <b>FORCE 3<\/b> est con\u00e7u pour lutter efficacement contre la fatigue et la lassitude, tout en contribuant au bon fonctionnement de votre syst\u00e8me nerveux.<\/div>\n<div class=\"woodmart-title-container woodmart-text-block reset-last-child font-primary wd-font-weight-400 \">De plus, il contient de la myrtille, reconnue pour ses remarquables propri\u00e9t\u00e9s antioxydantes, offrant une protection cellulaire suppl\u00e9mentaire.<\/div>\n<div class=\"woodmart-title-container woodmart-text-block reset-last-child font-primary wd-font-weight-400 \">Id\u00e9al pour les sportifs ou toute personne cherchant \u00e0 am\u00e9liorer son endurance et sa concentration au quotidien.<\/div>\n<\/div>\n<\/div>\n<\/div>\n<\/div>\n<\/div>\n<div class=\"wpb_text_column wpb_content_element vc_custom_1616205360806 text-larger\">\n<div class=\"wpb_wrapper\">\n<p><img loading=\"lazy\" decoding=\"async\" class=\"wd-lazy-load woodmart-lazy-load wd-lazy-fade info-icon image-1 wd-loaded\" style=\"text-align: center;\" title=\"KF_Logo-Feature-Red\" src=\"http:\/\/testing-dev.keforma.ch\/wp-content\/uploads\/2020\/09\/KF_Logo-Feature-Red-45x45.png\" alt=\"KF_Logo-Feature-Red\" width=\"22\" height=\"22\" data-wood-src=\"http:\/\/testing-dev.keforma.ch\/wp-content\/uploads\/2020\/09\/KF_Logo-Feature-Red-45x45.png\" data-pagespeed-url-hash=\"3879490219\" \/> \u00c9nergie \u00e0 court, moyen ou long terme<span style=\"text-align: center;\"><br \/>\n<img loading=\"lazy\" decoding=\"async\" class=\"wd-lazy-load woodmart-lazy-load wd-lazy-fade info-icon image-1 wd-loaded\" style=\"text-align: center;\" title=\"KF_Logo-Feature-Red\" src=\"http:\/\/testing-dev.keforma.ch\/wp-content\/uploads\/2020\/09\/KF_Logo-Feature-Red-45x45.png\" alt=\"KF_Logo-Feature-Red\" width=\"22\" height=\"22\" data-wood-src=\"http:\/\/testing-dev.keforma.ch\/wp-content\/uploads\/2020\/09\/KF_Logo-Feature-Red-45x45.png\" data-pagespeed-url-hash=\"3879490219\" \/> Sports d&rsquo;endurance<br \/>\n<img loading=\"lazy\" decoding=\"async\" class=\"wd-lazy-load woodmart-lazy-load wd-lazy-fade info-icon image-1 wd-loaded\" style=\"text-align: center;\" title=\"KF_Logo-Feature-Red\" src=\"http:\/\/testing-dev.keforma.ch\/wp-content\/uploads\/2020\/09\/KF_Logo-Feature-Red-45x45.png\" alt=\"KF_Logo-Feature-Red\" width=\"22\" height=\"22\" data-wood-src=\"http:\/\/testing-dev.keforma.ch\/wp-content\/uploads\/2020\/09\/KF_Logo-Feature-Red-45x45.png\" data-pagespeed-url-hash=\"3879490219\" \/> Am\u00e9liore les r\u00e9flexes et la concentration<br \/>\n<img loading=\"lazy\" decoding=\"async\" class=\"wd-lazy-load woodmart-lazy-load wd-lazy-fade info-icon image-1 wd-loaded\" style=\"text-align: center;\" title=\"KF_Logo-Feature-Red\" src=\"http:\/\/testing-dev.keforma.ch\/wp-content\/uploads\/2020\/09\/KF_Logo-Feature-Red-45x45.png\" alt=\"KF_Logo-Feature-Red\" width=\"22\" height=\"22\" data-wood-src=\"http:\/\/testing-dev.keforma.ch\/wp-content\/uploads\/2020\/09\/KF_Logo-Feature-Red-45x45.png\" data-pagespeed-url-hash=\"3879490219\" \/> Sans gluten ni lactose<\/span><span style=\"text-align: center;\"><br \/>\n<\/span><\/p>\n<\/div>\n<\/div>\n","protected":false},"excerpt":{"rendered":"<table class=\"bda-state-product\">\n<thead>\n<tr>\n<th class=\"bda-gray\"><a href=\"fr\/categoria-prodotto\/avant\/\">Avant<\/a><\/th>\n<th class=\"bda-color\"><a href=\"fr\/categoria-prodotto\/pendant\/\">Pendant<\/a><\/th>\n<th class=\"bda-gray\"><a href=\"fr\/categoria-prodotto\/apres\/\">Apr\u00e8s<\/a><\/th>\n<\/tr>\n<\/thead>\n<\/table>\n<p>FORCE 3 est le <b>compl\u00e9ment \u00e9nergie fatigue<\/b> qui soutient le m\u00e9tabolisme, r\u00e9duit la lassitude gr\u00e2ce \u00e0 la carnitine, caf\u00e9ine, fructose et vitamine C.<\/p>\n","protected":false},"featured_media":18730,"comment_status":"open","ping_status":"closed","template":"","meta":[],"product_brand":[],"product_cat":[742,558],"product_tag":[746,747,745,756,750,748,754,751],"class_list":{"0":"post-15646","1":"product","2":"type-product","3":"status-publish","4":"has-post-thumbnail","6":"product_cat-lenergie","7":"product_cat-pendant","8":"product_tag-cyclisme","9":"product_tag-endurance-fr","10":"product_tag-football","11":"product_tag-gymnase","12":"product_tag-la-course-a-pied","13":"product_tag-natation","14":"product_tag-ski","15":"product_tag-triathlon-fr","17":"first","18":"instock","19":"taxable","20":"shipping-taxable","21":"purchasable","22":"product-type-variable","23":"has-default-attributes"},"_links":{"self":[{"href":"http:\/\/testing-dev.keforma.ch\/fr\/wp-json\/wp\/v2\/product\/15646","targetHints":{"allow":["GET"]}}],"collection":[{"href":"http:\/\/testing-dev.keforma.ch\/fr\/wp-json\/wp\/v2\/product"}],"about":[{"href":"http:\/\/testing-dev.keforma.ch\/fr\/wp-json\/wp\/v2\/types\/product"}],"replies":[{"embeddable":true,"href":"http:\/\/testing-dev.keforma.ch\/fr\/wp-json\/wp\/v2\/comments?post=15646"}],"version-history":[{"count":0,"href":"http:\/\/testing-dev.keforma.ch\/fr\/wp-json\/wp\/v2\/product\/15646\/revisions"}],"wp:featuredmedia":[{"embeddable":true,"href":"http:\/\/testing-dev.keforma.ch\/fr\/wp-json\/wp\/v2\/media\/18730"}],"wp:attachment":[{"href":"http:\/\/testing-dev.keforma.ch\/fr\/wp-json\/wp\/v2\/media?parent=15646"}],"wp:term":[{"taxonomy":"product_brand","embeddable":true,"href":"http:\/\/testing-dev.keforma.ch\/fr\/wp-json\/wp\/v2\/product_brand?post=15646"},{"taxonomy":"product_cat","embeddable":true,"href":"http:\/\/testing-dev.keforma.ch\/fr\/wp-json\/wp\/v2\/product_cat?post=15646"},{"taxonomy":"product_tag","embeddable":true,"href":"http:\/\/testing-dev.keforma.ch\/fr\/wp-json\/wp\/v2\/product_tag?post=15646"}],"curies":[{"name":"wp","href":"https:\/\/api.w.org\/{rel}","templated":true}]}}