{"id":16784,"date":"2023-01-12T10:23:25","date_gmt":"2023-01-12T10:23:25","guid":{"rendered":"https:\/\/keforma.4-dimensional.ch\/?post_type=product&#038;p=16784"},"modified":"2025-07-29T20:23:29","modified_gmt":"2025-07-29T20:23:29","slug":"boisson-energetique-ultra-fuel","status":"publish","type":"product","link":"http:\/\/testing-dev.keforma.ch\/fr\/prodotto\/boisson-energetique-ultra-fuel\/","title":{"rendered":"Boisson \u00e9nerg\u00e9tique Ultra Fuel"},"content":{"rendered":"<div id=\"wd-600aef8476f41\" class=\"wd-text-block-wrapper wd-wpb wd-rs-600aef8476f41 color-scheme-dark text-left vc_custom_1611329428846\">\n<div class=\"woodmart-title-container woodmart-text-block reset-last-child font-primary wd-font-weight-400 \">\n<div id=\"wd-5fafbca251970\" class=\"wd-text-block-wrapper wd-wpb wd-rs-5fafbca251970 color-scheme-dark text-left vc_custom_1605352620193\">\n<div class=\"woodmart-title-container woodmart-text-block reset-last-child font-primary wd-font-weight-400 \">\n<div id=\"wd-6057dcdf0980f\" class=\"wd-text-block-wrapper wd-wpb wd-rs-6057dcdf0980f color-scheme-dark text-left vc_custom_1616370925274\">\n<div class=\"woodmart-title-container woodmart-text-block reset-last-child font-primary wd-font-weight-400 \">\n<div id=\"wd-5fa7ef43cb781\" class=\"wd-text-block-wrapper wd-wpb wd-rs-5fa7ef43cb781 color-scheme-dark text-left vc_custom_1604841326375\">\n<div class=\"woodmart-title-container woodmart-text-block reset-last-child font-primary wd-font-weight-400 \">\n<div id=\"wd-5fa7d588067d3\" class=\"wd-text-block-wrapper wd-wpb wd-rs-5fa7d588067d3 color-scheme-dark text-left vc_custom_1604834704152\">\n<div class=\"woodmart-title-container woodmart-text-block reset-last-child font-primary wd-font-weight-400 \"><strong>Ultra Fuel<\/strong> est la <strong>boisson \u00e9nerg\u00e9tique<\/strong> ultime <strong>pour les longues distances<\/strong>, sp\u00e9cialement formul\u00e9e pour soutenir vos performances lors des randonn\u00e9es les plus exigeantes.<\/div>\n<div class=\"woodmart-title-container woodmart-text-block reset-last-child font-primary wd-font-weight-400 \">Ce compl\u00e9ment innovant est compos\u00e9 d&rsquo;un m\u00e9lange d&rsquo;hydrates de carbone avanc\u00e9, comprenant de la maltodextrine DE1-DE6-DE19, du dextrose, du fructose et notre gel exclusif d&rsquo;hydrates de carbone encapsul\u00e9s Ultra Energy.<\/div>\n<div class=\"woodmart-title-container woodmart-text-block reset-last-child font-primary wd-font-weight-400 \">La <strong>boisson \u00e9nerg\u00e9tique longue distance<\/strong> Ultra Fuel fournit non seulement une \u00e9nergie rapide et durable, mais aussi une quantit\u00e9 importante d&rsquo;hydrates de carbone (47 g par 50 g de produit) sans causer de probl\u00e8mes gastro-intestinaux, ce qui vous permet de vous concentrer uniquement sur votre performance.<\/div>\n<\/div>\n<\/div>\n<\/div>\n<\/div>\n<\/div>\n<\/div>\n<\/div>\n<\/div>\n<\/div>\n<div class=\"wpb_text_column wpb_content_element vc_custom_1616205360806 text-larger\">\n<div class=\"wpb_wrapper\">\n<p><img loading=\"lazy\" decoding=\"async\" class=\"wd-lazy-load woodmart-lazy-load wd-lazy-fade info-icon image-1 wd-loaded\" style=\"text-align: center;\" title=\"KF_Logo-Charact\u00e9ristique-Rouge\" src=\"http:\/\/testing-dev.keforma.ch\/wp-content\/uploads\/2020\/09\/KF_Logo-Feature-Red-45x45.png\" alt=\"KF_Logo-Charact\u00e9ristique-Rouge\" width=\"22\" height=\"22\" data-wood-src=\"http:\/\/testing-dev.keforma.ch\/wp-content\/uploads\/2020\/09\/KF_Logo-Feature-Red-45x45.png\" data-pagespeed-url-hash=\"3879490219\">  \u00c9nergie rapide et durable<span style=\"text-align: center;\"><br \/>\n<img loading=\"lazy\" decoding=\"async\" class=\"wd-lazy-load woodmart-lazy-load wd-lazy-fade info-icon image-1 wd-loaded\" style=\"text-align: center;\" title=\"KF_Logo-Charact\u00e9ristique-Rouge\" src=\"http:\/\/testing-dev.keforma.ch\/wp-content\/uploads\/2020\/09\/KF_Logo-Feature-Red-45x45.png\" alt=\"KF_Logo-Charact\u00e9ristique-Rouge\" width=\"22\" height=\"22\" data-wood-src=\"http:\/\/testing-dev.keforma.ch\/wp-content\/uploads\/2020\/09\/KF_Logo-Feature-Red-45x45.png\" data-pagespeed-url-hash=\"3879490219\"> 47 g de glucides par 50 g de produit<br \/>\n<\/span><span style=\"text-align: center;\"><img loading=\"lazy\" decoding=\"async\" class=\"wd-lazy-load woodmart-lazy-load wd-lazy-fade info-icon image-1 wd-loaded\" style=\"text-align: center;\" title=\"KF_Logo-Charact\u00e9ristique-Rouge\" src=\"http:\/\/testing-dev.keforma.ch\/wp-content\/uploads\/2020\/09\/KF_Logo-Feature-Red-45x45.png\" alt=\"KF_Logo-Charact\u00e9ristique-Rouge\" width=\"22\" height=\"22\" data-wood-src=\"http:\/\/testing-dev.keforma.ch\/wp-content\/uploads\/2020\/09\/KF_Logo-Feature-Red-45x45.png\" data-pagespeed-url-hash=\"3879490219\"> Pas de probl\u00e8mes gastro-intestinaux<br \/>\n<img loading=\"lazy\" decoding=\"async\" class=\"wd-lazy-load woodmart-lazy-load wd-lazy-fade info-icon image-1 wd-loaded\" style=\"text-align: center;\" title=\"KF_Logo-Charact\u00e9ristique-Rouge\" src=\"http:\/\/testing-dev.keforma.ch\/wp-content\/uploads\/2020\/09\/KF_Logo-Feature-Red-45x45.png\" alt=\"KF_Logo-Charact\u00e9ristique-Rouge\" width=\"22\" height=\"22\" data-wood-src=\"http:\/\/testing-dev.keforma.ch\/wp-content\/uploads\/2020\/09\/KF_Logo-Feature-Red-45x45.png\" data-pagespeed-url-hash=\"3879490219\"> Sans gluten ni lactose<br \/>\n<\/span><\/p>\n<\/div>\n<\/div>\n","protected":false},"excerpt":{"rendered":"<p>Ultra Fuel est la <strong>boisson \u00e9nerg\u00e9tique pour les longues distances<\/strong> qui offre une \u00e9nergie rapide et durable, avec 47 g de glucides par portion et sans probl\u00e8mes gastro-intestinaux.<\/p>\n","protected":false},"featured_media":20627,"comment_status":"open","ping_status":"closed","template":"","meta":[],"product_brand":[],"product_cat":[742,558],"product_tag":[753,746,747,750,748,751],"class_list":{"0":"post-16784","1":"product","2":"type-product","3":"status-publish","4":"has-post-thumbnail","6":"product_cat-lenergie","7":"product_cat-pendant","8":"product_tag-athletisme","9":"product_tag-cyclisme","10":"product_tag-endurance-fr","11":"product_tag-la-course-a-pied","12":"product_tag-natation","13":"product_tag-triathlon-fr","15":"first","16":"instock","17":"taxable","18":"shipping-taxable","19":"purchasable","20":"product-type-variable","21":"has-default-attributes"},"_links":{"self":[{"href":"http:\/\/testing-dev.keforma.ch\/fr\/wp-json\/wp\/v2\/product\/16784","targetHints":{"allow":["GET"]}}],"collection":[{"href":"http:\/\/testing-dev.keforma.ch\/fr\/wp-json\/wp\/v2\/product"}],"about":[{"href":"http:\/\/testing-dev.keforma.ch\/fr\/wp-json\/wp\/v2\/types\/product"}],"replies":[{"embeddable":true,"href":"http:\/\/testing-dev.keforma.ch\/fr\/wp-json\/wp\/v2\/comments?post=16784"}],"version-history":[{"count":0,"href":"http:\/\/testing-dev.keforma.ch\/fr\/wp-json\/wp\/v2\/product\/16784\/revisions"}],"wp:featuredmedia":[{"embeddable":true,"href":"http:\/\/testing-dev.keforma.ch\/fr\/wp-json\/wp\/v2\/media\/20627"}],"wp:attachment":[{"href":"http:\/\/testing-dev.keforma.ch\/fr\/wp-json\/wp\/v2\/media?parent=16784"}],"wp:term":[{"taxonomy":"product_brand","embeddable":true,"href":"http:\/\/testing-dev.keforma.ch\/fr\/wp-json\/wp\/v2\/product_brand?post=16784"},{"taxonomy":"product_cat","embeddable":true,"href":"http:\/\/testing-dev.keforma.ch\/fr\/wp-json\/wp\/v2\/product_cat?post=16784"},{"taxonomy":"product_tag","embeddable":true,"href":"http:\/\/testing-dev.keforma.ch\/fr\/wp-json\/wp\/v2\/product_tag?post=16784"}],"curies":[{"name":"wp","href":"https:\/\/api.w.org\/{rel}","templated":true}]}}