{"id":17949,"date":"2024-02-25T20:02:32","date_gmt":"2024-02-25T20:02:32","guid":{"rendered":"https:\/\/keforma.4-dimensional.ch\/?post_type=product&#038;p=17949"},"modified":"2025-05-28T09:28:48","modified_gmt":"2025-05-28T09:28:48","slug":"power-cafe-chicco-doro","status":"publish","type":"product","link":"http:\/\/testing-dev.keforma.ch\/fr\/prodotto\/power-cafe-chicco-doro\/","title":{"rendered":"Power Caf\u00e9 Chicco D&rsquo;oro Energy Drink"},"content":{"rendered":"<div id=\"wd-600aef8476f41\" class=\"wd-text-block-wrapper wd-wpb wd-rs-600aef8476f41 color-scheme-dark text-left vc_custom_1611329428846\">\n<div class=\"woodmart-title-container woodmart-text-block reset-last-child font-primary wd-font-weight-400 \">\n<div id=\"wd-600aaeda6f85e\" class=\"wd-text-block-wrapper wd-wpb wd-rs-600aaeda6f85e color-scheme-dark text-left vc_custom_1611312878096\">\n<div class=\"woodmart-title-container woodmart-text-block reset-last-child font-primary wd-font-weight-400 \">D\u00e9couvrez <strong>Power Caff\u00e8 Chicco d&rsquo;Oro<\/strong>, la r\u00e9volutionnaire <strong>boisson \u00e9nerg\u00e9tique caf\u00e9<\/strong> qui combine le go\u00fbt authentique du 100% Caf\u00e9 Chicco d&rsquo;Oro avec une formule exclusive pour maximiser votre \u00e9nergie.<\/div>\n<div class=\"woodmart-title-container woodmart-text-block reset-last-child font-primary wd-font-weight-400 \">Power Caff\u00e8 Chicco d&rsquo;Oro est bien plus qu&rsquo;une simple boisson ; c&rsquo;est un concentr\u00e9 de vigueur qui unit acides amin\u00e9s, extraits v\u00e9g\u00e9taux et le pur plaisir du Caf\u00e9 Chicco d&rsquo;Oro pour vous offrir le coup de fouet dont vous avez besoin, \u00e9liminant la fatigue.<\/div>\n<div class=\"woodmart-title-container woodmart-text-block reset-last-child font-primary wd-font-weight-400 \">Avec un seul shot de Power Caff\u00e8, exp\u00e9rimentez la clart\u00e9 mentale, la concentration et une \u00e9nergie \u00e9quivalente \u00e0 de nombreux expressos.<\/div>\n<div class=\"woodmart-title-container woodmart-text-block reset-last-child font-primary wd-font-weight-400 \">Rendez chaque moment de votre journ\u00e9e plus productif et dynamique avec Power Caff\u00e8, la boisson \u00e9nerg\u00e9tique au caf\u00e9 par excellence.<\/div>\n<div class=\"woodmart-title-container woodmart-text-block reset-last-child font-primary wd-font-weight-400 \">Elle est sans gluten et sans lactose, parfaite pour toutes les exigences.<\/div>\n<\/div>\n<\/div>\n<\/div>\n<div class=\"wpb_text_column wpb_content_element vc_custom_1616205360806 text-larger\">\n<div class=\"wpb_wrapper\">\n<p><img loading=\"lazy\" decoding=\"async\" class=\"wd-lazy-load woodmart-lazy-load wd-lazy-fade info-icon image-1 wd-loaded\" style=\"text-align: center;\" title=\"KF_Logo-Feature-Red\" src=\"http:\/\/testing-dev.keforma.ch\/wp-content\/uploads\/2020\/09\/KF_Logo-Feature-Red-45x45.png\" alt=\"KF_Logo-Feature-Red\" width=\"22\" height=\"22\" data-wood-src=\"http:\/\/testing-dev.keforma.ch\/wp-content\/uploads\/2020\/09\/KF_Logo-Feature-Red-45x45.png\" data-pagespeed-url-hash=\"3879490219\" \/> <a href=\"https:\/\/chiccodoro.com\/\">Caf\u00e9<\/a> 100% <a href=\"https:\/\/chiccodoro.com\/\">Chicco D&rsquo;Oro<\/a><span style=\"text-align: center;\"><br \/>\n<img loading=\"lazy\" decoding=\"async\" class=\"wd-lazy-load woodmart-lazy-load wd-lazy-fade info-icon image-1 wd-loaded\" style=\"text-align: center;\" title=\"KF_Logo-Feature-Red\" src=\"http:\/\/testing-dev.keforma.ch\/wp-content\/uploads\/2020\/09\/KF_Logo-Feature-Red-45x45.png\" alt=\"KF_Logo-Feature-Red\" width=\"22\" height=\"22\" data-wood-src=\"http:\/\/testing-dev.keforma.ch\/wp-content\/uploads\/2020\/09\/KF_Logo-Feature-Red-45x45.png\" data-pagespeed-url-hash=\"3879490219\" \/> L&rsquo;\u00e9nergie de 10 espressos<br \/>\n<\/span><span style=\"text-align: center;\"><img loading=\"lazy\" decoding=\"async\" class=\"wd-lazy-load woodmart-lazy-load wd-lazy-fade info-icon image-1 wd-loaded\" style=\"text-align: center;\" title=\"KF_Logo-Feature-Red\" src=\"http:\/\/testing-dev.keforma.ch\/wp-content\/uploads\/2020\/09\/KF_Logo-Feature-Red-45x45.png\" alt=\"KF_Logo-Feature-Red\" width=\"22\" height=\"22\" data-wood-src=\"http:\/\/testing-dev.keforma.ch\/wp-content\/uploads\/2020\/09\/KF_Logo-Feature-Red-45x45.png\" data-pagespeed-url-hash=\"3879490219\" \/> Soulage la<\/span><span style=\"text-align: center;\">fatigue et donne de la lucidit\u00e9<br \/>\n<img loading=\"lazy\" decoding=\"async\" class=\"wd-lazy-load woodmart-lazy-load wd-lazy-fade info-icon image-1 wd-loaded\" style=\"text-align: center;\" title=\"KF_Logo-Feature-Red\" src=\"http:\/\/testing-dev.keforma.ch\/wp-content\/uploads\/2020\/09\/KF_Logo-Feature-Red-45x45.png\" alt=\"KF_Logo-Feature-Red\" width=\"22\" height=\"22\" data-wood-src=\"http:\/\/testing-dev.keforma.ch\/wp-content\/uploads\/2020\/09\/KF_Logo-Feature-Red-45x45.png\" data-pagespeed-url-hash=\"3879490219\" \/> Sans gluten ni <a href=\"#\">lactose<\/a><br \/>\n<\/span><\/p>\n<\/div>\n<\/div>\n","protected":false},"excerpt":{"rendered":"<table class=\"bda-state-product\">\n<thead>\n<tr>\n<th class=\"bda-color\"><a href=\"\/cat\u00e9gorie-produit\/premier\/\">Premier<\/a><\/th>\n<th class=\"bda-gray\"><a href=\"\/cat\u00e9gorie-produit\/durant\/\">Pendant<\/a><\/th>\n<th class=\"bda-gray\"><a href=\"\/category-product\/ after\/\">Apr\u00e8s<\/a><\/th>\n<\/tr>\n<\/thead>\n<\/table>\n<p>Power Caff\u00e8 Chicco d&rsquo;Oro est la <strong>boisson \u00e9nerg\u00e9tique caf\u00e9<\/strong> qui allie go\u00fbt authentique et formule puissante pour \u00e9liminer la fatigue et maximiser la concentration.<\/p>\n","protected":false},"featured_media":18856,"comment_status":"open","ping_status":"closed","template":"","meta":[],"product_brand":[],"product_cat":[740,742,526,530],"product_tag":[753,758,752,746,747,745,756,750,755,748,749,754,751],"class_list":{"0":"post-17949","1":"product","2":"type-product","3":"status-publish","4":"has-post-thumbnail","6":"product_cat-bien-etre","7":"product_cat-lenergie","8":"product_cat-premiere","9":"product_cat-promo-fr","10":"product_tag-athletisme","11":"product_tag-bien-etre-fr","12":"product_tag-bien-etre","13":"product_tag-cyclisme","14":"product_tag-endurance-fr","15":"product_tag-football","16":"product_tag-gymnase","17":"product_tag-la-course-a-pied","18":"product_tag-la-musculation","19":"product_tag-natation","20":"product_tag-puissance","21":"product_tag-ski","22":"product_tag-triathlon-fr","24":"first","25":"instock","26":"taxable","27":"shipping-taxable","28":"purchasable","29":"product-type-variable"},"_links":{"self":[{"href":"http:\/\/testing-dev.keforma.ch\/fr\/wp-json\/wp\/v2\/product\/17949","targetHints":{"allow":["GET"]}}],"collection":[{"href":"http:\/\/testing-dev.keforma.ch\/fr\/wp-json\/wp\/v2\/product"}],"about":[{"href":"http:\/\/testing-dev.keforma.ch\/fr\/wp-json\/wp\/v2\/types\/product"}],"replies":[{"embeddable":true,"href":"http:\/\/testing-dev.keforma.ch\/fr\/wp-json\/wp\/v2\/comments?post=17949"}],"version-history":[{"count":0,"href":"http:\/\/testing-dev.keforma.ch\/fr\/wp-json\/wp\/v2\/product\/17949\/revisions"}],"wp:featuredmedia":[{"embeddable":true,"href":"http:\/\/testing-dev.keforma.ch\/fr\/wp-json\/wp\/v2\/media\/18856"}],"wp:attachment":[{"href":"http:\/\/testing-dev.keforma.ch\/fr\/wp-json\/wp\/v2\/media?parent=17949"}],"wp:term":[{"taxonomy":"product_brand","embeddable":true,"href":"http:\/\/testing-dev.keforma.ch\/fr\/wp-json\/wp\/v2\/product_brand?post=17949"},{"taxonomy":"product_cat","embeddable":true,"href":"http:\/\/testing-dev.keforma.ch\/fr\/wp-json\/wp\/v2\/product_cat?post=17949"},{"taxonomy":"product_tag","embeddable":true,"href":"http:\/\/testing-dev.keforma.ch\/fr\/wp-json\/wp\/v2\/product_tag?post=17949"}],"curies":[{"name":"wp","href":"https:\/\/api.w.org\/{rel}","templated":true}]}}