{"id":18397,"date":"2024-07-05T09:23:46","date_gmt":"2024-07-05T09:23:46","guid":{"rendered":"https:\/\/keforma.ch\/?post_type=product&#038;p=18397"},"modified":"2025-07-07T13:32:04","modified_gmt":"2025-07-07T13:32:04","slug":"complement-alimentaire-ultra-bicarbonate","status":"publish","type":"product","link":"http:\/\/testing-dev.keforma.ch\/fr\/prodotto\/complement-alimentaire-ultra-bicarbonate\/","title":{"rendered":"Compl\u00e9ment alimentaire Ultra Bicarbonate"},"content":{"rendered":"<div id=\"wd-600aef8476f41\" class=\"wd-text-block-wrapper wd-wpb wd-rs-600aef8476f41 color-scheme-dark text-left vc_custom_1611329428846\">\n<div class=\"woodmart-title-container woodmart-text-block reset-last-child font-primary wd-font-weight-400 \">\n<div id=\"wd-5fafbca251970\" class=\"wd-text-block-wrapper wd-wpb wd-rs-5fafbca251970 color-scheme-dark text-left vc_custom_1605352620193\">\n<div class=\"woodmart-title-container woodmart-text-block reset-last-child font-primary wd-font-weight-400 \">\n<div id=\"wd-6057dcdf0980f\" class=\"wd-text-block-wrapper wd-wpb wd-rs-6057dcdf0980f color-scheme-dark text-left vc_custom_1616370925274\">\n<div class=\"woodmart-title-container woodmart-text-block reset-last-child font-primary wd-font-weight-400 \">\n<div id=\"wd-5fa7ef43cb781\" class=\"wd-text-block-wrapper wd-wpb wd-rs-5fa7ef43cb781 color-scheme-dark text-left vc_custom_1604841326375\">\n<div class=\"woodmart-title-container woodmart-text-block reset-last-child font-primary wd-font-weight-400 \">\n<div id=\"wd-5fa7d588067d3\" class=\"wd-text-block-wrapper wd-wpb wd-rs-5fa7d588067d3 color-scheme-dark text-left vc_custom_1604834704152\">\n<div class=\"woodmart-title-container woodmart-text-block reset-last-child font-primary wd-font-weight-400 \">\n<p data-sourcepos=\"107:1-107:436\">Ultra Bicarbonate Keforma est la solution scientifiquement avanc\u00e9e pour les athl\u00e8tes qui veulent repousser leurs limites.<br \/>\nSous effort physique intense, l&rsquo;accumulation d&rsquo;acide lactique et de d\u00e9chets m\u00e9taboliques, comme l&rsquo;ion hydrog\u00e8ne (H+), \u00e9touffe la force et la puissance musculaire.<br \/>\nNotre formule de <strong>bicarbonate de soude sport<\/strong> purissime agit comme un puissant tampon, neutralisant l&rsquo;acide lactique et retardant la fatigue.<\/p>\n<p data-sourcepos=\"109:1-109:560\">Parall\u00e8lement, l&rsquo;entra\u00eenement \u00e0 haute intensit\u00e9 peut d\u00e9stabiliser l&rsquo;environnement extracellulaire \u00e0 cause de la perte de potassium, compromettant la contraction et la r\u00e9activit\u00e9 musculaire.<br \/>\nUltra Bicarbonate Keforma soutient l&rsquo;\u00e9quilibre \u00e9lectrolytique, contrant cette perte et garantissant une fonction musculaire optimale.<br \/>\nChoisissez notre <strong>bicarbonate de soude sport<\/strong> pour lib\u00e9rer votre vraie puissance, acc\u00e9l\u00e9rer la r\u00e9cup\u00e9ration et atteindre de nouveaux sommets de performance.<\/p>\n<p data-sourcepos=\"109:1-109:560\">Sans gluten ni lactose, c&rsquo;est le compl\u00e9ment id\u00e9al pour tout athl\u00e8te exigeant.<\/p>\n<\/div>\n<\/div>\n<div class=\"wpb_text_column wpb_content_element vc_custom_1611324944663 text-larger\">\n<div class=\"wpb_wrapper\">\n<p><img loading=\"lazy\" decoding=\"async\" class=\"wd-lazy-load woodmart-lazy-load wd-lazy-fade info-icon image-1 wd-loaded\" style=\"text-align: center;\" title=\"KF_Logo-Charact\u00e9ristique-Rouge\" src=\"http:\/\/testing-dev.keforma.ch\/wp-content\/uploads\/2020\/09\/KF_Logo-Feature-Red-45x45.png\" alt=\"KF_Logo-Charact\u00e9ristique-Rouge\" width=\"22\" height=\"22\" data-wood-src=\"http:\/\/testing-dev.keforma.ch\/wp-content\/uploads\/2020\/09\/KF_Logo-Feature-Red-45x45.png\" data-pagespeed-url-hash=\"3879490219\" \/> Boostez la Performance Athl\u00e9tique<br \/>\n<img loading=\"lazy\" decoding=\"async\" class=\"wd-lazy-load woodmart-lazy-load wd-lazy-fade info-icon image-1 wd-loaded\" style=\"text-align: center;\" title=\"KF_Logo-Charact\u00e9ristique-Rouge\" src=\"http:\/\/testing-dev.keforma.ch\/wp-content\/uploads\/2020\/09\/KF_Logo-Feature-Red-45x45.png\" alt=\"KF_Logo-Charact\u00e9ristique-Rouge\" width=\"22\" height=\"22\" data-wood-src=\"http:\/\/testing-dev.keforma.ch\/wp-content\/uploads\/2020\/09\/KF_Logo-Feature-Red-45x45.png\" data-pagespeed-url-hash=\"3879490219\" \/>Acc\u00e9l\u00e8re la R\u00e9cup\u00e9ration Musculaire<span style=\"text-align: center;\"><br \/>\n<\/span><img loading=\"lazy\" decoding=\"async\" class=\"wd-lazy-load woodmart-lazy-load wd-lazy-fade info-icon image-1 wd-loaded\" style=\"text-align: center;\" title=\"KF_Logo-Charact\u00e9ristique-Rouge\" src=\"http:\/\/testing-dev.keforma.ch\/wp-content\/uploads\/2020\/09\/KF_Logo-Feature-Red-45x45.png\" alt=\"KF_Logo-Charact\u00e9ristique-Rouge\" width=\"22\" height=\"22\" data-wood-src=\"http:\/\/testing-dev.keforma.ch\/wp-content\/uploads\/2020\/09\/KF_Logo-Feature-Red-45x45.png\" data-pagespeed-url-hash=\"3879490219\" \/><span style=\"text-align: center;\"> Neutralise l&rsquo;Acide Lactique<br \/>\n<\/span><img loading=\"lazy\" decoding=\"async\" class=\"wd-lazy-load woodmart-lazy-load wd-lazy-fade info-icon image-1 wd-loaded\" style=\"text-align: center;\" title=\"KF_Logo-Charact\u00e9ristique-Rouge\" src=\"http:\/\/testing-dev.keforma.ch\/wp-content\/uploads\/2020\/09\/KF_Logo-Feature-Red-45x45.png\" alt=\"KF_Logo-Charact\u00e9ristique-Rouge\" width=\"22\" height=\"22\" data-wood-src=\"http:\/\/testing-dev.keforma.ch\/wp-content\/uploads\/2020\/09\/KF_Logo-Feature-Red-45x45.png\" data-pagespeed-url-hash=\"3879490219\" \/><span style=\"text-align: center;\"> Sans gluten et sans lactose<\/span><\/p>\n<\/div>\n<\/div>\n<\/div>\n<\/div>\n<\/div>\n<\/div>\n<\/div>\n<\/div>\n<\/div>\n<\/div>\n","protected":false},"excerpt":{"rendered":"<table class=\"bda-state-product\">\n<thead>\n<tr>\n<th class=\"bda-color\"><a href=\"\/categoria-prodotto\/prima\/\">Avant<\/a><\/th>\n<th class=\"bda-color\"><a href=\"\/categoria-prodotto\/durante\/\">Pendant<\/a><\/th>\n<th class=\"bda-gray\"><a href=\"\/categoria-prodotto\/dopo\/\">Apr\u00e8s<\/a><\/th>\n<\/tr>\n<\/thead>\n<\/table>\n<p><strong>Ultra Bicarbonate Keforma<\/strong>: le <strong>bicarbonate de soude sport<\/strong> qui neutralise l&rsquo;acide lactique, maximise la performance et acc\u00e9l\u00e8re la r\u00e9cup\u00e9ration musculaire.<\/p>\n","protected":false},"featured_media":18865,"comment_status":"open","ping_status":"closed","template":"","meta":[],"product_brand":[],"product_cat":[742,558,526],"product_tag":[753,746,747,750,748,751],"class_list":{"0":"post-18397","1":"product","2":"type-product","3":"status-publish","4":"has-post-thumbnail","6":"product_cat-lenergie","7":"product_cat-pendant","8":"product_cat-premiere","9":"product_tag-athletisme","10":"product_tag-cyclisme","11":"product_tag-endurance-fr","12":"product_tag-la-course-a-pied","13":"product_tag-natation","14":"product_tag-triathlon-fr","16":"first","17":"instock","18":"taxable","19":"shipping-taxable","20":"purchasable","21":"product-type-variable","22":"has-default-attributes"},"_links":{"self":[{"href":"http:\/\/testing-dev.keforma.ch\/fr\/wp-json\/wp\/v2\/product\/18397","targetHints":{"allow":["GET"]}}],"collection":[{"href":"http:\/\/testing-dev.keforma.ch\/fr\/wp-json\/wp\/v2\/product"}],"about":[{"href":"http:\/\/testing-dev.keforma.ch\/fr\/wp-json\/wp\/v2\/types\/product"}],"replies":[{"embeddable":true,"href":"http:\/\/testing-dev.keforma.ch\/fr\/wp-json\/wp\/v2\/comments?post=18397"}],"version-history":[{"count":0,"href":"http:\/\/testing-dev.keforma.ch\/fr\/wp-json\/wp\/v2\/product\/18397\/revisions"}],"wp:featuredmedia":[{"embeddable":true,"href":"http:\/\/testing-dev.keforma.ch\/fr\/wp-json\/wp\/v2\/media\/18865"}],"wp:attachment":[{"href":"http:\/\/testing-dev.keforma.ch\/fr\/wp-json\/wp\/v2\/media?parent=18397"}],"wp:term":[{"taxonomy":"product_brand","embeddable":true,"href":"http:\/\/testing-dev.keforma.ch\/fr\/wp-json\/wp\/v2\/product_brand?post=18397"},{"taxonomy":"product_cat","embeddable":true,"href":"http:\/\/testing-dev.keforma.ch\/fr\/wp-json\/wp\/v2\/product_cat?post=18397"},{"taxonomy":"product_tag","embeddable":true,"href":"http:\/\/testing-dev.keforma.ch\/fr\/wp-json\/wp\/v2\/product_tag?post=18397"}],"curies":[{"name":"wp","href":"https:\/\/api.w.org\/{rel}","templated":true}]}}