{"id":18471,"date":"2024-07-05T11:11:52","date_gmt":"2024-07-05T11:11:52","guid":{"rendered":"https:\/\/keforma.ch\/?post_type=product&#038;p=18411"},"modified":"2026-01-08T20:59:36","modified_gmt":"2026-01-08T20:59:36","slug":"creatine-monohydrate-pur","status":"publish","type":"product","link":"http:\/\/testing-dev.keforma.ch\/fr\/prodotto\/creatine-monohydrate-pur\/","title":{"rendered":"Cr\u00e9atine"},"content":{"rendered":"<div id=\"wd-600aef8476f41\" class=\"wd-text-block-wrapper wd-wpb wd-rs-600aef8476f41 color-scheme-dark text-left vc_custom_1611329428846\">\n<div class=\"woodmart-title-container woodmart-text-block reset-last-child font-primary wd-font-weight-400 \">\n<div id=\"wd-5fafbca251970\" class=\"wd-text-block-wrapper wd-wpb wd-rs-5fafbca251970 color-scheme-dark text-left vc_custom_1605352620193\">\n<div class=\"woodmart-title-container woodmart-text-block reset-last-child font-primary wd-font-weight-400 \">\n<div id=\"wd-5fad4a10ebb94\" class=\"wd-text-block-wrapper wd-wpb wd-rs-5fad4a10ebb94 color-scheme-dark text-left vc_custom_1605192243372\">\n<div class=\"woodmart-title-container woodmart-text-block reset-last-child font-primary wd-font-weight-400 \">\n<div id=\"wd-5fa95db83f412\" class=\"wd-text-block-wrapper wd-wpb wd-rs-5fa95db83f412 color-scheme-dark text-left vc_custom_1604935110999\">\n<div class=\"woodmart-title-container woodmart-text-block reset-last-child font-primary wd-font-weight-400 \">\n<div id=\"wd-5fa9a33bcb59f\" class=\"wd-text-block-wrapper wd-wpb wd-rs-5fa9a33bcb59f color-scheme-dark text-left vc_custom_1604952928887\">\n<div class=\"woodmart-title-container woodmart-text-block reset-last-child font-primary wd-font-weight-400 \">\n<div id=\"wd-600acbd460545\" class=\"wd-text-block-wrapper wd-wpb wd-rs-600acbd460545 color-scheme-dark text-left vc_custom_1611320283795\">\n<div class=\"woodmart-title-container woodmart-text-block reset-last-child font-primary wd-font-weight-400 \">\n<div id=\"wd-5fa9ae9f956b0\" class=\"wd-text-block-wrapper wd-wpb wd-rs-5fa9ae9f956b0 color-scheme-dark text-left vc_custom_1604955828948\">\n<div class=\"woodmart-title-container woodmart-text-block reset-last-child font-primary wd-font-weight-400 \">\n<p data-sourcepos=\"23:1-23:908\">Notre <strong>Creatine Monohydrate<\/strong> est un compl\u00e9ment de cr\u00e9atine monohydrate pure et micronis\u00e9e de la plus haute qualit\u00e9, garantie \u00e0 200 MESH pour une assimilation optimale. La cr\u00e9atine <strong>monohydrate<\/strong> est une substance naturelle essentielle \u00e0 la production d&rsquo;\u00e9nergie dans les tissus musculaires, car elle fait partie du syst\u00e8me cr\u00e9atine-phosphate qui maintient un rapport ATP\/ADP \u00e9lev\u00e9. De nombreuses \u00e9tudes scientifiques ont montr\u00e9 qu&rsquo;une suppl\u00e9mentation en cr\u00e9atine permet de retarder l&rsquo;apparition de la fatigue musculaire, de r\u00e9duire consid\u00e9rablement l&rsquo;acide lactique et d&rsquo;augmenter de mani\u00e8re significative la synth\u00e8se des prot\u00e9ines. Cela vous permettra de vous entra\u00eener plus longtemps et avec plus d&rsquo;intensit\u00e9, tout en r\u00e9cup\u00e9rant plus rapidement entre les s\u00e9ances. C&rsquo;est le soutien id\u00e9al pour ceux qui cherchent \u00e0 am\u00e9liorer leur force, leur endurance et leur croissance musculaire. Sans lactose ni gluten, il s&rsquo;agit d&rsquo;un compl\u00e9ment s\u00fbr et de haute qualit\u00e9 pour tous les athl\u00e8tes.     <\/p>\n<\/div>\n<\/div>\n<div class=\"wpb_text_column wpb_content_element vc_custom_1611318812727 text-larger\">\n<div class=\"wpb_wrapper\">\n<p><img loading=\"lazy\" decoding=\"async\" class=\"wd-lazy-load woodmart-lazy-load wd-lazy-fade info-icon image-1 wd-loaded\" style=\"text-align: center;\" title=\"KF_Logo-Feature-Red\" src=\"http:\/\/testing-dev.keforma.ch\/wp-content\/uploads\/2020\/09\/KF_Logo-Feature-Red-45x45.png\" alt=\"KF_Logo-Feature-Red\" width=\"22\" height=\"22\" data-wood-src=\"http:\/\/testing-dev.keforma.ch\/wp-content\/uploads\/2020\/09\/KF_Logo-Feature-Red-45x45.png\" data-pagespeed-url-hash=\"3879490219\">  Retarde la fatigue<br \/>\n<img loading=\"lazy\" decoding=\"async\" class=\"wd-lazy-load woodmart-lazy-load wd-lazy-fade info-icon image-1 wd-loaded\" style=\"text-align: center;\" title=\"KF_Logo-Feature-Red\" src=\"http:\/\/testing-dev.keforma.ch\/wp-content\/uploads\/2020\/09\/KF_Logo-Feature-Red-45x45.png\" alt=\"KF_Logo-Feature-Red\" width=\"22\" height=\"22\" data-wood-src=\"http:\/\/testing-dev.keforma.ch\/wp-content\/uploads\/2020\/09\/KF_Logo-Feature-Red-45x45.png\" data-pagespeed-url-hash=\"3879490219\"><span style=\"text-align: center;\"> R\u00e9duction de l&rsquo;acide lactique<br \/>\n<\/span><img loading=\"lazy\" decoding=\"async\" class=\"wd-lazy-load woodmart-lazy-load wd-lazy-fade info-icon image-1 wd-loaded\" style=\"text-align: center;\" title=\"KF_Logo-Feature-Red\" src=\"http:\/\/testing-dev.keforma.ch\/wp-content\/uploads\/2020\/09\/KF_Logo-Feature-Red-45x45.png\" alt=\"KF_Logo-Feature-Red\" width=\"22\" height=\"22\" data-wood-src=\"http:\/\/testing-dev.keforma.ch\/wp-content\/uploads\/2020\/09\/KF_Logo-Feature-Red-45x45.png\" data-pagespeed-url-hash=\"3879490219\"><span style=\"text-align: center;\"> 100% cr\u00e9atine monohydrate 200 mesh<br \/>\n<\/span><img loading=\"lazy\" decoding=\"async\" class=\"wd-lazy-load woodmart-lazy-load wd-lazy-fade info-icon image-1 wd-loaded\" style=\"text-align: center;\" title=\"KF_Logo-Feature-Red\" src=\"http:\/\/testing-dev.keforma.ch\/wp-content\/uploads\/2020\/09\/KF_Logo-Feature-Red-45x45.png\" alt=\"KF_Logo-Feature-Red\" width=\"22\" height=\"22\" data-wood-src=\"http:\/\/testing-dev.keforma.ch\/wp-content\/uploads\/2020\/09\/KF_Logo-Feature-Red-45x45.png\" data-pagespeed-url-hash=\"3879490219\"><span style=\"text-align: center;\"> Sans lactose ni gluten<\/span><\/p>\n<\/div>\n<\/div>\n<\/div>\n<\/div>\n<\/div>\n<\/div>\n<\/div>\n<\/div>\n<\/div>\n<\/div>\n<\/div>\n<\/div>\n<\/div>\n<\/div>\n","protected":false},"excerpt":{"rendered":"<table class=\"bda-state-product\">\n<thead>\n<tr>\n<th class=\"bda-color\"><a href=\"\/categoria-prodotto\/prima\/\">Premi\u00e8re<\/a><\/th>\n<th class=\"bda-gray\"><a href=\"\/categoria-prodotto\/durante\/\">Pendant<\/a><\/th>\n<th class=\"bda-gray\"><a href=\"\/categoria-prodotto\/dopo\/\">Apr\u00e8s<\/a><\/th>\n<\/tr>\n<\/thead>\n<\/table>\n<p>Maximisez votre \u00e9nergie et votre force avec notre pure <strong>cr\u00e9atine monohydrate<\/strong> 200 MESH. Retarde la fatigue et favorise la croissance musculaire. <\/p>\n","protected":false},"featured_media":19685,"comment_status":"open","ping_status":"closed","template":"elementor_theme","meta":[],"product_brand":[],"product_cat":[743,526],"product_tag":[753,746,747,757,745,756,750,755,748,749,754,751],"class_list":{"0":"post-18471","1":"product","2":"type-product","3":"status-publish","4":"has-post-thumbnail","6":"product_cat-acides-amines","7":"product_cat-premiere","8":"product_tag-athletisme","9":"product_tag-cyclisme","10":"product_tag-endurance-fr","11":"product_tag-fitness-fr","12":"product_tag-football","13":"product_tag-gymnase","14":"product_tag-la-course-a-pied","15":"product_tag-la-musculation","16":"product_tag-natation","17":"product_tag-puissance","18":"product_tag-ski","19":"product_tag-triathlon-fr","21":"first","22":"instock","23":"taxable","24":"shipping-taxable","25":"purchasable","26":"product-type-variable","27":"has-default-attributes"},"_links":{"self":[{"href":"http:\/\/testing-dev.keforma.ch\/fr\/wp-json\/wp\/v2\/product\/18471","targetHints":{"allow":["GET"]}}],"collection":[{"href":"http:\/\/testing-dev.keforma.ch\/fr\/wp-json\/wp\/v2\/product"}],"about":[{"href":"http:\/\/testing-dev.keforma.ch\/fr\/wp-json\/wp\/v2\/types\/product"}],"replies":[{"embeddable":true,"href":"http:\/\/testing-dev.keforma.ch\/fr\/wp-json\/wp\/v2\/comments?post=18471"}],"version-history":[{"count":0,"href":"http:\/\/testing-dev.keforma.ch\/fr\/wp-json\/wp\/v2\/product\/18471\/revisions"}],"wp:featuredmedia":[{"embeddable":true,"href":"http:\/\/testing-dev.keforma.ch\/fr\/wp-json\/wp\/v2\/media\/19685"}],"wp:attachment":[{"href":"http:\/\/testing-dev.keforma.ch\/fr\/wp-json\/wp\/v2\/media?parent=18471"}],"wp:term":[{"taxonomy":"product_brand","embeddable":true,"href":"http:\/\/testing-dev.keforma.ch\/fr\/wp-json\/wp\/v2\/product_brand?post=18471"},{"taxonomy":"product_cat","embeddable":true,"href":"http:\/\/testing-dev.keforma.ch\/fr\/wp-json\/wp\/v2\/product_cat?post=18471"},{"taxonomy":"product_tag","embeddable":true,"href":"http:\/\/testing-dev.keforma.ch\/fr\/wp-json\/wp\/v2\/product_tag?post=18471"}],"curies":[{"name":"wp","href":"https:\/\/api.w.org\/{rel}","templated":true}]}}