{"id":19207,"date":"2022-10-14T09:28:41","date_gmt":"2022-10-14T09:28:41","guid":{"rendered":"https:\/\/keforma.ch\/prodotto\/bouteille-deau-elite-keforma-600-ml\/"},"modified":"2025-06-09T09:06:52","modified_gmt":"2025-06-09T09:06:52","slug":"bouteille-deau-elite-keforma-600-ml","status":"publish","type":"product","link":"http:\/\/testing-dev.keforma.ch\/fr\/prodotto\/bouteille-deau-elite-keforma-600-ml\/","title":{"rendered":"Bouteille d&rsquo;eau Elite-KeFORMA 600 ml"},"content":{"rendered":"<div id=\"wd-600aef8476f41\" class=\"wd-text-block-wrapper wd-wpb wd-rs-600aef8476f41 color-scheme-dark text-left vc_custom_1611329428846\">\n<div class=\"woodmart-title-container woodmart-text-block reset-last-child font-primary wd-font-weight-400 \">\n<div id=\"wd-5fa7dbbe84545\" class=\"wd-text-block-wrapper wd-wpb wd-rs-5fa7dbbe84545 color-scheme-dark text-left vc_custom_1604836317125\">\n<div class=\"woodmart-title-container woodmart-text-block reset-last-child font-primary wd-font-weight-400 \">\n<div id=\"wd-5fb16b2071c82\" class=\"wd-text-block-wrapper wd-wpb wd-rs-5fb16b2071c82 color-scheme-dark text-left vc_custom_1605462832817\">\n<div class=\"woodmart-title-container woodmart-text-block reset-last-child font-primary wd-font-weight-400 \">\n<div id=\"wd-6213f8de2343e\" class=\"wd-text-block-wrapper wd-wpb wd-rs-6213f8de2343e color-scheme-dark text-left vc_custom_1645476072645\">\n<div class=\"woodmart-title-container woodmart-text-block reset-last-child font-primary wd-font-weight-400 \">\n<div id=\"wd-5fae84caf2f65\" class=\"wd-text-block-wrapper wd-wpb wd-rs-5fae84caf2f65 color-scheme-dark text-left vc_custom_1605272827457\">\n<div class=\"woodmart-title-container woodmart-text-block reset-last-child font-primary wd-font-weight-400 \">\n<div id=\"wd-5fae84caf2f65\" class=\"wd-text-block-wrapper wd-wpb wd-rs-5fae84caf2f65 color-scheme-dark text-left vc_custom_1605272827457\">\n<div class=\"woodmart-title-container woodmart-text-block reset-last-child font-primary wd-font-weight-400 \">\n<div id=\"wd-5fb00549e50f6\" class=\"wd-text-block-wrapper wd-wpb wd-rs-5fb00549e50f6 color-scheme-dark text-left vc_custom_1605371215209\">\n<div class=\"woodmart-title-container woodmart-text-block reset-last-child font-primary wd-font-weight-400 \">\n<div id=\"wd-61b0e35f000c6\" class=\"wd-text-block-wrapper wd-wpb wd-rs-61b0e35f000c6 color-scheme-dark text-left vc_custom_1638983040083\">\n<div class=\"woodmart-title-container woodmart-text-block reset-last-child font-primary wd-font-weight-400 \">\n<div id=\"wd-61b0e35f000c6\" class=\"wd-text-block-wrapper wd-wpb wd-rs-61b0e35f000c6 color-scheme-dark text-left vc_custom_1638983040083\">\n<div class=\"woodmart-title-container woodmart-text-block reset-last-child font-primary wd-font-weight-400 \">Le <strong>bidon professionnel<\/strong> Loli Elite-KeFORMA de 600 ml est un accessoire haut de gamme largement reconnu dans le monde du sport et notamment parmi les cyclistes professionnels. Ce mod\u00e8le, connu dans le monde entier pour son excellence, est \u00e9galement le bidon cycliste id\u00e9al pour les \u00e9quipes professionnelles. <\/div>\n<div class=\"woodmart-title-container woodmart-text-block reset-last-child font-primary wd-font-weight-400 \">La bouteille d&rsquo;eau de sport Loli est incroyablement facile \u00e0 \u00ab presser \u00bb, ce qui vous permet de boire rapidement pendant que vous roulez. \u00c9quip\u00e9e d&rsquo;un bouchon \u00e0 vis \u00e9tanche, elle emp\u00eache toute fuite. <\/div>\n<div class=\"woodmart-title-container woodmart-text-block reset-last-child font-primary wd-font-weight-400 \">Gr\u00e2ce \u00e0 son large bouchon, il est \u00e9galement tr\u00e8s facile \u00e0 remplir et \u00e0 nettoyer.<\/div>\n<div class=\"woodmart-title-container woodmart-text-block reset-last-child font-primary wd-font-weight-400 \">Optez pour le <strong>bidon cycliste professionnel<\/strong> Loli : un produit respectueux de l&rsquo;environnement fabriqu\u00e9 en plastique 100 % recyclable.<\/div>\n<\/div>\n<\/div>\n<\/div>\n<\/div>\n<\/div>\n<\/div>\n<\/div>\n<\/div>\n<\/div>\n<\/div>\n<\/div>\n<\/div>\n<\/div>\n<\/div>\n<\/div>\n<\/div>\n<\/div>\n<div class=\"wpb_text_column wpb_content_element vc_custom_1616205360806 text-larger\">\n<div class=\"wpb_wrapper\">\n<p><img loading=\"lazy\" decoding=\"async\" class=\"wd-lazy-load woodmart-lazy-load wd-lazy-fade info-icon image-1 wd-loaded\" style=\"text-align: center;\" title=\"KF_Logo-Feature-Red\" src=\"http:\/\/testing-dev.keforma.ch\/wp-content\/uploads\/2020\/09\/KF_Logo-Feature-Red-45x45.png\" alt=\"KF_Logo-Feature-Red\" width=\"22\" height=\"22\" data-wood-src=\"http:\/\/testing-dev.keforma.ch\/wp-content\/uploads\/2020\/09\/KF_Logo-Feature-Red-45x45.png\" data-pagespeed-url-hash=\"3879490219\">  Qualit\u00e9<br \/>\n<img loading=\"lazy\" decoding=\"async\" class=\"wd-lazy-load woodmart-lazy-load wd-lazy-fade info-icon image-1 wd-loaded\" style=\"text-align: center;\" title=\"KF_Logo-Feature-Red\" src=\"http:\/\/testing-dev.keforma.ch\/wp-content\/uploads\/2020\/09\/KF_Logo-Feature-Red-45x45.png\" alt=\"KF_Logo-Feature-Red\" width=\"22\" height=\"22\" data-wood-src=\"http:\/\/testing-dev.keforma.ch\/wp-content\/uploads\/2020\/09\/KF_Logo-Feature-Red-45x45.png\" data-pagespeed-url-hash=\"3879490219\"> Fabriqu\u00e9 dans l&rsquo;UE<br \/>\n<span style=\"text-align: center;\"><img loading=\"lazy\" decoding=\"async\" class=\"wd-lazy-load woodmart-lazy-load wd-lazy-fade info-icon image-1 wd-loaded\" style=\"text-align: center;\" title=\"KF_Logo-Feature-Red\" src=\"http:\/\/testing-dev.keforma.ch\/wp-content\/uploads\/2020\/09\/KF_Logo-Feature-Red-45x45.png\" alt=\"KF_Logo-Feature-Red\" width=\"22\" height=\"22\" data-wood-src=\"http:\/\/testing-dev.keforma.ch\/wp-content\/uploads\/2020\/09\/KF_Logo-Feature-Red-45x45.png\" data-pagespeed-url-hash=\"3879490219\"> Sans plastifiant, sans bisph\u00e9nol A<br \/>\n<img loading=\"lazy\" decoding=\"async\" class=\"wd-lazy-load woodmart-lazy-load wd-lazy-fade info-icon image-1 wd-loaded\" style=\"text-align: center;\" title=\"KF_Logo-Feature-Red\" src=\"http:\/\/testing-dev.keforma.ch\/wp-content\/uploads\/2020\/09\/KF_Logo-Feature-Red-45x45.png\" alt=\"KF_Logo-Feature-Red\" width=\"22\" height=\"22\" data-wood-src=\"http:\/\/testing-dev.keforma.ch\/wp-content\/uploads\/2020\/09\/KF_Logo-Feature-Red-45x45.png\" data-pagespeed-url-hash=\"3879490219\"> Lavable au lave-vaisselle<br \/>\n<\/span><\/p>\n<\/div>\n<\/div>\n","protected":false},"excerpt":{"rendered":"<table class=\"bda-state-product\">\n<thead>\n<tr>\n<th class=\"bda-color\"><a href=\"\/categoria-prodotto\/prima\/\">Premi\u00e8re<\/a><\/th>\n<th class=\"bda-color\"><a href=\"\/categoria-prodotto\/durante\/\">Pendant<\/a><\/th>\n<th class=\"bda-color\"><a href=\"\/categoria-prodotto\/dopo\/\">Apr\u00e8s<\/a><\/th>\n<\/tr>\n<\/thead>\n<\/table>\n<p>Le <strong>bidon professionnel<\/strong> Elite-KeFORMA Loli 600ml est le choix des cyclistes, facile \u00e0 utiliser, \u00e9tanche et fabriqu\u00e9 en plastique 100% recyclable.<\/p>\n","protected":false},"featured_media":18829,"comment_status":"open","ping_status":"closed","template":"","meta":[],"product_brand":[],"product_cat":[528,558,526,530],"product_tag":[753,752,746,747,757,745,756,750,755,748,749,754,751],"class_list":{"0":"post-19207","1":"product","2":"type-product","3":"status-publish","4":"has-post-thumbnail","6":"product_cat-apres","7":"product_cat-pendant","8":"product_cat-premiere","9":"product_cat-promo-fr","10":"product_tag-athletisme","11":"product_tag-bien-etre","12":"product_tag-cyclisme","13":"product_tag-endurance-fr","14":"product_tag-fitness-fr","15":"product_tag-football","16":"product_tag-gymnase","17":"product_tag-la-course-a-pied","18":"product_tag-la-musculation","19":"product_tag-natation","20":"product_tag-puissance","21":"product_tag-ski","22":"product_tag-triathlon-fr","24":"first","25":"instock","26":"taxable","27":"shipping-taxable","28":"purchasable","29":"product-type-variable","30":"has-default-attributes"},"_links":{"self":[{"href":"http:\/\/testing-dev.keforma.ch\/fr\/wp-json\/wp\/v2\/product\/19207","targetHints":{"allow":["GET"]}}],"collection":[{"href":"http:\/\/testing-dev.keforma.ch\/fr\/wp-json\/wp\/v2\/product"}],"about":[{"href":"http:\/\/testing-dev.keforma.ch\/fr\/wp-json\/wp\/v2\/types\/product"}],"replies":[{"embeddable":true,"href":"http:\/\/testing-dev.keforma.ch\/fr\/wp-json\/wp\/v2\/comments?post=19207"}],"version-history":[{"count":0,"href":"http:\/\/testing-dev.keforma.ch\/fr\/wp-json\/wp\/v2\/product\/19207\/revisions"}],"wp:featuredmedia":[{"embeddable":true,"href":"http:\/\/testing-dev.keforma.ch\/fr\/wp-json\/wp\/v2\/media\/18829"}],"wp:attachment":[{"href":"http:\/\/testing-dev.keforma.ch\/fr\/wp-json\/wp\/v2\/media?parent=19207"}],"wp:term":[{"taxonomy":"product_brand","embeddable":true,"href":"http:\/\/testing-dev.keforma.ch\/fr\/wp-json\/wp\/v2\/product_brand?post=19207"},{"taxonomy":"product_cat","embeddable":true,"href":"http:\/\/testing-dev.keforma.ch\/fr\/wp-json\/wp\/v2\/product_cat?post=19207"},{"taxonomy":"product_tag","embeddable":true,"href":"http:\/\/testing-dev.keforma.ch\/fr\/wp-json\/wp\/v2\/product_tag?post=19207"}],"curies":[{"name":"wp","href":"https:\/\/api.w.org\/{rel}","templated":true}]}}