{"id":19212,"date":"2023-06-06T20:00:22","date_gmt":"2023-06-06T20:00:22","guid":{"rendered":"https:\/\/keforma.ch\/prodotto\/pack-barres\/"},"modified":"2025-07-07T13:37:39","modified_gmt":"2025-07-07T13:37:39","slug":"pack-barres","status":"publish","type":"product","link":"http:\/\/testing-dev.keforma.ch\/fr\/prodotto\/pack-barres\/","title":{"rendered":"PACK BARRES"},"content":{"rendered":"<div id=\"wd-600aef8476f41\" class=\"wd-text-block-wrapper wd-wpb wd-rs-600aef8476f41 color-scheme-dark text-left vc_custom_1611329428846\">\n<div class=\"woodmart-title-container woodmart-text-block reset-last-child font-primary wd-font-weight-400 \">\n<div id=\"wd-5fa7dbbe84545\" class=\"wd-text-block-wrapper wd-wpb wd-rs-5fa7dbbe84545 color-scheme-dark text-left vc_custom_1604836317125\">\n<div class=\"woodmart-title-container woodmart-text-block reset-last-child font-primary wd-font-weight-400 \">\n<div id=\"wd-5fb16b2071c82\" class=\"wd-text-block-wrapper wd-wpb wd-rs-5fb16b2071c82 color-scheme-dark text-left vc_custom_1605462832817\">\n<div class=\"woodmart-title-container woodmart-text-block reset-last-child font-primary wd-font-weight-400 \">\n<div id=\"wd-6213f8de2343e\" class=\"wd-text-block-wrapper wd-wpb wd-rs-6213f8de2343e color-scheme-dark text-left vc_custom_1645476072645\">\n<div class=\"woodmart-title-container woodmart-text-block reset-last-child font-primary wd-font-weight-400 \">\n<div id=\"wd-5fae84caf2f65\" class=\"wd-text-block-wrapper wd-wpb wd-rs-5fae84caf2f65 color-scheme-dark text-left vc_custom_1605272827457\">\n<div class=\"woodmart-title-container woodmart-text-block reset-last-child font-primary wd-font-weight-400 \">\n<div id=\"wd-5fae84caf2f65\" class=\"wd-text-block-wrapper wd-wpb wd-rs-5fae84caf2f65 color-scheme-dark text-left vc_custom_1605272827457\">\n<div class=\"woodmart-title-container woodmart-text-block reset-last-child font-primary wd-font-weight-400 \">\n<div id=\"wd-5fb00549e50f6\" class=\"wd-text-block-wrapper wd-wpb wd-rs-5fb00549e50f6 color-scheme-dark text-left vc_custom_1605371215209\">\n<div class=\"woodmart-title-container woodmart-text-block reset-last-child font-primary wd-font-weight-400 \">\n<div id=\"wd-61b0e35f000c6\" class=\"wd-text-block-wrapper wd-wpb wd-rs-61b0e35f000c6 color-scheme-dark text-left vc_custom_1638983040083\">\n<div class=\"woodmart-title-container woodmart-text-block reset-last-child font-primary wd-font-weight-400 \">\n<div id=\"wd-61b0e35f000c6\" class=\"wd-text-block-wrapper wd-wpb wd-rs-61b0e35f000c6 color-scheme-dark text-left vc_custom_1638983040083\">\n<div class=\"woodmart-title-container woodmart-text-block reset-last-child font-primary wd-font-weight-400 \">\n<div id=\"wd-61b62e81892df\" class=\"wd-text-block-wrapper wd-wpb wd-rs-61b62e81892df color-scheme-dark text-left vc_custom_1639329416889\">\n<div class=\"woodmart-title-container woodmart-text-block reset-last-child font-primary wd-font-weight-400 \">\n<div id=\"wd-5faa92e55ff92\" class=\"wd-text-block-wrapper wd-wpb wd-rs-5faa92e55ff92 color-scheme-dark text-left vc_custom_1605014277947\">\n<p data-sourcepos=\"23:1-23:810\">Le <strong>Pack Barres<\/strong> de KeFORMA est votre chance d&rsquo;explorer une gamme compl\u00e8te de <strong>barres \u00e9nerg\u00e9tiques sport<\/strong> de haute qualit\u00e9, con\u00e7ues pour vous accompagner \u00e0 chaque \u00e9tape de votre entra\u00eenement : avant, pendant et apr\u00e8s.<br \/>\nCe pack vous permettra de d\u00e9couvrir vos saveurs pr\u00e9f\u00e9r\u00e9es et de tester le protocole nutritionnel id\u00e9al, vous aidant \u00e0 vous pr\u00e9parer au mieux pour chaque d\u00e9fi et \u00e0 battre enfin votre record personnel (PB). Commandez aujourd&rsquo;hui notre Bars Pack \u00e0 un prix sp\u00e9cial et d\u00e9couvrez une alimentation adapt\u00e9e \u00e0 vos besoins, loin du sucre et de l&rsquo;industrie alimentaire classique.<br \/>\nRecevez confortablement chez vous la qualit\u00e9 KeFORMA \u00e0 un co\u00fbt vraiment imbattable.<br \/>\nC&rsquo;est aussi une excellente id\u00e9e cadeau pour les passionn\u00e9s de sport qui souhaitent varier et optimiser leur apport nutritionnel.<\/p>\n<\/div>\n<div class=\"wpb_text_column wpb_content_element vc_custom_1611324717886 text-larger\">\n<div class=\"wpb_wrapper\">\n<div class=\"product-details product-details--layout-sidebar-right product-details--description-basic\">\n<div class=\"product-details__description\">\n<div class=\"product-details-module product-details__general-info\">\n<div class=\"product-details-module__content\">\n<div id=\"productDescription\" class=\"product-details__product-description\">\n<ul>\n<li><span style=\"vertical-align: inherit;\"><span style=\"vertical-align: inherit;\">9 Kecarbo<\/span><\/span><\/li>\n<li><span style=\"vertical-align: inherit;\"><span style=\"vertical-align: inherit;\">2 Fruitbar<\/span><\/span><\/li>\n<li><span style=\"vertical-align: inherit;\"><span style=\"vertical-align: inherit;\">3 KeEnergy<\/span><\/span><\/li>\n<li><span style=\"vertical-align: inherit;\"><span style=\"vertical-align: inherit;\">3 Vegbar<\/span><\/span><\/li>\n<li><span style=\"vertical-align: inherit;\"><span style=\"vertical-align: inherit;\">4 KePro 30<\/span><\/span><\/li>\n<\/ul>\n<p>* Les saveurs sont soumises \u00e0 la disponibilit\u00e9<br \/>\n* Les informations nutritionnelles sont indiqu\u00e9es sur chaque produit.<\/p>\n<p>&nbsp;<\/p>\n<\/div>\n<\/div>\n<\/div>\n<\/div>\n<\/div>\n<\/div>\n<\/div>\n<\/div>\n<\/div>\n<\/div>\n<\/div>\n<\/div>\n<\/div>\n<\/div>\n<\/div>\n<\/div>\n<\/div>\n<\/div>\n<\/div>\n<\/div>\n<\/div>\n<\/div>\n<\/div>\n<\/div>\n<\/div>\n<\/div>\n<\/div>\n<div class=\"wpb_text_column wpb_content_element vc_custom_1616205360806 text-larger\">\n<div class=\"wpb_wrapper\">\n<p><img loading=\"lazy\" decoding=\"async\" class=\"wd-lazy-load woodmart-lazy-load wd-lazy-fade info-icon image-1 wd-loaded\" style=\"text-align: center;\" title=\"KF_Logo-Feature-Red\" src=\"http:\/\/testing-dev.keforma.ch\/wp-content\/uploads\/2020\/09\/KF_Logo-Feature-Red-45x45.png\" alt=\"KF_Logo-Feature-Red\" width=\"22\" height=\"22\" data-wood-src=\"http:\/\/testing-dev.keforma.ch\/wp-content\/uploads\/2020\/09\/KF_Logo-Feature-Red-45x45.png\" data-pagespeed-url-hash=\"3879490219\" \/> Qualit\u00e9 KeFORMA<br \/>\n<img loading=\"lazy\" decoding=\"async\" class=\"wd-lazy-load woodmart-lazy-load wd-lazy-fade info-icon image-1 wd-loaded\" style=\"text-align: center;\" title=\"KF_Logo-Feature-Red\" src=\"http:\/\/testing-dev.keforma.ch\/wp-content\/uploads\/2020\/09\/KF_Logo-Feature-Red-45x45.png\" alt=\"KF_Logo-Feature-Red\" width=\"22\" height=\"22\" data-wood-src=\"http:\/\/testing-dev.keforma.ch\/wp-content\/uploads\/2020\/09\/KF_Logo-Feature-Red-45x45.png\" data-pagespeed-url-hash=\"3879490219\" \/> Tous les go\u00fbts KeFORMA Bars<br \/>\n<span style=\"text-align: center;\"><img loading=\"lazy\" decoding=\"async\" class=\"wd-lazy-load woodmart-lazy-load wd-lazy-fade info-icon image-1 wd-loaded\" style=\"text-align: center;\" title=\"KF_Logo-Feature-Red\" src=\"http:\/\/testing-dev.keforma.ch\/wp-content\/uploads\/2020\/09\/KF_Logo-Feature-Red-45x45.png\" alt=\"KF_Logo-Feature-Red\" width=\"22\" height=\"22\" data-wood-src=\"http:\/\/testing-dev.keforma.ch\/wp-content\/uploads\/2020\/09\/KF_Logo-Feature-Red-45x45.png\" data-pagespeed-url-hash=\"3879490219\" \/> Id\u00e9e cadeau<br \/>\n<img loading=\"lazy\" decoding=\"async\" class=\"wd-lazy-load woodmart-lazy-load wd-lazy-fade info-icon image-1 wd-loaded\" style=\"text-align: center;\" title=\"KF_Logo-Feature-Red\" src=\"http:\/\/testing-dev.keforma.ch\/wp-content\/uploads\/2020\/09\/KF_Logo-Feature-Red-45x45.png\" alt=\"KF_Logo-Feature-Red\" width=\"22\" height=\"22\" data-wood-src=\"http:\/\/testing-dev.keforma.ch\/wp-content\/uploads\/2020\/09\/KF_Logo-Feature-Red-45x45.png\" data-pagespeed-url-hash=\"3879490219\" \/> Sauvegarder<br \/>\n<\/span><\/p>\n<\/div>\n<\/div>\n","protected":false},"excerpt":{"rendered":"<table class=\"bda-state-product\">\n<thead>\n<tr>\n<th class=\"bda-color\"><a href=\"\/categoria-prodotto\/prima\/\">Premi\u00e8re<\/a><\/th>\n<th class=\"bda-color\"><a href=\"\/categoria-prodotto\/durante\/\"><span style=\"vertical-align: inherit;\"><span style=\"vertical-align: inherit;\">Pendant<\/span><\/span><\/a><\/th>\n<th class=\"bda-color\"><a href=\"\/categoria-prodotto\/dopo\/\">Apr\u00e8s<\/a><\/th>\n<\/tr>\n<\/thead>\n<\/table>\n<div class=\"woocommerce-product-details__short-description\">\n<p>Le <strong>Pack Barres<\/strong>\u00a0KeFORMA est le <strong>kit barres \u00e9nerg\u00e9tiques sport<\/strong> id\u00e9al pour tester et optimiser votre nutrition avant, pendant et apr\u00e8s les entra\u00eenements, \u00e0 prix sp\u00e9cial.<\/p>\n<\/div>\n<ul>\n<li><span style=\"vertical-align: inherit;\"><span style=\"vertical-align: inherit;\">9 Kecarbo<\/span><\/span><\/li>\n<li><span style=\"vertical-align: inherit;\"><span style=\"vertical-align: inherit;\">2 Fruitbar<\/span><\/span><\/li>\n<li><span style=\"vertical-align: inherit;\"><span style=\"vertical-align: inherit;\">3 KeEnergy<\/span><\/span><\/li>\n<li><span style=\"vertical-align: inherit;\"><span style=\"vertical-align: inherit;\">3 Vegbar<\/span><\/span><\/li>\n<li><span style=\"vertical-align: inherit;\"><span style=\"vertical-align: inherit;\">4 KePro 30<\/span><\/span><\/li>\n<\/ul>\n","protected":false},"featured_media":18850,"comment_status":"open","ping_status":"closed","template":"","meta":[],"product_brand":[],"product_cat":[530],"product_tag":[759],"class_list":{"0":"post-19212","1":"product","2":"type-product","3":"status-publish","4":"has-post-thumbnail","6":"product_cat-promo-fr","7":"product_tag-tennis-fr","9":"first","10":"instock","11":"sale","12":"taxable","13":"shipping-taxable","14":"purchasable","15":"product-type-simple"},"_links":{"self":[{"href":"http:\/\/testing-dev.keforma.ch\/fr\/wp-json\/wp\/v2\/product\/19212","targetHints":{"allow":["GET"]}}],"collection":[{"href":"http:\/\/testing-dev.keforma.ch\/fr\/wp-json\/wp\/v2\/product"}],"about":[{"href":"http:\/\/testing-dev.keforma.ch\/fr\/wp-json\/wp\/v2\/types\/product"}],"replies":[{"embeddable":true,"href":"http:\/\/testing-dev.keforma.ch\/fr\/wp-json\/wp\/v2\/comments?post=19212"}],"version-history":[{"count":0,"href":"http:\/\/testing-dev.keforma.ch\/fr\/wp-json\/wp\/v2\/product\/19212\/revisions"}],"wp:featuredmedia":[{"embeddable":true,"href":"http:\/\/testing-dev.keforma.ch\/fr\/wp-json\/wp\/v2\/media\/18850"}],"wp:attachment":[{"href":"http:\/\/testing-dev.keforma.ch\/fr\/wp-json\/wp\/v2\/media?parent=19212"}],"wp:term":[{"taxonomy":"product_brand","embeddable":true,"href":"http:\/\/testing-dev.keforma.ch\/fr\/wp-json\/wp\/v2\/product_brand?post=19212"},{"taxonomy":"product_cat","embeddable":true,"href":"http:\/\/testing-dev.keforma.ch\/fr\/wp-json\/wp\/v2\/product_cat?post=19212"},{"taxonomy":"product_tag","embeddable":true,"href":"http:\/\/testing-dev.keforma.ch\/fr\/wp-json\/wp\/v2\/product_tag?post=19212"}],"curies":[{"name":"wp","href":"https:\/\/api.w.org\/{rel}","templated":true}]}}