{"id":21097,"date":"2025-09-14T19:36:14","date_gmt":"2025-09-14T19:36:14","guid":{"rendered":"https:\/\/keforma.ch\/prodotto\/chaussettes-run-v4-0-keforma-ch-par-compressport\/"},"modified":"2026-01-06T11:21:55","modified_gmt":"2026-01-06T11:21:55","slug":"chaussettes-run-v4-0-keforma-ch-par-compressport","status":"publish","type":"product","link":"http:\/\/testing-dev.keforma.ch\/fr\/prodotto\/chaussettes-run-v4-0-keforma-ch-par-compressport\/","title":{"rendered":"Chaussettes Run V4.0 KeFORMA.CH Par Compressport"},"content":{"rendered":"<p><strong><span dir=\"auto\" style=\"vertical-align: inherit;\"><span dir=\"auto\" style=\"vertical-align: inherit;\">Run V 4.0 socks KeFORMA.CH By Compressport<\/span><\/span><\/strong><\/p>\n<p>Vous cherchez la chaussette de course parfaite ? Alliez style, design et performance avec nos <strong>chaussettes de course V4.0 KeFORMA<\/strong>, cr\u00e9\u00e9es en collaboration avec <strong>Compressport<\/strong>, le leader mondial de la compression sportive. Cette chaussette n&rsquo;est pas une chaussette ordinaire : elle est le r\u00e9sultat d&rsquo;un partenariat exclusif alliant le meilleur de l&rsquo;innovation et de la qualit\u00e9.  <\/p>\n<p>&nbsp;<\/p>\n<p>Les performances \u00e9voluent. Il en va de m\u00eame pour les chaussettes de course \u00e0 pied. Pour la nouvelle g\u00e9n\u00e9ration de nos Pro Racing Socks Run V4.0, nous avons demand\u00e9 aux coureurs de nous dire exactement ce qu&rsquo;ils pr\u00e9f\u00e8rent, ce dont ils ont besoin et ce qu&rsquo;ils veulent. Le r\u00e9sultat est une chaussette de course sp\u00e9cialement con\u00e7ue pour offrir une ventilation optimale et une protection contre les ampoules, alors que vous avancez avec confiance vers votre prochain record. Le tissage technique l\u00e9ger et ventil\u00e9 \u00e9vacue rapidement l&rsquo;humidit\u00e9, laissant vos pieds au frais et au sec, m\u00eame dans les conditions les plus chaudes. La toute nouvelle bo\u00eete \u00e0 orteils, plus large, offre un ajustement plus ergonomique et une meilleure proprioception pour une adh\u00e9rence intuitive des orteils lors de l&rsquo;impact au sol et une foul\u00e9e fluide et naturelle. Le tricot l\u00e9ger autour de la cheville offre un soutien cibl\u00e9 lorsque vous acc\u00e9l\u00e9rez le rythme, tandis que le rembourrage en \u00e9ponge sur le gros orteil prot\u00e8ge contre les ongles rong\u00e9s sur les courses plus longues. Le soutien de la vo\u00fbte plantaire favorise la microcirculation et emp\u00eache la torsion du tissu et la formation de plis, ce qui pr\u00e9vient les irritations et l&rsquo;apparition d&rsquo;ampoules douloureuses. Sur le tendon d&rsquo;Achille, deux rang\u00e9es de points 3D ajoutent protection et soutien et entourent un tout nouveau jeu de points plats pour une meilleure ventilation. Sur la plante du pied, un motif de points 3D (75 %) et de points plats (25 %) amortit l&rsquo;impact en am\u00e9liorant l&rsquo;adh\u00e9rence et la ventilation ainsi qu&rsquo;une l\u00e9g\u00e8re microstimulation qui aide \u00e0 augmenter le retour veineux et \u00e0 retarder la fatigue au fur et \u00e0 mesure que les kilom\u00e8tres s&rsquo;accumulent.<br \/>\nLa chaussette est plus courte que les chaussettes de trail ou de cyclisme et pr\u00e9sente un ajustement et des technologies con\u00e7us sp\u00e9cifiquement pour les exigences de la course \u00e0 pied sur route. Une bande ergonomique \u00e0 l&rsquo;arri\u00e8re ajoute une touche de confort et de style et, si jamais vous oubliez l&rsquo;activit\u00e9 que vous allez pratiquer une fois que vous avez quitt\u00e9 la maison, la discipline est discr\u00e8tement brod\u00e9e \u00e0 l&rsquo;int\u00e9rieur. Le design \u00e9pur\u00e9 de cette chaussette high-tech est en parfaite ad\u00e9quation avec notre ADN de performance, et il ne vous reste plus qu&rsquo;\u00e0 affronter la route \u00e0 toute vitesse, dans le confort et avec classe.           <\/p>\n<p>&nbsp;<\/p>\n<p>&nbsp;<\/p>\n<p><span dir=\"auto\" style=\"vertical-align: inherit;\"><span dir=\"auto\" style=\"vertical-align: inherit;\">95% Polyamide 5% Elasthanne<\/span><\/span><\/p>\n<p><img decoding=\"async\" src=\"https:\/\/www.compressport.com\/ch\/img\/prods_entretien.png\"><\/p>\n","protected":false},"excerpt":{"rendered":"<p><strong><span dir=\"auto\" style=\"vertical-align: inherit;\"><span dir=\"auto\" style=\"vertical-align: inherit;\">Run V 4.0 socks KeFORMA.CH By Compressport<\/span><\/span><\/strong><\/p>\n<p><span dir=\"auto\" style=\"vertical-align: inherit;\"><span dir=\"auto\" style=\"vertical-align: inherit;\">Vous \u00eates \u00e0 la recherche de la chaussette de course parfaite ? Combinez style, design et performance avec nos   <\/span><\/span><strong><span dir=\"auto\" style=\"vertical-align: inherit;\"><span dir=\"auto\" style=\"vertical-align: inherit;\">Chaussettes de course KeFORMA V4.0<\/span><\/span><\/strong><span dir=\"auto\" style=\"vertical-align: inherit;\"><span dir=\"auto\" style=\"vertical-align: inherit;\">cr\u00e9\u00e9es en collaboration avec <\/span><\/span><strong><span dir=\"auto\" style=\"vertical-align: inherit;\"><span dir=\"auto\" style=\"vertical-align: inherit;\">Compressport<\/span><\/span><\/strong><span dir=\"auto\" style=\"vertical-align: inherit;\"><span dir=\"auto\" style=\"vertical-align: inherit;\">le leader mondial de la compression sportive. Ce n&rsquo;est pas une simple chaussette : c&rsquo;est le r\u00e9sultat d&rsquo;un partenariat exclusif alliant le meilleur de l&rsquo;innovation et de la qualit\u00e9. <\/span><\/span><\/p>\n","protected":false},"featured_media":21021,"comment_status":"open","ping_status":"closed","template":"","meta":[],"product_brand":[792],"product_cat":[530],"product_tag":[],"class_list":{"0":"post-21097","1":"product","2":"type-product","3":"status-publish","4":"has-post-thumbnail","6":"product_brand-keforma-ch-by-compressport","7":"product_cat-promo-fr","9":"first","10":"instock","11":"taxable","12":"shipping-taxable","13":"purchasable","14":"product-type-variable"},"_links":{"self":[{"href":"http:\/\/testing-dev.keforma.ch\/fr\/wp-json\/wp\/v2\/product\/21097","targetHints":{"allow":["GET"]}}],"collection":[{"href":"http:\/\/testing-dev.keforma.ch\/fr\/wp-json\/wp\/v2\/product"}],"about":[{"href":"http:\/\/testing-dev.keforma.ch\/fr\/wp-json\/wp\/v2\/types\/product"}],"replies":[{"embeddable":true,"href":"http:\/\/testing-dev.keforma.ch\/fr\/wp-json\/wp\/v2\/comments?post=21097"}],"version-history":[{"count":2,"href":"http:\/\/testing-dev.keforma.ch\/fr\/wp-json\/wp\/v2\/product\/21097\/revisions"}],"predecessor-version":[{"id":21277,"href":"http:\/\/testing-dev.keforma.ch\/fr\/wp-json\/wp\/v2\/product\/21097\/revisions\/21277"}],"wp:featuredmedia":[{"embeddable":true,"href":"http:\/\/testing-dev.keforma.ch\/fr\/wp-json\/wp\/v2\/media\/21021"}],"wp:attachment":[{"href":"http:\/\/testing-dev.keforma.ch\/fr\/wp-json\/wp\/v2\/media?parent=21097"}],"wp:term":[{"taxonomy":"product_brand","embeddable":true,"href":"http:\/\/testing-dev.keforma.ch\/fr\/wp-json\/wp\/v2\/product_brand?post=21097"},{"taxonomy":"product_cat","embeddable":true,"href":"http:\/\/testing-dev.keforma.ch\/fr\/wp-json\/wp\/v2\/product_cat?post=21097"},{"taxonomy":"product_tag","embeddable":true,"href":"http:\/\/testing-dev.keforma.ch\/fr\/wp-json\/wp\/v2\/product_tag?post=21097"}],"curies":[{"name":"wp","href":"https:\/\/api.w.org\/{rel}","templated":true}]}}