{"id":21099,"date":"2025-09-14T18:53:52","date_gmt":"2025-09-14T18:53:52","guid":{"rendered":"https:\/\/keforma.ch\/prodotto\/chaussettes-trail-v-4-0-keforma-ch-de-compressport\/"},"modified":"2025-09-14T18:53:52","modified_gmt":"2025-09-14T18:53:52","slug":"chaussettes-trail-v-4-0-keforma-ch-de-compressport","status":"publish","type":"product","link":"http:\/\/testing-dev.keforma.ch\/fr\/prodotto\/chaussettes-trail-v-4-0-keforma-ch-de-compressport\/","title":{"rendered":"Chaussettes Trail V 4.0 KeFORMA.CH de Compressport"},"content":{"rendered":"<p><strong>Chaussettes de trail V4.0 KeFORMA.CH Par Compressport<\/strong><\/p>\n<p>Vous cherchez la chaussette de trail id\u00e9ale ? Alliez style, design et performance avec nos <strong>chaussettes de trail V 4.0 KeFORMA<\/strong>, cr\u00e9\u00e9es en collaboration avec <strong>Compressport<\/strong>, le leader mondial de la compression sportive. Cette chaussette n&rsquo;est pas une chaussette ordinaire : elle est le fruit d&rsquo;un partenariat exclusif qui allie le meilleur de l&rsquo;innovation et de la qualit\u00e9.  <\/p>\n<p>Con\u00e7ues pour absorber les chocs et prot\u00e9ger, les chaussettes Pro Racing Socks Trail de quatri\u00e8me g\u00e9n\u00e9ration portent les technologies Compressport \u00e0 un niveau sup\u00e9rieur pour soutenir toutes vos aventures tout-terrain. Un tissage sp\u00e9cifique au trail running autour des orteils et de la partie inf\u00e9rieure de la jambe, \u00e0 la fois robuste et ventil\u00e9, \u00e9vacue rapidement l&rsquo;humidit\u00e9 et pr\u00e9vient les irritations. Le tissu plus \u00e9pais sur le cou-de-pied monte plus haut que sur nos mod\u00e8les de course pour une protection accrue, et la maille sp\u00e9cifique autour de la cheville offre une stabilit\u00e9 rassurante sur les terrains rocailleux. La toute nouvelle bo\u00eete \u00e0 orteils, plus large, offre un ajustement plus ergonomique et une meilleure proprioception pour une adh\u00e9rence intuitive des orteils et un meilleur \u00e9quilibre sur les terrains accident\u00e9s. Le rembourrage en mousse de soutien couvre tous les doigts, amortissant l&rsquo;impact dans les descentes. Le support de la vo\u00fbte plantaire \u00e0 360\u00b0 am\u00e9liore la circulation sanguine et emp\u00eache le tissu de se tordre et de se froisser, \u00e9vitant ainsi les ampoules et les irritations au fil des kilom\u00e8tres. Nos technologies uniques de points offrent une protection strat\u00e9gique contre les \u00e9l\u00e9ments dans les zones connues pour \u00eatre probl\u00e9matiques pour les coureurs de trail. Les deux mall\u00e9oles sont recouvertes de larges points en forme de soleil pour \u00e9viter les contusions qui pourraient \u00eatre caus\u00e9es par le d\u00e9placement des pieds. Deux rang\u00e9es lat\u00e9rales de points 3D courent le long des muscles du p\u00e9ron\u00e9, stimulant les r\u00e9cepteurs sensoriels pour am\u00e9liorer la proprioception et la stabilit\u00e9 de la cheville. Un large motif de points 3D court le long du tendon d&rsquo;Achille, offrant un meilleur amorti et un meilleur soutien, et entoure une rang\u00e9e de points plats qui favorisent la ventilation. Un tissage plus dense sur la semelle r\u00e9duit encore les vibrations, tandis que les points 3D absorbent les impacts et assurent une bonne adh\u00e9rence du pied dans la chaussure.          <\/p>\n<p>5% Polyamide 5% Elasthanne<\/p>\n<p><img decoding=\"async\" class=\"w-50 my-2\" src=\"https:\/\/www.compressport.com\/ch\/img\/prods_entretien.png\"><\/p>\n","protected":false},"excerpt":{"rendered":"<p>Vous cherchez la chaussette de trail id\u00e9ale ? Alliez style, design et performance avec nos <strong>chaussettes de trail V 4.0 KeFORMA<\/strong>, cr\u00e9\u00e9es en collaboration avec <strong>Compressport<\/strong>, le leader mondial de la compression sportive. Cette chaussette n&rsquo;est pas une chaussette ordinaire : elle est le fruit d&rsquo;un partenariat exclusif qui allie le meilleur de l&rsquo;innovation et de la qualit\u00e9.  <\/p>\n","protected":false},"featured_media":21015,"comment_status":"open","ping_status":"closed","template":"","meta":[],"product_brand":[792],"product_cat":[530],"product_tag":[],"class_list":{"0":"post-21099","1":"product","2":"type-product","3":"status-publish","4":"has-post-thumbnail","6":"product_brand-keforma-ch-by-compressport","7":"product_cat-promo-fr","9":"first","10":"instock","11":"taxable","12":"shipping-taxable","13":"purchasable","14":"product-type-variable"},"_links":{"self":[{"href":"http:\/\/testing-dev.keforma.ch\/fr\/wp-json\/wp\/v2\/product\/21099","targetHints":{"allow":["GET"]}}],"collection":[{"href":"http:\/\/testing-dev.keforma.ch\/fr\/wp-json\/wp\/v2\/product"}],"about":[{"href":"http:\/\/testing-dev.keforma.ch\/fr\/wp-json\/wp\/v2\/types\/product"}],"replies":[{"embeddable":true,"href":"http:\/\/testing-dev.keforma.ch\/fr\/wp-json\/wp\/v2\/comments?post=21099"}],"version-history":[{"count":0,"href":"http:\/\/testing-dev.keforma.ch\/fr\/wp-json\/wp\/v2\/product\/21099\/revisions"}],"wp:featuredmedia":[{"embeddable":true,"href":"http:\/\/testing-dev.keforma.ch\/fr\/wp-json\/wp\/v2\/media\/21015"}],"wp:attachment":[{"href":"http:\/\/testing-dev.keforma.ch\/fr\/wp-json\/wp\/v2\/media?parent=21099"}],"wp:term":[{"taxonomy":"product_brand","embeddable":true,"href":"http:\/\/testing-dev.keforma.ch\/fr\/wp-json\/wp\/v2\/product_brand?post=21099"},{"taxonomy":"product_cat","embeddable":true,"href":"http:\/\/testing-dev.keforma.ch\/fr\/wp-json\/wp\/v2\/product_cat?post=21099"},{"taxonomy":"product_tag","embeddable":true,"href":"http:\/\/testing-dev.keforma.ch\/fr\/wp-json\/wp\/v2\/product_tag?post=21099"}],"curies":[{"name":"wp","href":"https:\/\/api.w.org\/{rel}","templated":true}]}}