{"id":21101,"date":"2025-09-03T19:27:38","date_gmt":"2025-09-03T19:27:38","guid":{"rendered":"https:\/\/keforma.ch\/prodotto\/t-shirt-keforma-ch-by-compressport\/"},"modified":"2025-09-03T19:27:38","modified_gmt":"2025-09-03T19:27:38","slug":"t-shirt-keforma-ch-by-compressport","status":"publish","type":"product","link":"http:\/\/testing-dev.keforma.ch\/fr\/prodotto\/t-shirt-keforma-ch-by-compressport\/","title":{"rendered":"T-Shirt KeFORMA.CH By Compressport"},"content":{"rendered":"<p><b>T-Shirt exclusif Running KeFORMA.CH par Compressport<\/b><\/p>\n<p>Vous cherchez le t-shirt de course id\u00e9al ? Combinez style, design et performance avec nos <b>t-shirts techniques KeFORMA<\/b>, cr\u00e9\u00e9s en collaboration avec <b>Compressport<\/b>, le leader mondial de la compression sportive. Ce n&rsquo;est pas un simple t-shirt : c&rsquo;est le r\u00e9sultat d&rsquo;un partenariat exclusif qui allie le meilleur de l&rsquo;innovation et de la qualit\u00e9.  <\/p>\n<p>Id\u00e9aux pour ceux qui ne sont pas satisfaits, nos t-shirts offrent le <b>nec plus ultra en mati\u00e8re de performance et de style<\/b>. Que vous couriez en plaine ou sur les sentiers de montagne, leur coupe sportive, associ\u00e9e \u00e0 des zones de ventilation cibl\u00e9es, garantit un confort exceptionnel et une thermor\u00e9gulation efficace. <\/p>\n<p>Chaque chemise est le r\u00e9sultat d&rsquo;un engagement en faveur de la qualit\u00e9 et de la durabilit\u00e9. Fabriqu\u00e9 dans la r\u00e9gion Euromed, le partenariat avec Compressport garantit des mat\u00e9riaux techniques et durables tout en mettant l&rsquo;accent sur la tra\u00e7abilit\u00e9 et la r\u00e9duction de l&rsquo;impact sur l&rsquo;environnement. <\/p>\n<p class=\"sublabel mb-3\">90% Polyamide 10% Elasthanne<\/p>\n<p><img decoding=\"async\" class=\"w-50 my-2\" src=\"https:\/\/www.compressport.com\/ch\/img\/prods_entretien.png\"><\/p>\n","protected":false},"excerpt":{"rendered":"<h5><b>Compressport by KeFORMA Running T-Shirt : Confort et performance<\/b><\/h5>\n<p>Vous \u00eates \u00e0 la recherche du t-shirt de course \u00e0 pied id\u00e9al qui allie confort et technologie de pointe ? Notre tout nouveau <b>t-shirt \u00e0 manches courtes KeFORMA.CH by Compressport<\/b> a \u00e9t\u00e9 cr\u00e9\u00e9 pour vous. Que vous pr\u00e9f\u00e9riez une coupe pr\u00e8s du corps ou une sensation moins contraignante, ce maillot technique offre le bon \u00e9quilibre entre style et fonctionnalit\u00e9.  <\/p>\n","protected":false},"featured_media":20971,"comment_status":"open","ping_status":"closed","template":"","meta":[],"product_brand":[792],"product_cat":[530],"product_tag":[],"class_list":{"0":"post-21101","1":"product","2":"type-product","3":"status-publish","4":"has-post-thumbnail","6":"product_brand-keforma-ch-by-compressport","7":"product_cat-promo-fr","9":"first","10":"instock","11":"taxable","12":"shipping-taxable","13":"purchasable","14":"product-type-variable"},"_links":{"self":[{"href":"http:\/\/testing-dev.keforma.ch\/fr\/wp-json\/wp\/v2\/product\/21101","targetHints":{"allow":["GET"]}}],"collection":[{"href":"http:\/\/testing-dev.keforma.ch\/fr\/wp-json\/wp\/v2\/product"}],"about":[{"href":"http:\/\/testing-dev.keforma.ch\/fr\/wp-json\/wp\/v2\/types\/product"}],"replies":[{"embeddable":true,"href":"http:\/\/testing-dev.keforma.ch\/fr\/wp-json\/wp\/v2\/comments?post=21101"}],"version-history":[{"count":0,"href":"http:\/\/testing-dev.keforma.ch\/fr\/wp-json\/wp\/v2\/product\/21101\/revisions"}],"wp:featuredmedia":[{"embeddable":true,"href":"http:\/\/testing-dev.keforma.ch\/fr\/wp-json\/wp\/v2\/media\/20971"}],"wp:attachment":[{"href":"http:\/\/testing-dev.keforma.ch\/fr\/wp-json\/wp\/v2\/media?parent=21101"}],"wp:term":[{"taxonomy":"product_brand","embeddable":true,"href":"http:\/\/testing-dev.keforma.ch\/fr\/wp-json\/wp\/v2\/product_brand?post=21101"},{"taxonomy":"product_cat","embeddable":true,"href":"http:\/\/testing-dev.keforma.ch\/fr\/wp-json\/wp\/v2\/product_cat?post=21101"},{"taxonomy":"product_tag","embeddable":true,"href":"http:\/\/testing-dev.keforma.ch\/fr\/wp-json\/wp\/v2\/product_tag?post=21101"}],"curies":[{"name":"wp","href":"https:\/\/api.w.org\/{rel}","templated":true}]}}