{"id":9997,"date":"2022-10-05T09:03:50","date_gmt":"2022-10-05T09:03:50","guid":{"rendered":"https:\/\/xmy.ch\/shop\/whey-plus-protein-powder-80\/"},"modified":"2025-07-14T11:35:46","modified_gmt":"2025-07-14T11:35:46","slug":"poudre-de-proteines-whey-plus-80","status":"publish","type":"product","link":"http:\/\/testing-dev.keforma.ch\/fr\/prodotto\/poudre-de-proteines-whey-plus-80\/","title":{"rendered":"Poudre de prot\u00e9ines Whey Plus 80"},"content":{"rendered":"<div id=\"wd-6057fb79eb014\" class=\"wd-text-block-wrapper wd-wpb wd-rs-6057fb79eb014 color-scheme-dark text-left vc_custom_1616378763982\">\n<div class=\"woodmart-title-container woodmart-text-block reset-last-child font-primary wd-font-weight-400 \">\n<div id=\"wd-600ab098bf93b\" class=\"wd-text-block-wrapper wd-wpb wd-rs-600ab098bf93b color-scheme-dark text-left vc_custom_1611313320399\">\n<div class=\"woodmart-title-container woodmart-text-block reset-last-child font-primary wd-font-weight-400 \">\n<p><b>WHEY PLUS 80<\/b> est notre <b>prot\u00e9ine de lactos\u00e9rum WHEY<\/b> de haute qualit\u00e9, un compl\u00e9ment prot\u00e9ique essentiel pour les athl\u00e8tes et les culturistes.<\/p>\n<p>Compos\u00e9e de concentr\u00e9 de prot\u00e9ines de lactos\u00e9rum pur, elle offre un apport id\u00e9al en acides amin\u00e9s, cruciaux pour le d\u00e9veloppement et la r\u00e9cup\u00e9ration musculaire.<br \/>\nQue vous cherchiez \u00e0 construire de la masse ou \u00e0 optimiser votre r\u00e9cup\u00e9ration apr\u00e8s un entra\u00eenement intense, cette <b>prot\u00e9ine de lactos\u00e9rum WHEY<\/b> est con\u00e7ue pour r\u00e9pondre \u00e0 vos besoins \u00e9lev\u00e9s en prot\u00e9ines.<\/p>\n<\/div>\n<\/div>\n<\/div>\n<\/div>\n<div class=\"wpb_text_column wpb_content_element vc_custom_1616378936846 text-larger\">\n<div class=\"wpb_wrapper\"><\/div>\n<\/div>\n<div class=\"wpb_text_column wpb_content_element vc_custom_1616205360806 text-larger\">\n<div class=\"wpb_wrapper\">\n<p><img loading=\"lazy\" decoding=\"async\" class=\"wd-lazy-load woodmart-lazy-load wd-lazy-fade info-icon image-1 wd-loaded\" style=\"text-align: center;\" title=\"KF_Logo-Feature-Red\" src=\"http:\/\/testing-dev.keforma.ch\/wp-content\/uploads\/2020\/09\/KF_Logo-Feature-Red-45x45.png\" alt=\"KF_Logo-Feature-Red\" width=\"22\" height=\"22\" data-wood-src=\"http:\/\/testing-dev.keforma.ch\/wp-content\/uploads\/2020\/09\/KF_Logo-Feature-Red-45x45.png\" data-pagespeed-url-hash=\"3879490219\" \/> Prot\u00e9ines \u00e0 lib\u00e9ration prolong\u00e9e<span style=\"text-align: center;\"><br \/>\n<img loading=\"lazy\" decoding=\"async\" class=\"wd-lazy-load woodmart-lazy-load wd-lazy-fade info-icon image-1 wd-loaded\" style=\"text-align: center;\" title=\"KF_Logo-Feature-Red\" src=\"http:\/\/testing-dev.keforma.ch\/wp-content\/uploads\/2020\/09\/KF_Logo-Feature-Red-45x45.png\" alt=\"KF_Logo-Feature-Red\" width=\"22\" height=\"22\" data-wood-src=\"http:\/\/testing-dev.keforma.ch\/wp-content\/uploads\/2020\/09\/KF_Logo-Feature-Red-45x45.png\" data-pagespeed-url-hash=\"3879490219\" \/> Haute digestibilit\u00e9<br \/>\n<img loading=\"lazy\" decoding=\"async\" class=\"wd-lazy-load woodmart-lazy-load wd-lazy-fade info-icon image-1 wd-loaded\" style=\"text-align: center;\" title=\"KF_Logo-Feature-Red\" src=\"http:\/\/testing-dev.keforma.ch\/wp-content\/uploads\/2020\/09\/KF_Logo-Feature-Red-45x45.png\" alt=\"KF_Logo-Feature-Red\" width=\"22\" height=\"22\" data-wood-src=\"http:\/\/testing-dev.keforma.ch\/wp-content\/uploads\/2020\/09\/KF_Logo-Feature-Red-45x45.png\" data-pagespeed-url-hash=\"3879490219\" \/> Profil complet d&rsquo;acides amin\u00e9s<br \/>\n<img loading=\"lazy\" decoding=\"async\" class=\"wd-lazy-load woodmart-lazy-load wd-lazy-fade info-icon image-1 wd-loaded\" style=\"text-align: center;\" title=\"KF_Logo-Feature-Red\" src=\"http:\/\/testing-dev.keforma.ch\/wp-content\/uploads\/2020\/09\/KF_Logo-Feature-Red-45x45.png\" alt=\"KF_Logo-Feature-Red\" width=\"22\" height=\"22\" data-wood-src=\"http:\/\/testing-dev.keforma.ch\/wp-content\/uploads\/2020\/09\/KF_Logo-Feature-Red-45x45.png\" data-pagespeed-url-hash=\"3879490219\" \/> Sans gluten<\/span><span style=\"text-align: center;\"><br \/>\n<\/span><\/p>\n<\/div>\n<\/div>\n","protected":false},"excerpt":{"rendered":"<table class=\"bda-state-product\">\n<thead>\n<tr>\n<th class=\"bda-color\"><a href=\"fr\/categoria-prodotto\/avant\/\">Avant<\/a><\/th>\n<th class=\"bda-gray\"><a href=\"fr\/categoria-prodotto\/pendant\/\">Pendant<\/a><\/th>\n<th class=\"bda-color\"><a href=\"fr\/categoria-prodotto\/apres\/\">Apr\u00e8s<\/a><\/th>\n<\/tr>\n<\/thead>\n<\/table>\n<p>WHEY PLUS 80 est la <b>prot\u00e9ine de lactos\u00e9rum WHEY<\/b> id\u00e9ale pour le d\u00e9veloppement et la r\u00e9cup\u00e9ration musculaire, avec un apport optimal en acides amin\u00e9s pour les athl\u00e8tes.<\/p>\n","protected":false},"featured_media":19675,"comment_status":"open","ping_status":"closed","template":"","meta":[],"product_brand":[],"product_cat":[528,526,739],"product_tag":[752,747,755,749],"class_list":{"0":"post-9997","1":"product","2":"type-product","3":"status-publish","4":"has-post-thumbnail","6":"product_cat-apres","7":"product_cat-premiere","8":"product_cat-proteines","9":"product_tag-bien-etre","10":"product_tag-endurance-fr","11":"product_tag-la-musculation","12":"product_tag-puissance","14":"first","15":"instock","16":"taxable","17":"shipping-taxable","18":"purchasable","19":"product-type-variable"},"_links":{"self":[{"href":"http:\/\/testing-dev.keforma.ch\/fr\/wp-json\/wp\/v2\/product\/9997","targetHints":{"allow":["GET"]}}],"collection":[{"href":"http:\/\/testing-dev.keforma.ch\/fr\/wp-json\/wp\/v2\/product"}],"about":[{"href":"http:\/\/testing-dev.keforma.ch\/fr\/wp-json\/wp\/v2\/types\/product"}],"replies":[{"embeddable":true,"href":"http:\/\/testing-dev.keforma.ch\/fr\/wp-json\/wp\/v2\/comments?post=9997"}],"version-history":[{"count":0,"href":"http:\/\/testing-dev.keforma.ch\/fr\/wp-json\/wp\/v2\/product\/9997\/revisions"}],"wp:featuredmedia":[{"embeddable":true,"href":"http:\/\/testing-dev.keforma.ch\/fr\/wp-json\/wp\/v2\/media\/19675"}],"wp:attachment":[{"href":"http:\/\/testing-dev.keforma.ch\/fr\/wp-json\/wp\/v2\/media?parent=9997"}],"wp:term":[{"taxonomy":"product_brand","embeddable":true,"href":"http:\/\/testing-dev.keforma.ch\/fr\/wp-json\/wp\/v2\/product_brand?post=9997"},{"taxonomy":"product_cat","embeddable":true,"href":"http:\/\/testing-dev.keforma.ch\/fr\/wp-json\/wp\/v2\/product_cat?post=9997"},{"taxonomy":"product_tag","embeddable":true,"href":"http:\/\/testing-dev.keforma.ch\/fr\/wp-json\/wp\/v2\/product_tag?post=9997"}],"curies":[{"name":"wp","href":"https:\/\/api.w.org\/{rel}","templated":true}]}}