{"id":19234,"date":"2024-11-12T22:56:30","date_gmt":"2024-11-12T22:56:30","guid":{"rendered":"https:\/\/keforma.ch\/datenschutzbestimmungen\/"},"modified":"2025-03-05T20:10:08","modified_gmt":"2025-03-05T20:10:08","slug":"datenschutzbestimmungen","status":"publish","type":"page","link":"https:\/\/testing-dev.keforma.ch\/de\/datenschutzbestimmungen\/","title":{"rendered":"Datenschutzbestimmungen"},"content":{"rendered":"\n<h2 class=\"wp-block-heading\">Datenschutzrichtlinie von Keforma.ch - xmy Sagl<\/h2>\n\n<p>Diese Datenschutzrichtlinie beschreibt, wie Ihre pers\u00f6nlichen Daten gesammelt, verwendet und weitergegeben werden, wenn Sie keforma.ch (die &#8222;Website&#8220;) besuchen oder dort einen Kauf t\u00e4tigen.<\/p>\n\n<h3 class=\"wp-block-heading\">Sammlung pers\u00f6nlicher Daten<\/h3>\n\n<p>Wenn Sie die Website besuchen, erfassen wir automatisch bestimmte Informationen von Ihrem Ger\u00e4t, einschlie\u00dflich Browserdaten, IP-Adresse, Zeitzone und Daten von bestimmten Cookies, die auf Ihrem Ger\u00e4t installiert sind. Wenn Sie auf der Website surfen, erfassen wir dar\u00fcber hinaus spezifische Informationen \u00fcber die von Ihnen angezeigten Webseiten und Produkte, die Websites oder Suchbegriffe, die Sie auf die Website gef\u00fchrt haben, und dar\u00fcber, wie Sie mit der Website interagieren. Wir bezeichnen diese automatisch erfassten Informationen als &#8222;Ger\u00e4teinformationen&#8220;.  <\/p>\n\n<h3 class=\"wp-block-heading\">Wir sammeln Informationen \u00fcber das Ger\u00e4t mit den folgenden Technologien:<\/h3>\n\n<p>  - Cookies&#8220; sind Datendateien, die auf Ihrem Ger\u00e4t oder Computer gespeichert werden und oft einen eindeutigen anonymen Identifikationscode enthalten. Weitere Informationen \u00fcber Cookies und wie Sie sie deaktivieren k\u00f6nnen, finden Sie unter http:\/\/www.allaboutcookies.org. <\/p>\n\n<p>  - Logfiles&#8216; verfolgen die Aktionen, die auf der Website stattfinden, und sammeln Daten wie IP-Adresse, Browsertyp, Internet Service Provider, verweisende\/verlassende Seiten und Datums-\/Zeitstempel.<\/p>\n\n<p>  - &#8218;Web Beacons&#8216;, &#8218;Tags&#8216; und &#8218;Pixel&#8216; sind elektronische Dateien, die verwendet werden, um Daten dar\u00fcber aufzuzeichnen, wie Sie auf der Website navigieren.<\/p>\n\n<p>Wenn Sie einen Kauf t\u00e4tigen oder versuchen, einen Kauf \u00fcber die Website zu t\u00e4tigen, erfassen wir au\u00dferdem bestimmte Informationen \u00fcber Sie, einschlie\u00dflich Ihres Vor- und Nachnamens, Ihrer Rechnungsadresse, Ihrer Lieferadresse, Ihrer Zahlungsinformationen (einschlie\u00dflich Kreditkartennummern (dieser Service wird von dem Plug-in-Unternehmen Worldline&#8217;s Saferpay abgewickelt), Ihrer E-Mail-Adresse und Ihrer Telefonnummer. Wir nennen diese Daten &#8218;Bestellinformationen&#8216;. <\/p>\n\n<p>Wenn wir in dieser Datenschutzrichtlinie von &#8222;pers\u00f6nlichen Daten&#8220; sprechen, beziehen wir uns sowohl auf Ger\u00e4te- als auch auf Bestellinformationen.<\/p>\n\n<p>.<\/p>\n\n<h3 class=\"wp-block-heading\">Wie verwenden wir Ihre pers\u00f6nlichen Daten?<\/h3>\n\n<p>Wir verwenden die Bestellinformationen im Allgemeinen, um die \u00fcber die Website aufgegebenen Bestellungen zu bearbeiten (einschlie\u00dflich der Bearbeitung von Zahlungsdetails, der Organisation des Versands und der Zustellung von Rechnungen und\/oder Auftragsbest\u00e4tigungen). Wir verwenden die Bestellinformationen auch, um: <\/p>\n\n<p>Mit Ihnen kommunizieren;<\/p>\n\n<p>Bestellungen auf potenzielle Risiken oder Betrug zu pr\u00fcfen; Ihnen Informationen oder Werbung \u00fcber unsere Produkte oder Dienstleistungen zukommen zu lassen, sofern dies mit den von Ihnen ge\u00e4u\u00dferten Pr\u00e4ferenzen \u00fcbereinstimmt.<\/p>\n\n<p>Wir verwenden die gesammelten Ger\u00e4tedaten (insbesondere Ihre IP-Adresse), um potenzielle Risiken oder Betrug zu pr\u00fcfen und ganz allgemein, um unsere Website zu verbessern und zu optimieren (z. B. durch die Erstellung von Analysedaten dar\u00fcber, wie unsere Kunden auf der Website surfen und mit ihr interagieren, und um den Erfolg unserer Werbe- und Marketingkampagnen zu bewerten).<\/p>\n\n<h3 class=\"wp-block-heading\">Offenlegung Ihrer pers\u00f6nlichen Daten<\/h3>\n\n<p>Wir teilen Ihre pers\u00f6nlichen Daten mit Drittunternehmen, die uns bei der Durchf\u00fchrung der oben beschriebenen Aktivit\u00e4ten helfen. Zum Beispiel verwenden wir Woocommerce f\u00fcr die Technologie unseres Online-Shops. Weitere Informationen dar\u00fcber, wie Woocommerce Ihre pers\u00f6nlichen Daten verwendet, finden Sie hier: <a href=\"https:\/\/https\/\/woocommerce.com\/\">https:\/\/https:\/\/woocommerce.com\/<\/a><br\/>Wir verwenden auch Google Analytics, um zu analysieren, wie Kunden die Website nutzen. Weitere Informationen dar\u00fcber, wie Google Ihre pers\u00f6nlichen Daten verwendet, finden Sie hier: <a href=\"https:\/\/www.google.com\/intl\/it\/policies\/privacy\/\" target=\"_blank\" rel=\"noreferrer noopener\">https:\/\/www.google.com\/intl\/it\/policies\/privacy\/.<\/a> <br\/>Sie k\u00f6nnen Google Analytics hier deaktivieren: <a href=\"https:\/\/tools.google.com\/dlpage\/gaoptout\" target=\"_blank\" rel=\"noreferrer noopener\">https:\/\/tools.google.com\/dlpage\/gaoptout.<\/a>   <\/p>\n\n<p>Schlie\u00dflich k\u00f6nnen wir Ihre pers\u00f6nlichen Daten auch an Dritte weitergeben, um geltende Gesetze und Vorschriften einzuhalten, auf Vorladungen, Durchsuchungsbefehle oder andere rechtm\u00e4\u00dfige Anfragen nach erhaltenen Daten zu reagieren oder unsere Rechte anderweitig zu sch\u00fctzen.<\/p>\n\n<h3 class=\"wp-block-heading\">Anzeige<\/h3>\n\n<p>Wie oben beschrieben, verwenden wir Ihre pers\u00f6nlichen Daten, um Ihnen gezielte Werbung oder Marketingkommunikation zukommen zu lassen, von der wir glauben, dass sie f\u00fcr Sie von Interesse sein k\u00f6nnte. Weitere Informationen dar\u00fcber, wie gezielte Werbung funktioniert, finden Sie auf der Bildungsseite der Network Advertising Initiative (&#8222;NAI&#8220;) unter <a href=\"http:\/\/www.networkadvertising.org\/understanding-online-advertising\/how-does-it-work.\" target=\"_blank\" rel=\"noreferrer noopener\">http:\/\/www.networkadvertising.org\/understanding-online-advertising\/how-does-it-work.<\/a> <\/p>\n\n<p>Sie k\u00f6nnen gezielte Werbung von hier aus deaktivieren:<\/p>\n\n<p>  DIE LINKS:<\/p>\n\n<p>  FACEBOOK - <a href=\"https:\/\/www.facebook.com\/settings\/?tab=ads\" target=\"_blank\" rel=\"noreferrer noopener\">https:\/\/www.facebook.com\/settings\/?tab=ads<\/a><\/p>\n\n<p>  GOOGLE - <a href=\"https:\/\/www.google.com\/settings\/ads\/anonymous\" target=\"_blank\" rel=\"noreferrer noopener\">https:\/\/www.google.com\/settings\/ads\/anonymous<\/a><\/p>\n\n<p>  BING <a href=\"https:\/\/about.ads.microsoft.com\/it-it\/risorse\/informative\/annunci-personalizzati\" target=\"_blank\" rel=\"noreferrer noopener\">- https:\/\/about.ads.microsoft.com\/it-it\/risorse\/informative\/annunci-personalizzati<\/a><\/p>\n\n<p>Dar\u00fcber hinaus k\u00f6nnen Sie einige dieser Dienste ausdr\u00fccklich ablehnen, indem Sie das Portal der Digital Advertising Alliance f\u00fcr den Widerruf digitaler Werbung besuchen: <a href=\"http:\/\/optout.aboutads.info\/\" target=\"_blank\" rel=\"noreferrer noopener\">http:\/\/optout.aboutads.info\/.<\/a><\/p>\n\n<h2 class=\"wp-block-heading\">Nicht verfolgen<\/h2>\n\n<p>Bitte beachten Sie, dass wir die Praktiken der Datenerfassung und -nutzung auf unserer Website nicht \u00e4ndern, wenn das &#8222;Do Not Track&#8220;-Signal Ihres Browsers aktiviert ist.<\/p>\n\n<h2 class=\"wp-block-heading\">Ihre Rechte<\/h2>\n\n<p>Wenn Sie Ihren Wohnsitz in Europa haben, haben Sie das Recht, auf die personenbezogenen Daten, die wir \u00fcber Sie gespeichert haben, zuzugreifen und zu verlangen, dass diese aktualisiert, korrigiert oder gel\u00f6scht werden. Wenn Sie von diesem Recht Gebrauch machen m\u00f6chten, kontaktieren Sie uns bitte unter den unten angegebenen Kontaktdaten. <\/p>\n\n<p>Wenn Sie sich in Europa befinden, beachten Sie bitte au\u00dferdem, dass wir Ihre Daten auch verarbeiten, um vertragliche Verpflichtungen Ihnen gegen\u00fcber zu erf\u00fcllen (z.B. in Verbindung mit Bestellungen, die Sie \u00fcber die Website aufgeben) oder um anderweitig unsere berechtigten Gesch\u00e4ftsinteressen zu verfolgen, wie oben dargelegt. Bitte beachten Sie au\u00dferdem, dass Ihre Daten in L\u00e4nder au\u00dferhalb Europas, einschlie\u00dflich Kanada und den Vereinigten Staaten, \u00fcbertragen werden. <\/p>\n\n<h2 class=\"wp-block-heading\">Aufbewahrung von Daten<\/h2>\n\n<p>Wenn Sie \u00fcber die Website Bestellungen aufgeben, bewahren wir die Bestellinformationen in unseren Unterlagen auf, bis Sie uns bitten, diese Informationen zu l\u00f6schen.<\/p>\n\n<h2 class=\"wp-block-heading\">Modifikationen<\/h2>\n\n<p>Wir behalten uns vor, diese Datenschutzerkl\u00e4rung von Zeit zu Zeit zu aktualisieren, z.B. um \u00c4nderungen an unseren Verfahren oder aus anderen betrieblichen, rechtlichen oder regulatorischen Gr\u00fcnden zu ber\u00fccksichtigen.<\/p>\n\n<h2 class=\"wp-block-heading\">Kontaktieren Sie uns<\/h2>\n\n<p>F\u00fcr weitere Informationen \u00fcber unsere Datenschutzverfahren, wenn Sie Fragen haben oder eine Beschwerde einreichen m\u00f6chten, senden Sie uns bitte eine E-Mail an info &#8222;at &#8222;keforma.ch oder kontaktieren Sie uns per Post unter den folgenden Adressen:<\/p>\n\n<p>Verwaltung:<br\/>xmy Sagl<br\/>Via Tamporiva 5<br\/>6533 Lumino - Schweiz<\/p>\n","protected":false},"excerpt":{"rendered":"<p>Datenschutzrichtlinie von Keforma.ch - xmy Sagl Diese Datenschutzrichtlinie beschreibt, wie Ihre pers\u00f6nlichen Daten gesammelt, verwendet und weitergegeben werden, wenn Sie<\/p>\n","protected":false},"author":1,"featured_media":0,"parent":0,"menu_order":0,"comment_status":"closed","ping_status":"open","template":"","meta":{"footnotes":""},"class_list":["post-19234","page","type-page","status-publish","hentry"],"_links":{"self":[{"href":"https:\/\/testing-dev.keforma.ch\/de\/wp-json\/wp\/v2\/pages\/19234","targetHints":{"allow":["GET"]}}],"collection":[{"href":"https:\/\/testing-dev.keforma.ch\/de\/wp-json\/wp\/v2\/pages"}],"about":[{"href":"https:\/\/testing-dev.keforma.ch\/de\/wp-json\/wp\/v2\/types\/page"}],"author":[{"embeddable":true,"href":"https:\/\/testing-dev.keforma.ch\/de\/wp-json\/wp\/v2\/users\/1"}],"replies":[{"embeddable":true,"href":"https:\/\/testing-dev.keforma.ch\/de\/wp-json\/wp\/v2\/comments?post=19234"}],"version-history":[{"count":0,"href":"https:\/\/testing-dev.keforma.ch\/de\/wp-json\/wp\/v2\/pages\/19234\/revisions"}],"wp:attachment":[{"href":"https:\/\/testing-dev.keforma.ch\/de\/wp-json\/wp\/v2\/media?parent=19234"}],"curies":[{"name":"wp","href":"https:\/\/api.w.org\/{rel}","templated":true}]}}