{"id":19270,"date":"2025-03-05T19:47:58","date_gmt":"2025-03-05T19:47:58","guid":{"rendered":"https:\/\/keforma.ch\/bedingungen-und-konditionen\/"},"modified":"2025-03-05T20:10:08","modified_gmt":"2025-03-05T20:10:08","slug":"bedingungen-und-konditionen","status":"publish","type":"page","link":"https:\/\/testing-dev.keforma.ch\/de\/bedingungen-und-konditionen\/","title":{"rendered":"Bedingungen und Konditionen"},"content":{"rendered":"\n<h2 class=\"wp-block-heading\">Angebot<\/h2>\n\n<p>Ihre Bestellung wird innerhalb von zwei Werktagen bearbeitet. Ihre Bestellung wird per Kurier versandt.<br\/>Wenn die Lieferung nicht innerhalb einer Woche erfolgen kann, werden Sie durch eine schriftliche Mitteilung direkt im Paket informiert.<br\/>Eine versp\u00e4tete Lieferung f\u00fchrt nicht zu Schadensersatzanspr\u00fcchen. <\/p>\n\n<h2 class=\"wp-block-heading\">Mindestbestellung<\/h2>\n\n<p>F\u00fcr Online-Bestellungen in unserem Shop gibt es keinen Mindestbestellwert.<\/p>\n\n<h2 class=\"wp-block-heading\">Preise<\/h2>\n\n<p>Alle Preise sind in CHF (Schweizer Franken) angegeben und enthalten die gesetzliche Mehrwertsteuer.<\/p>\n\n<h2 class=\"wp-block-heading\">Kosten f\u00fcr den Versand<\/h2>\n\n<p>Die Lieferung erfolgt ausschlie\u00dflich innerhalb der Schweiz.<br\/>Bis zu einem Bestellwert von CHF 149,- wird eine Versandkostenpauschale von CHF 9,99 berechnet.<br\/>F\u00fcr Bestellungen &gt; CHF 150.<\/p>\n\n<h2 class=\"wp-block-heading\">Reklamationen, R\u00fccksendungen oder Umtausch<\/h2>\n\n<p>Waren werden grunds\u00e4tzlich nicht umgetauscht, die einzige Ausnahme sind fehlerhafte und\/oder besch\u00e4digte Waren.<\/p>\n\n<h2 class=\"wp-block-heading\">Haftungsausschluss<\/h2>\n\n<p>Wir m\u00f6chten Sie darauf aufmerksam machen, dass wir die Rechtskonformit\u00e4t unserer Werbetexte aufgrund der unterschiedlichen Rechtsprechung und Auslegungen durch die Aufsichtsbeh\u00f6rden in den verschiedenen L\u00e4ndern nicht garantieren k\u00f6nnen.<br\/>Die Texte sind nach bestem Wissen und Gewissen verfasst, aber die Ver\u00f6ffentlichung von Formulierungen auf der Seite Keforma.ch und\/oder Informationsbl\u00e4ttern erfolgt ausschlie\u00dflich auf Ihr eigenes Risiko.<\/p>\n\n<h2 class=\"wp-block-heading\">Fragen<\/h2>\n\n<p>Gerne beantworten wir Ihre Fragen, indem Sie eine E-Mail an info &#8222;at &#8222;keforma.ch senden.<\/p>\n\n<h2 class=\"wp-block-heading\">Zahlungsarten<\/h2>\n\n<p>Vorauszahlung, Postcard, Visa, Mastercard, American Express und Twint.<br\/>Zahlungen werden mit SSL-Verschl\u00fcsselung \u00fcber Saferpay\/Worldline abgewickelt.<\/p>\n\n<h2 class=\"wp-block-heading\">Versp\u00e4tete Zahlung<\/h2>\n\n<p>Nach Ablauf der 30-t\u00e4gigen Netto-Zahlungsfrist ger\u00e4t der Kunde automatisch in Verzug (6% Zinsen), auch ohne Mahnung durch uns.<br\/>Zahlt der Kunde seine Schulden nicht, kann xmy GmbH - KeFORMA Schweiz nach den Bestimmungen des Schweizerischen Obligationenrechts (OR) vorgehen.<br\/>Muss der Schuldner wegen Zahlungsverzuges gemahnt werden, wird ab der zweiten Mahnung eine Mahngeb\u00fchr von CHF 10.00 erhoben und k\u00fcnftige Lieferungen werden per Vorauszahlung beglichen.<\/p>\n\n<h2 class=\"wp-block-heading\">Schutz der Daten<\/h2>\n\n<p>Datenschutzerkl\u00e4rung<br\/>xmy Sagl KeFORMA Schweiz behandelt Ihre pers\u00f6nlichen Daten verantwortungsvoll und vertraulich.<br\/>Die f\u00fcr die Auftragsabwicklung erforderlichen Daten werden in \u00dcbereinstimmung mit dem Schweizerischen Datenschutzgesetz verarbeitet und gespeichert. Siehe auch Details zur Datenschutzerkl\u00e4rung.<br\/>Sofern f\u00fcr die Auftragsabwicklung erforderlich, werden die Daten an verbundene Unternehmen und Dritte zur Auftragsabwicklung weitergegeben. <\/p>\n\n<h2 class=\"wp-block-heading\">Rechte<\/h2>\n\n<p>Sollten Sie mit der Speicherung Ihrer personenbezogenen Daten nicht mehr einverstanden sein oder sollten diese Daten nicht mehr zutreffend sein, werden wir sie auf Ihren Wunsch hin l\u00f6schen.<br\/>Auf Wunsch erhalten Sie Auskunft \u00fcber alle bei uns gespeicherten Daten. Wenn Sie weitere Fragen zur Erhebung, Verarbeitung und Nutzung Ihrer personenbezogenen Daten haben, wenden Sie sich bitte an info &#8222;at &#8222;keforma.ch und geben Sie dabei deutlich an, welche Art von Daten Sie ben\u00f6tigen und\/oder l\u00f6schen m\u00f6chten. <\/p>\n\n<h2 class=\"wp-block-heading\">Google Haftungsausschluss<\/h2>\n\n<p>Haftungsausschluss f\u00fcr Google Analytics<br\/>Diese Website benutzt Google Analytics, einen Webanalysedienst der Google Inc. (&#8222;Google&#8220;). Google Analytics verwendet sog. &#8222;Cookies&#8220;, Textdateien, die auf Ihrem Computer gespeichert werden und die eine Analyse der Benutzung der Website durch Sie erm\u00f6glichen. Die durch den Cookie erzeugten Informationen \u00fcber Ihre Benutzung dieser Website (einschlie\u00dflich Ihrer IP-Adresse) werden an einen Server von Google in den Vereinigten Staaten \u00fcbertragen und dort gespeichert. Google benutzt diese Informationen, um Ihre Nutzung unserer Website auszuwerten, um Reports \u00fcber die Websiteaktivit\u00e4ten f\u00fcr die Websitebetreiber zusammenzustellen und um weitere mit der Websitenutzung verbundene Dienstleistungen zu erbringen. Google kann diese Informationen auch an Dritte weitergeben. Google wird in keinem Fall Ihre IP-Adresse mit anderen Daten, die von Google Inc. gespeichert werden, in Verbindung bringen. Sie k\u00f6nnen die Installation der Cookies durch eine entsprechende Einstellung Ihrer Browser Software verhindern; wir weisen Sie jedoch darauf hin, dass Sie in diesem Fall gegebenenfalls nicht s\u00e4mtliche Funktionen dieser Website voll umf\u00e4nglich nutzen k\u00f6nnen. Durch die Nutzung dieser Website erkl\u00e4ren Sie sich mit der Bearbeitung der \u00fcber Sie erhobenen Daten durch Google in der zuvor beschriebenen Art und Weise und zu dem zuvor benannten Zweck einverstanden.        <\/p>\n\n<h2 class=\"wp-block-heading\">Ausschlussklausel<\/h2>\n\n<p>Ausschlussklausel<br\/>Sollten einzelne Bestimmungen dieser Gesch\u00e4ftsbedingungen unwirksam sein, so ber\u00fchrt dies die Rechtswirksamkeit der \u00fcbrigen Bestimmungen nicht.<br\/>Sollten eine oder mehrere Bestimmungen dieser Gesch\u00e4ftsbedingungen unwirksam, nichtig oder undurchf\u00fchrbar sein oder werden, so sind sie durch eine oder mehrere wirksame Bestimmungen zu ersetzen, die dem mit der oder den unwirksamen Bestimmungen verfolgten Sinn und wirtschaftlichen Zweck m\u00f6glichst nahe kommen.<br\/>Das Gleiche gilt f\u00fcr den Fall, dass sich eine oder mehrere L\u00fccken in diesen Gesch\u00e4ftsbedingungen herausstellen.<\/p>\n\n<h2 class=\"wp-block-heading\">Ort der Gerichtsbarkeit<\/h2>\n\n<p>Es gelten die Bestimmungen des schweizerischen Rechts.<br\/>Der Gerichtsstand ist Bellinzona.<\/p>\n\n<p><\/p>\n","protected":false},"excerpt":{"rendered":"<p>Angebot Ihre Bestellung wird innerhalb von zwei Werktagen bearbeitet. Ihre Bestellung wird per Kurier versandt.Wenn die Lieferung nicht innerhalb einer<\/p>\n","protected":false},"author":761,"featured_media":0,"parent":0,"menu_order":0,"comment_status":"closed","ping_status":"open","template":"","meta":{"footnotes":""},"class_list":["post-19270","page","type-page","status-publish","hentry"],"_links":{"self":[{"href":"https:\/\/testing-dev.keforma.ch\/de\/wp-json\/wp\/v2\/pages\/19270","targetHints":{"allow":["GET"]}}],"collection":[{"href":"https:\/\/testing-dev.keforma.ch\/de\/wp-json\/wp\/v2\/pages"}],"about":[{"href":"https:\/\/testing-dev.keforma.ch\/de\/wp-json\/wp\/v2\/types\/page"}],"author":[{"embeddable":true,"href":"https:\/\/testing-dev.keforma.ch\/de\/wp-json\/wp\/v2\/users\/761"}],"replies":[{"embeddable":true,"href":"https:\/\/testing-dev.keforma.ch\/de\/wp-json\/wp\/v2\/comments?post=19270"}],"version-history":[{"count":0,"href":"https:\/\/testing-dev.keforma.ch\/de\/wp-json\/wp\/v2\/pages\/19270\/revisions"}],"wp:attachment":[{"href":"https:\/\/testing-dev.keforma.ch\/de\/wp-json\/wp\/v2\/media?parent=19270"}],"curies":[{"name":"wp","href":"https:\/\/api.w.org\/{rel}","templated":true}]}}