{"id":10111,"date":"2022-10-09T10:41:23","date_gmt":"2022-10-09T10:41:23","guid":{"rendered":"https:\/\/xmy.ch\/shop\/ke-energieriegel\/"},"modified":"2025-07-14T20:00:31","modified_gmt":"2025-07-14T20:00:31","slug":"energieriegel-ke-energy","status":"publish","type":"product","link":"https:\/\/testing-dev.keforma.ch\/de\/prodotto\/energieriegel-ke-energy\/","title":{"rendered":"Energieriegel Ke Energy"},"content":{"rendered":"<div id=\"wd-600ab02c18b27\" class=\"wd-text-block-wrapper wd-wpb wd-rs-600ab02c18b27 color-scheme-dark text-left vc_custom_1611313204556\">\n<div class=\"woodmart-title-container woodmart-text-block reset-last-child font-primary wd-font-weight-400 \">\n<div id=\"wd-60ace97677bb7\" class=\"wd-text-block-wrapper wd-wpb wd-rs-60ace97677bb7 color-scheme-dark text-left vc_custom_1621944734920\">\n<div class=\"woodmart-title-container woodmart-text-block reset-last-child font-primary wd-font-weight-400 \">Der <b>KE ENERGY Energieriegel<\/b> liefert Ihnen eine umfassende Energieversorgung aus verschiedenen Quellen: Kohlenhydrate f\u00fcr schnelle Power, Fett f\u00fcr langanhaltende Energie und Eiwei\u00df f\u00fcr den Muskelerhalt.<\/div>\n<div class=\"woodmart-title-container woodmart-text-block reset-last-child font-primary wd-font-weight-400 \">Er ist reich an essentiellen Spurenelementen und Mineralien, dank einer perfekten Mischung aus gemahlenen Trockenfr\u00fcchten wie Mandeln, Waln\u00fcssen, Erdn\u00fcssen, Pistazien und Sultaninen. Zus\u00e4tzlich enth\u00e4lt dieser <b>Energieriegel Trockenfr\u00fcchte<\/b> Betain, ein pflanzliches Nutrazeutikum aus Beta Vulgaris (Mangold).<\/div>\n<div class=\"woodmart-title-container woodmart-text-block reset-last-child font-primary wd-font-weight-400 \">Betain besitzt interessante Eigenschaften, die die Mobilisierung und hepatische Verwertung von Lipiden f\u00f6rdern, was Ihnen hilft, Ihre Energiereserven effizienter zu nutzen.<\/div>\n<\/div>\n<div class=\"wpb_text_column wpb_content_element vc_custom_1621944907759 text-larger\">\n<div class=\"wpb_wrapper\">\n<p><img loading=\"lazy\" decoding=\"async\" class=\"wd-lazy-load woodmart-lazy-load wd-lazy-fade info-icon image-1 wd-loaded\" style=\"text-align: center;\" title=\"KF_Logo-Feature-Rot\" src=\"http:\/\/testing-dev.keforma.ch\/wp-content\/uploads\/2020\/09\/KF_Logo-Feature-Red-45x45.png\" alt=\"KF_Logo-Feature-Rot\" width=\"22\" height=\"22\" data-wood-src=\"http:\/\/testing-dev.keforma.ch\/wp-content\/uploads\/2020\/09\/KF_Logo-Feature-Red-45x45.png\" data-pagespeed-url-hash=\"3879490219\" \/> 100% nat\u00fcrlich<br \/>\n<img loading=\"lazy\" decoding=\"async\" class=\"wd-lazy-load woodmart-lazy-load wd-lazy-fade info-icon image-1 wd-loaded\" style=\"text-align: center;\" title=\"KF_Logo-Feature-Rot\" src=\"http:\/\/testing-dev.keforma.ch\/wp-content\/uploads\/2020\/09\/KF_Logo-Feature-Red-45x45.png\" alt=\"KF_Logo-Feature-Rot\" width=\"22\" height=\"22\" data-wood-src=\"http:\/\/testing-dev.keforma.ch\/wp-content\/uploads\/2020\/09\/KF_Logo-Feature-Red-45x45.png\" data-pagespeed-url-hash=\"3879490219\" \/><span style=\"text-align: center;\"> Energie aufladen<br \/>\n<\/span><img loading=\"lazy\" decoding=\"async\" class=\"wd-lazy-load woodmart-lazy-load wd-lazy-fade info-icon image-1 wd-loaded\" style=\"text-align: center;\" title=\"KF_Logo-Feature-Rot\" src=\"http:\/\/testing-dev.keforma.ch\/wp-content\/uploads\/2020\/09\/KF_Logo-Feature-Red-45x45.png\" alt=\"KF_Logo-Feature-Rot\" width=\"22\" height=\"22\" data-wood-src=\"http:\/\/testing-dev.keforma.ch\/wp-content\/uploads\/2020\/09\/KF_Logo-Feature-Red-45x45.png\" data-pagespeed-url-hash=\"3879490219\" \/><span style=\"text-align: center;\"> Laktose- und glutenfrei<br \/>\n<\/span><img loading=\"lazy\" decoding=\"async\" class=\"wd-lazy-load woodmart-lazy-load wd-lazy-fade info-icon image-1 wd-loaded\" style=\"text-align: center;\" title=\"KF_Logo-Feature-Rot\" src=\"http:\/\/testing-dev.keforma.ch\/wp-content\/uploads\/2020\/09\/KF_Logo-Feature-Red-45x45.png\" alt=\"KF_Logo-Feature-Rot\" width=\"22\" height=\"22\" data-wood-src=\"http:\/\/testing-dev.keforma.ch\/wp-content\/uploads\/2020\/09\/KF_Logo-Feature-Red-45x45.png\" data-pagespeed-url-hash=\"3879490219\" \/><span style=\"text-align: center;\"> Palm\u00f6lfrei<\/span><\/p>\n<\/div>\n<\/div>\n<\/div>\n<\/div>\n","protected":false},"excerpt":{"rendered":"<table class=\"bda-state-product\">\n<thead>\n<tr>\n<th class=\"bda-color\"><a href=\"de\/categoria-prodotto\/vor\/\">Vor<\/a><\/th>\n<th class=\"bda-color\"><a href=\"de\/categoria-prodotto\/wahrend\/\">W\u00e4hrend<\/a><\/th>\n<th class=\"bda-gray\"><a href=\"de\/categoria-prodotto\/nach\/\">Nach<\/a><\/th>\n<\/tr>\n<\/thead>\n<\/table>\n<p>KE ENERGY ist ein <b>Energieriegel Trockenfr\u00fcchte<\/b>, der umfassende Energie aus Kohlenhydraten, Fetten und Proteinen liefert und durch Betain die Lipidverwertung f\u00f6rdert.<\/p>\n","protected":false},"featured_media":19649,"comment_status":"open","ping_status":"closed","template":"","meta":[],"product_brand":[],"product_cat":[638,525,523],"product_tag":[649,647,652,648,650,651,653,654],"class_list":{"0":"post-10111","1":"product","2":"type-product","3":"status-publish","4":"has-post-thumbnail","6":"product_cat-energieriegel","7":"product_cat-erste","8":"product_cat-wahrend","9":"product_tag-ausdauer","10":"product_tag-fusball","11":"product_tag-laufen","12":"product_tag-radfahren","13":"product_tag-schwimmen","14":"product_tag-strom","15":"product_tag-triathlon-de","16":"product_tag-wellness-de","18":"first","19":"instock","20":"taxable","21":"shipping-taxable","22":"purchasable","23":"product-type-variable"},"_links":{"self":[{"href":"https:\/\/testing-dev.keforma.ch\/de\/wp-json\/wp\/v2\/product\/10111","targetHints":{"allow":["GET"]}}],"collection":[{"href":"https:\/\/testing-dev.keforma.ch\/de\/wp-json\/wp\/v2\/product"}],"about":[{"href":"https:\/\/testing-dev.keforma.ch\/de\/wp-json\/wp\/v2\/types\/product"}],"replies":[{"embeddable":true,"href":"https:\/\/testing-dev.keforma.ch\/de\/wp-json\/wp\/v2\/comments?post=10111"}],"version-history":[{"count":0,"href":"https:\/\/testing-dev.keforma.ch\/de\/wp-json\/wp\/v2\/product\/10111\/revisions"}],"wp:featuredmedia":[{"embeddable":true,"href":"https:\/\/testing-dev.keforma.ch\/de\/wp-json\/wp\/v2\/media\/19649"}],"wp:attachment":[{"href":"https:\/\/testing-dev.keforma.ch\/de\/wp-json\/wp\/v2\/media?parent=10111"}],"wp:term":[{"taxonomy":"product_brand","embeddable":true,"href":"https:\/\/testing-dev.keforma.ch\/de\/wp-json\/wp\/v2\/product_brand?post=10111"},{"taxonomy":"product_cat","embeddable":true,"href":"https:\/\/testing-dev.keforma.ch\/de\/wp-json\/wp\/v2\/product_cat?post=10111"},{"taxonomy":"product_tag","embeddable":true,"href":"https:\/\/testing-dev.keforma.ch\/de\/wp-json\/wp\/v2\/product_tag?post=10111"}],"curies":[{"name":"wp","href":"https:\/\/api.w.org\/{rel}","templated":true}]}}