{"id":10204,"date":"2022-10-11T18:27:40","date_gmt":"2022-10-11T18:27:40","guid":{"rendered":"https:\/\/xmy.ch\/shop\/nahrungsergaenzungsmittel-l-carnitin\/"},"modified":"2025-07-15T19:17:25","modified_gmt":"2025-07-15T19:17:25","slug":"nahrungsergaenzung-l-carnitin","status":"publish","type":"product","link":"https:\/\/testing-dev.keforma.ch\/de\/prodotto\/nahrungsergaenzung-l-carnitin\/","title":{"rendered":"Nahrungserg\u00e4nzung L-Carnitin"},"content":{"rendered":"<div id=\"wd-600ab02c18b27\" class=\"wd-text-block-wrapper wd-wpb wd-rs-600ab02c18b27 color-scheme-dark text-left vc_custom_1611313204556\">\n<div class=\"woodmart-title-container woodmart-text-block reset-last-child font-primary wd-font-weight-400 \">\n<div id=\"wd-600adc3e021eb\" class=\"wd-text-block-wrapper wd-wpb wd-rs-600adc3e021eb color-scheme-dark text-left vc_custom_1611324504105\">\n<div class=\"woodmart-title-container woodmart-text-block reset-last-child font-primary wd-font-weight-400 \">\n<div id=\"wd-600adca222db7\" class=\"wd-text-block-wrapper wd-wpb wd-rs-600adca222db7 color-scheme-dark text-left vc_custom_1611324589626\">\n<div class=\"woodmart-title-container woodmart-text-block reset-last-child font-primary wd-font-weight-400 \">\n<div id=\"wd-5fafa4173ec7a\" class=\"wd-text-block-wrapper wd-wpb wd-rs-5fafa4173ec7a color-scheme-dark text-left vc_custom_1605346333865\">\n<div class=\"woodmart-title-container woodmart-text-block reset-last-child font-primary wd-font-weight-400 \">Entdecken Sie unsere hochwertige <b>L-Carnitin Nahrungserg\u00e4nzung<\/b>, die speziell entwickelt wurde, um die Fettverwertung zur Energiegewinnung in Ihrem K\u00f6rper zu optimieren und gleichzeitig effektiv der M\u00fcdigkeit entgegenzuwirken. Unser Produkt enth\u00e4lt 100% reines L-Carnitin, einen essenziellen Aminos\u00e4uretransporter.<\/div>\n<div class=\"woodmart-title-container woodmart-text-block reset-last-child font-primary wd-font-weight-400 \">Dieser unterst\u00fctzt den Transport von langkettigen Fetts\u00e4uren in die Mitochondrien, wo sie effizient in Energie umgewandelt werden.<\/div>\n<div class=\"woodmart-title-container woodmart-text-block reset-last-child font-primary wd-font-weight-400 \">Dar\u00fcber hinaus f\u00f6rdert L-Carnitin das reibungslose Funktionieren von Nerven und Muskeln, einschlie\u00dflich des Herzens, was es zu einer unverzichtbaren Erg\u00e4nzung f\u00fcr Sportler und aktive Menschen macht, die ihre Leistung und ihr Wohlbefinden steigern wollen.<\/div>\n<\/div>\n<div class=\"wpb_text_column wpb_content_element vc_custom_1611321625981 text-larger\">\n<div class=\"wpb_wrapper\">\n<div class=\"info-box-wrapper\">\n<div id=\"wd-5f92d6aa9899d\" class=\" wd-rs-5f92d6aa9899d wd-info-box woodmart-info-box wd-wpb text-right box-icon-align-right box-style- color-scheme- wd-bg-none box-title-default vc_custom_1603458733991\">\n<div class=\"info-box-content\">\n<p class=\"info-box-title title wd-font-weight- box-title-style-default wd-fontsize-m\"><img loading=\"lazy\" decoding=\"async\" class=\"wd-lazy-load woodmart-lazy-load wd-lazy-fade info-icon image-1 wd-loaded\" style=\"text-align: center;\" title=\"KF_Logo-Feature-Rot\" src=\"http:\/\/testing-dev.keforma.ch\/wp-content\/uploads\/2020\/09\/KF_Logo-Feature-Red-45x45.png\" alt=\"KF_Logo-Feature-Rot\" width=\"22\" height=\"22\" data-wood-src=\"http:\/\/testing-dev.keforma.ch\/wp-content\/uploads\/2020\/09\/KF_Logo-Feature-Red-45x45.png\" data-pagespeed-url-hash=\"3879490219\" \/> Verwertung von Fetten f\u00fcr energetische Zwecke<br \/>\n<img loading=\"lazy\" decoding=\"async\" class=\"wd-lazy-load woodmart-lazy-load wd-lazy-fade info-icon image-1 wd-loaded\" style=\"text-align: center;\" title=\"KF_Logo-Feature-Rot\" src=\"http:\/\/testing-dev.keforma.ch\/wp-content\/uploads\/2020\/09\/KF_Logo-Feature-Red-45x45.png\" alt=\"KF_Logo-Feature-Rot\" width=\"22\" height=\"22\" data-wood-src=\"http:\/\/testing-dev.keforma.ch\/wp-content\/uploads\/2020\/09\/KF_Logo-Feature-Red-45x45.png\" data-pagespeed-url-hash=\"3879490219\" \/><span style=\"text-align: center;\"> Ausgewogene und anhaltende Energieversorgung<br \/>\n<\/span><img loading=\"lazy\" decoding=\"async\" class=\"wd-lazy-load woodmart-lazy-load wd-lazy-fade info-icon image-1 wd-loaded\" style=\"text-align: center;\" title=\"KF_Logo-Feature-Rot\" src=\"http:\/\/testing-dev.keforma.ch\/wp-content\/uploads\/2020\/09\/KF_Logo-Feature-Red-45x45.png\" alt=\"KF_Logo-Feature-Rot\" width=\"22\" height=\"22\" data-wood-src=\"http:\/\/testing-dev.keforma.ch\/wp-content\/uploads\/2020\/09\/KF_Logo-Feature-Red-45x45.png\" data-pagespeed-url-hash=\"3879490219\" \/><span style=\"text-align: center;\"> Gute Funktion von Nerven und Muskeln<br \/>\n<\/span><img loading=\"lazy\" decoding=\"async\" class=\"wd-lazy-load woodmart-lazy-load wd-lazy-fade info-icon image-1 wd-loaded\" style=\"text-align: center;\" title=\"KF_Logo-Feature-Rot\" src=\"http:\/\/testing-dev.keforma.ch\/wp-content\/uploads\/2020\/09\/KF_Logo-Feature-Red-45x45.png\" alt=\"KF_Logo-Feature-Rot\" width=\"22\" height=\"22\" data-wood-src=\"http:\/\/testing-dev.keforma.ch\/wp-content\/uploads\/2020\/09\/KF_Logo-Feature-Red-45x45.png\" data-pagespeed-url-hash=\"3879490219\" \/><span style=\"text-align: center;\"> Gluten- und laktosefrei<\/span><\/p>\n<\/div>\n<\/div>\n<\/div>\n<\/div>\n<\/div>\n<\/div>\n<\/div>\n<\/div>\n<\/div>\n<\/div>\n<\/div>\n","protected":false},"excerpt":{"rendered":"<table class=\"bda-state-product\">\n<thead>\n<tr>\n<th class=\"bda-color\"><a href=\"de\/categoria-prodotto\/vor\/\">Vor<\/a><\/th>\n<th class=\"bda-gray\"><a href=\"de\/categoria-prodotto\/wahrend\/\">W\u00e4hrend<\/a><\/th>\n<th class=\"bda-gray\"><a href=\"de\/categoria-prodotto\/nach\/\">Nach<\/a><\/th>\n<\/tr>\n<\/thead>\n<\/table>\n<p>Unsere <b>L-Carnitin Nahrungserg\u00e4nzung<\/b> optimiert die <b>Fettverbrennung<\/b> zur Energiegewinnung und wirkt <b>M\u00fcdigkeit<\/b> entgegen, um Ihre Leistung und Ihr Wohlbefinden zu steigern.<\/p>\n","protected":false},"featured_media":18779,"comment_status":"open","ping_status":"closed","template":"","meta":[],"product_brand":[],"product_cat":[644,525],"product_tag":[649,647,658,652,648,650,656,651,653,654],"class_list":{"0":"post-10204","1":"product","2":"type-product","3":"status-publish","4":"has-post-thumbnail","6":"product_cat-energie","7":"product_cat-erste","8":"product_tag-ausdauer","9":"product_tag-fusball","10":"product_tag-gymnasium","11":"product_tag-laufen","12":"product_tag-radfahren","13":"product_tag-schwimmen","14":"product_tag-skifahren","15":"product_tag-strom","16":"product_tag-triathlon-de","17":"product_tag-wellness-de","19":"first","20":"instock","21":"taxable","22":"shipping-taxable","23":"purchasable","24":"product-type-variable","25":"has-default-attributes"},"_links":{"self":[{"href":"https:\/\/testing-dev.keforma.ch\/de\/wp-json\/wp\/v2\/product\/10204","targetHints":{"allow":["GET"]}}],"collection":[{"href":"https:\/\/testing-dev.keforma.ch\/de\/wp-json\/wp\/v2\/product"}],"about":[{"href":"https:\/\/testing-dev.keforma.ch\/de\/wp-json\/wp\/v2\/types\/product"}],"replies":[{"embeddable":true,"href":"https:\/\/testing-dev.keforma.ch\/de\/wp-json\/wp\/v2\/comments?post=10204"}],"version-history":[{"count":0,"href":"https:\/\/testing-dev.keforma.ch\/de\/wp-json\/wp\/v2\/product\/10204\/revisions"}],"wp:featuredmedia":[{"embeddable":true,"href":"https:\/\/testing-dev.keforma.ch\/de\/wp-json\/wp\/v2\/media\/18779"}],"wp:attachment":[{"href":"https:\/\/testing-dev.keforma.ch\/de\/wp-json\/wp\/v2\/media?parent=10204"}],"wp:term":[{"taxonomy":"product_brand","embeddable":true,"href":"https:\/\/testing-dev.keforma.ch\/de\/wp-json\/wp\/v2\/product_brand?post=10204"},{"taxonomy":"product_cat","embeddable":true,"href":"https:\/\/testing-dev.keforma.ch\/de\/wp-json\/wp\/v2\/product_cat?post=10204"},{"taxonomy":"product_tag","embeddable":true,"href":"https:\/\/testing-dev.keforma.ch\/de\/wp-json\/wp\/v2\/product_tag?post=10204"}],"curies":[{"name":"wp","href":"https:\/\/api.w.org\/{rel}","templated":true}]}}