{"id":10208,"date":"2022-10-10T09:05:32","date_gmt":"2022-10-10T09:05:32","guid":{"rendered":"https:\/\/xmy.ch\/shop\/maltogel-energie-gel\/"},"modified":"2026-01-06T19:09:55","modified_gmt":"2026-01-06T19:09:55","slug":"energiegel-maltogel","status":"publish","type":"product","link":"https:\/\/testing-dev.keforma.ch\/de\/prodotto\/energiegel-maltogel\/","title":{"rendered":"Energiegel Maltogel"},"content":{"rendered":"<div id=\"wd-600aef8476f41\" class=\"wd-text-block-wrapper wd-wpb wd-rs-600aef8476f41 color-scheme-dark text-left vc_custom_1611329428846\">\n<div class=\"woodmart-title-container woodmart-text-block reset-last-child font-primary wd-font-weight-400 \">\n<div id=\"wd-5fa7dbbe84545\" class=\"wd-text-block-wrapper wd-wpb wd-rs-5fa7dbbe84545 color-scheme-dark text-left vc_custom_1604836317125\">\n<div class=\"woodmart-title-container woodmart-text-block reset-last-child font-primary wd-font-weight-400 \">\n<div id=\"wd-5fa7f355c771a\" class=\"wd-text-block-wrapper wd-wpb wd-rs-5fa7f355c771a color-scheme-dark text-left vc_custom_1604842331704\">\n<div class=\"woodmart-title-container woodmart-text-block reset-last-child font-primary wd-font-weight-400 \">\n<div id=\"wd-5fa7cb061b8c3\" class=\"wd-text-block-wrapper wd-wpb wd-rs-5fa7cb061b8c3 color-scheme-dark text-left vc_custom_1604832057250\">\n<p><b>MALTOGEL<\/b> ist das <b>Energiegel Maltodextrin<\/b>, das speziell f\u00fcr Ausdauersportarten entwickelt wurde.<\/p>\n<p>Es besteht aus reinen Maltodextrinen (Kette 21) in Gelform, die deinen Blutzuckerspiegel w\u00e4hrend der gesamten Leistung konstant halten. Die einzigartige Zusammensetzung dieses <b>Energiegel Maltodextrin<\/b>, die durch ein pH-Kontrollverfahren gewonnen wird, erleichtert die Verdauung erheblich und verl\u00e4ngert die Energieaufnahme.<br \/>\nDas macht MALTOGEL ideal f\u00fcr langfristige Anstrengungen, bei denen eine leichte Verdaulichkeit und ein effektives Management der Energiereserven f\u00fcr optimale Leistung unerl\u00e4sslich sind.<br \/>\nZudem ist MALTOGEL ein gluten- und laktosefreies Produkt, das maximale Vertr\u00e4glichkeit f\u00fcr alle Athleten gew\u00e4hrleistet.<\/p>\n<\/div>\n<\/div>\n<\/div>\n<\/div>\n<\/div>\n<\/div>\n<\/div>\n<div class=\"wpb_text_column wpb_content_element vc_custom_1616205360806 text-larger\">\n<div class=\"wpb_wrapper\">\n<p><img loading=\"lazy\" decoding=\"async\" class=\"wd-lazy-load woodmart-lazy-load wd-lazy-fade info-icon image-1 wd-loaded\" style=\"text-align: center;\" title=\"KF_Logo-Feature-Rot\" src=\"http:\/\/testing-dev.keforma.ch\/wp-content\/uploads\/2020\/09\/KF_Logo-Feature-Red-45x45.png\" alt=\"KF_Logo-Feature-Rot\" width=\"22\" height=\"22\" data-wood-src=\"http:\/\/testing-dev.keforma.ch\/wp-content\/uploads\/2020\/09\/KF_Logo-Feature-Red-45x45.png\" data-pagespeed-url-hash=\"3879490219\" \/> Langsam freiwerdende Energie<br \/>\n<img loading=\"lazy\" decoding=\"async\" class=\"wd-lazy-load woodmart-lazy-load wd-lazy-fade info-icon image-1 wd-loaded\" style=\"text-align: center;\" title=\"KF_Logo-Feature-Rot\" src=\"http:\/\/testing-dev.keforma.ch\/wp-content\/uploads\/2020\/09\/KF_Logo-Feature-Red-45x45.png\" alt=\"KF_Logo-Feature-Rot\" width=\"22\" height=\"22\" data-wood-src=\"http:\/\/testing-dev.keforma.ch\/wp-content\/uploads\/2020\/09\/KF_Logo-Feature-Red-45x45.png\" data-pagespeed-url-hash=\"3879490219\" \/> Keine Fl\u00fcssigkeitsaufnahme<br \/>\n<span style=\"text-align: center;\"><img loading=\"lazy\" decoding=\"async\" class=\"wd-lazy-load woodmart-lazy-load wd-lazy-fade info-icon image-1 wd-loaded\" style=\"text-align: center;\" title=\"KF_Logo-Feature-Rot\" src=\"http:\/\/testing-dev.keforma.ch\/wp-content\/uploads\/2020\/09\/KF_Logo-Feature-Red-45x45.png\" alt=\"KF_Logo-Feature-Rot\" width=\"22\" height=\"22\" data-wood-src=\"http:\/\/testing-dev.keforma.ch\/wp-content\/uploads\/2020\/09\/KF_Logo-Feature-Red-45x45.png\" data-pagespeed-url-hash=\"3879490219\" \/> Vermeidet gastrointestinale St\u00f6rungen<br \/>\n<img loading=\"lazy\" decoding=\"async\" class=\"wd-lazy-load woodmart-lazy-load wd-lazy-fade info-icon image-1 wd-loaded\" style=\"text-align: center;\" title=\"KF_Logo-Feature-Rot\" src=\"http:\/\/testing-dev.keforma.ch\/wp-content\/uploads\/2020\/09\/KF_Logo-Feature-Red-45x45.png\" alt=\"KF_Logo-Feature-Rot\" width=\"22\" height=\"22\" data-wood-src=\"http:\/\/testing-dev.keforma.ch\/wp-content\/uploads\/2020\/09\/KF_Logo-Feature-Red-45x45.png\" data-pagespeed-url-hash=\"3879490219\" \/> Stabiler Blutzuckerspiegel<br \/>\n<\/span><\/p>\n<\/div>\n<\/div>\n","protected":false},"excerpt":{"rendered":"<table class=\"bda-state-product\">\n<thead>\n<tr>\n<th class=\"bda-color\"><a href=\"de\/categoria-prodotto\/vor\/\">Vor<\/a><\/th>\n<th class=\"bda-color\"><a href=\"de\/categoria-prodotto\/wahrend\/\">W\u00e4hrend<\/a><\/th>\n<th class=\"bda-gray\"><a href=\"de\/categoria-prodotto\/nach\/\">Nach<\/a><\/th>\n<\/tr>\n<\/thead>\n<\/table>\n<p>MALTOGEL ist ein konzentriertes <b>Energiegel Maltodextrin<\/b> f\u00fcr Ausdauersport, das konstante Energie und leichte Verdaulichkeit bietet, ideal f\u00fcr langfristige Anstrengungen.<\/p>\n","protected":false},"featured_media":20654,"comment_status":"open","ping_status":"closed","template":"","meta":[],"product_brand":[],"product_cat":[525,639,523],"product_tag":[649,652,655,648,650,656,653],"class_list":{"0":"post-10208","1":"product","2":"type-product","3":"status-publish","4":"has-post-thumbnail","6":"product_cat-erste","7":"product_cat-gel-de","8":"product_cat-wahrend","9":"product_tag-ausdauer","10":"product_tag-laufen","11":"product_tag-leichtathletik","12":"product_tag-radfahren","13":"product_tag-schwimmen","14":"product_tag-skifahren","15":"product_tag-triathlon-de","17":"first","18":"instock","19":"taxable","20":"shipping-taxable","21":"purchasable","22":"product-type-variable"},"_links":{"self":[{"href":"https:\/\/testing-dev.keforma.ch\/de\/wp-json\/wp\/v2\/product\/10208","targetHints":{"allow":["GET"]}}],"collection":[{"href":"https:\/\/testing-dev.keforma.ch\/de\/wp-json\/wp\/v2\/product"}],"about":[{"href":"https:\/\/testing-dev.keforma.ch\/de\/wp-json\/wp\/v2\/types\/product"}],"replies":[{"embeddable":true,"href":"https:\/\/testing-dev.keforma.ch\/de\/wp-json\/wp\/v2\/comments?post=10208"}],"version-history":[{"count":0,"href":"https:\/\/testing-dev.keforma.ch\/de\/wp-json\/wp\/v2\/product\/10208\/revisions"}],"wp:featuredmedia":[{"embeddable":true,"href":"https:\/\/testing-dev.keforma.ch\/de\/wp-json\/wp\/v2\/media\/20654"}],"wp:attachment":[{"href":"https:\/\/testing-dev.keforma.ch\/de\/wp-json\/wp\/v2\/media?parent=10208"}],"wp:term":[{"taxonomy":"product_brand","embeddable":true,"href":"https:\/\/testing-dev.keforma.ch\/de\/wp-json\/wp\/v2\/product_brand?post=10208"},{"taxonomy":"product_cat","embeddable":true,"href":"https:\/\/testing-dev.keforma.ch\/de\/wp-json\/wp\/v2\/product_cat?post=10208"},{"taxonomy":"product_tag","embeddable":true,"href":"https:\/\/testing-dev.keforma.ch\/de\/wp-json\/wp\/v2\/product_tag?post=10208"}],"curies":[{"name":"wp","href":"https:\/\/api.w.org\/{rel}","templated":true}]}}