{"id":10292,"date":"2022-10-13T07:34:43","date_gmt":"2022-10-13T07:34:43","guid":{"rendered":"https:\/\/xmy.ch\/shop\/ke-sali-hypotonisches-energiegetraenk\/"},"modified":"2026-01-06T09:35:38","modified_gmt":"2026-01-06T09:35:38","slug":"energiegetraenk-ke-sali-hypotonc","status":"publish","type":"product","link":"https:\/\/testing-dev.keforma.ch\/de\/prodotto\/energiegetraenk-ke-sali-hypotonc\/","title":{"rendered":"Energiegetr\u00e4nk Ke Sali Hypotonic"},"content":{"rendered":"<div id=\"wd-600aef8476f41\" class=\"wd-text-block-wrapper wd-wpb wd-rs-600aef8476f41 color-scheme-dark text-left vc_custom_1611329428846\">\n<div class=\"woodmart-title-container woodmart-text-block reset-last-child font-primary wd-font-weight-400 \">\n<div id=\"wd-5fafbca251970\" class=\"wd-text-block-wrapper wd-wpb wd-rs-5fafbca251970 color-scheme-dark text-left vc_custom_1605352620193\">\n<div class=\"woodmart-title-container woodmart-text-block reset-last-child font-primary wd-font-weight-400 \">\n<div id=\"wd-6057dcdf0980f\" class=\"wd-text-block-wrapper wd-wpb wd-rs-6057dcdf0980f color-scheme-dark text-left vc_custom_1616370925274\">\n<div class=\"woodmart-title-container woodmart-text-block reset-last-child font-primary wd-font-weight-400 \">\n<p><b>KE SALI HYPOTONIC<\/b> ist Ihr unverzichtbares <b>hypotonisches Energiegetr\u00e4nk<\/b> \u2013 ein Muss f\u00fcr jede Wasserflasche und jedes Training! Dieses innovative Energiegetr\u00e4nk mit Zucker und S\u00fc\u00dfstoff liegt in Pulverform vor und ist die perfekte Basis f\u00fcr ein schnell verf\u00fcgbares, hypotonisches Getr\u00e4nk. Es kombiniert einfache und komplexe Kohlenhydrate, die Ihren K\u00f6rper umgehend mit Energie versorgen. Die einzigartige Formulierung ist angereichert mit Ingwer, der bekannterma\u00dfen gegen \u00dcbelkeit hilft, sowie wichtigen Mineralsalzen und Vitaminen. Insbesondere Phosphor, Magnesium, Vitamin C, Thiamin und Vitamin B12 tragen zu einem normalen Energiestoffwechsel bei und unterst\u00fctzen Sie dabei, Ihre Leistung aufrechtzuerhalten. Als <b>hypotonisches Energiegetr\u00e4nk<\/b> wird KE SALI HYPOTONIC besonders schnell vom K\u00f6rper aufgenommen und ist zudem vollkommen gluten- und laktosefrei, was es zu einer ausgezeichneten Wahl f\u00fcr Sportler und aktive Menschen mit speziellen Ern\u00e4hrungsbed\u00fcrfnissen macht. Tanken Sie Energie und bleiben Sie hydriert mit KE SALI HYPOTONIC \u2013 dem idealen <b>Elektrolytgetr\u00e4nk Sport<\/b>!<\/p>\n<\/div>\n<\/div>\n<\/div>\n<\/div>\n<\/div>\n<\/div>\n<div class=\"wpb_text_column wpb_content_element vc_custom_1616205360806 text-larger\">\n<div class=\"wpb_wrapper\">\n<p><img loading=\"lazy\" decoding=\"async\" class=\"wd-lazy-load woodmart-lazy-load wd-lazy-fade info-icon image-1 wd-loaded\" style=\"text-align: center;\" title=\"KF_Logo-Charakteristik-Rot\" src=\"http:\/\/testing-dev.keforma.ch\/wp-content\/uploads\/2020\/09\/KF_Logo-Feature-Red-45x45.png\" alt=\"KF_Logo-Charakteristik-Rot\" width=\"22\" height=\"22\" data-wood-src=\"http:\/\/testing-dev.keforma.ch\/wp-content\/uploads\/2020\/09\/KF_Logo-Feature-Red-45x45.png\" data-pagespeed-url-hash=\"3879490219\" \/> Rehydrierung bei Ausdauersportarten<span style=\"text-align: center;\"><br \/>\n<img loading=\"lazy\" decoding=\"async\" class=\"wd-lazy-load woodmart-lazy-load wd-lazy-fade info-icon image-1 wd-loaded\" style=\"text-align: center;\" title=\"KF_Logo-Charakteristik-Rot\" src=\"http:\/\/testing-dev.keforma.ch\/wp-content\/uploads\/2020\/09\/KF_Logo-Feature-Red-45x45.png\" alt=\"KF_Logo-Charakteristik-Rot\" width=\"22\" height=\"22\" data-wood-src=\"http:\/\/testing-dev.keforma.ch\/wp-content\/uploads\/2020\/09\/KF_Logo-Feature-Red-45x45.png\" data-pagespeed-url-hash=\"3879490219\" \/> Reduziert M\u00fcdigkeit<br \/>\n<\/span><span style=\"text-align: center;\"><img loading=\"lazy\" decoding=\"async\" class=\"wd-lazy-load woodmart-lazy-load wd-lazy-fade info-icon image-1 wd-loaded\" style=\"text-align: center;\" title=\"KF_Logo-Charakteristik-Rot\" src=\"http:\/\/testing-dev.keforma.ch\/wp-content\/uploads\/2020\/09\/KF_Logo-Feature-Red-45x45.png\" alt=\"KF_Logo-Charakteristik-Rot\" width=\"22\" height=\"22\" data-wood-src=\"http:\/\/testing-dev.keforma.ch\/wp-content\/uploads\/2020\/09\/KF_Logo-Feature-Red-45x45.png\" data-pagespeed-url-hash=\"3879490219\" \/> N\u00fctzlich bei Dehydrierung und Ersch\u00f6pfung<br \/>\n<img loading=\"lazy\" decoding=\"async\" class=\"wd-lazy-load woodmart-lazy-load wd-lazy-fade info-icon image-1 wd-loaded\" style=\"text-align: center;\" title=\"KF_Logo-Charakteristik-Rot\" src=\"http:\/\/testing-dev.keforma.ch\/wp-content\/uploads\/2020\/09\/KF_Logo-Feature-Red-45x45.png\" alt=\"KF_Logo-Charakteristik-Rot\" width=\"22\" height=\"22\" data-wood-src=\"http:\/\/testing-dev.keforma.ch\/wp-content\/uploads\/2020\/09\/KF_Logo-Feature-Red-45x45.png\" data-pagespeed-url-hash=\"3879490219\" \/> Frei von Gluten und Laktose<\/span><span style=\"text-align: center;\"><br \/>\n<\/span><\/p>\n<\/div>\n<\/div>\n","protected":false},"excerpt":{"rendered":"<table class=\"bda-state-product\">\n<thead>\n<tr>\n<th class=\"bda-color\"><a href=\"de\/categoria-prodotto\/vor\/\">Vor<\/a><\/th>\n<th class=\"bda-color\"><a href=\"de\/categoria-prodotto\/wahrend\/\">W\u00e4hrend<\/a><\/th>\n<th class=\"bda-gray\"><a href=\"de\/categoria-prodotto\/nach\/\">Nach<\/a><\/th>\n<\/tr>\n<\/thead>\n<\/table>\n<p><b>KE SALI HYPOTONIC<\/b> ist das ideale <b>hypotonische Energiegetr\u00e4nk<\/b> f\u00fcr schnelle Hydration, anhaltende Energie und optimale Performance im Sport, dank seiner einzigartigen Zusammensetzung mit Vitaminen und Ingwer.<\/p>\n","protected":false},"featured_media":18815,"comment_status":"open","ping_status":"closed","template":"","meta":[],"product_brand":[],"product_cat":[525,643,523],"product_tag":[649,647,652,655,648,650,656,653],"class_list":{"0":"post-10292","1":"product","2":"type-product","3":"status-publish","4":"has-post-thumbnail","6":"product_cat-erste","7":"product_cat-hydratation","8":"product_cat-wahrend","9":"product_tag-ausdauer","10":"product_tag-fusball","11":"product_tag-laufen","12":"product_tag-leichtathletik","13":"product_tag-radfahren","14":"product_tag-schwimmen","15":"product_tag-skifahren","16":"product_tag-triathlon-de","18":"first","19":"instock","20":"taxable","21":"shipping-taxable","22":"purchasable","23":"product-type-variable","24":"has-default-attributes"},"_links":{"self":[{"href":"https:\/\/testing-dev.keforma.ch\/de\/wp-json\/wp\/v2\/product\/10292","targetHints":{"allow":["GET"]}}],"collection":[{"href":"https:\/\/testing-dev.keforma.ch\/de\/wp-json\/wp\/v2\/product"}],"about":[{"href":"https:\/\/testing-dev.keforma.ch\/de\/wp-json\/wp\/v2\/types\/product"}],"replies":[{"embeddable":true,"href":"https:\/\/testing-dev.keforma.ch\/de\/wp-json\/wp\/v2\/comments?post=10292"}],"version-history":[{"count":0,"href":"https:\/\/testing-dev.keforma.ch\/de\/wp-json\/wp\/v2\/product\/10292\/revisions"}],"wp:featuredmedia":[{"embeddable":true,"href":"https:\/\/testing-dev.keforma.ch\/de\/wp-json\/wp\/v2\/media\/18815"}],"wp:attachment":[{"href":"https:\/\/testing-dev.keforma.ch\/de\/wp-json\/wp\/v2\/media?parent=10292"}],"wp:term":[{"taxonomy":"product_brand","embeddable":true,"href":"https:\/\/testing-dev.keforma.ch\/de\/wp-json\/wp\/v2\/product_brand?post=10292"},{"taxonomy":"product_cat","embeddable":true,"href":"https:\/\/testing-dev.keforma.ch\/de\/wp-json\/wp\/v2\/product_cat?post=10292"},{"taxonomy":"product_tag","embeddable":true,"href":"https:\/\/testing-dev.keforma.ch\/de\/wp-json\/wp\/v2\/product_tag?post=10292"}],"curies":[{"name":"wp","href":"https:\/\/api.w.org\/{rel}","templated":true}]}}