{"id":18063,"date":"2024-03-14T21:39:32","date_gmt":"2024-03-14T21:39:32","guid":{"rendered":"https:\/\/keforma.ch\/?post_type=product&#038;p=18063"},"modified":"2025-07-15T18:11:58","modified_gmt":"2025-07-15T18:11:58","slug":"proteinriegel-pro-30-copia","status":"publish","type":"product","link":"https:\/\/testing-dev.keforma.ch\/de\/prodotto\/proteinriegel-pro-30-copia\/","title":{"rendered":"KE TWIN Eiwei\u00dfriegel"},"content":{"rendered":"<div id=\"wd-6057fb79eb014\" class=\"wd-text-block-wrapper wd-wpb wd-rs-6057fb79eb014 color-scheme-dark text-left vc_custom_1616378763982\">\n<div class=\"woodmart-title-container woodmart-text-block reset-last-child font-primary wd-font-weight-400 \">\n<div id=\"wd-600ab098bf93b\" class=\"wd-text-block-wrapper wd-wpb wd-rs-600ab098bf93b color-scheme-dark text-left vc_custom_1611313320399\">\n<div class=\"woodmart-title-container woodmart-text-block reset-last-child font-primary wd-font-weight-400 \">\n<div id=\"wd-600ad97ea5dc6\" class=\"wd-text-block-wrapper wd-wpb wd-rs-600ad97ea5dc6 color-scheme-dark text-left vc_custom_1611323802098\">\n<div class=\"woodmart-title-container woodmart-text-block reset-last-child font-primary wd-font-weight-400 \">\n<div id=\"wd-600ab10874fb9\" class=\"wd-text-block-wrapper wd-wpb wd-rs-600ab10874fb9 color-scheme-dark text-left vc_custom_1611313450683\">\n<div class=\"woodmart-title-container woodmart-text-block reset-last-child font-primary wd-font-weight-400 \">Die Bar <span class=\"add-border border-width-3 border-color-primary\"><br \/>\n<strong>Eiwei\u00df.<\/strong><br \/>\n<\/span><\/div>\n<\/div>\n<div class=\"wpb_text_column wpb_content_element vc_custom_1616377752218 text-larger\">\n<div class=\"wpb_wrapper\">\n<p>KE TWIN ist der ideale <b>Proteinriegel<\/b> f\u00fcr Sportler und Gesundheitsbewusste.<br \/>\nDieser mehrschichtige <b>Proteinriegel<\/b> \u00fcberzeugt mit einer einzigartigen Doppelschicht aus hochwertigem Molkenprotein und einer 100% GVO-freien pflanzlichen Quelle.<br \/>\nDas zarte Innere ist umh\u00fcllt von einer k\u00f6stlichen Karamellschicht und \u00fcberzogen mit knackiger Zartbitterschokolade.<br \/>\nDie hochverdauliche Eiwei\u00dfmischung macht diesen Riegel perfekt f\u00fcr alle, die ihre Figur im Blick haben und eine sp\u00fcrbare Menge Protein f\u00fcr den Aufbau und Erhalt der Muskelmasse zuf\u00fchren m\u00f6chten.<br \/>\nDank der Verwendung nat\u00fcrlicher S\u00fc\u00dfungsmittel ist KE TWIN auch ideal f\u00fcr Personen, die Polyole weniger gut vertragen. Zudem sind keine geh\u00e4rteten Fette enthalten.<\/p>\n<\/div>\n<\/div>\n<div class=\"wpb_text_column wpb_content_element vc_custom_1616377685130 text-larger\">\n<div class=\"wpb_wrapper\">\n<p>&nbsp;<\/p>\n<\/div>\n<\/div>\n<\/div>\n<\/div>\n<\/div>\n<\/div>\n<\/div>\n<\/div>\n<div class=\"wpb_text_column wpb_content_element vc_custom_1616205360806 text-larger\">\n<div class=\"wpb_wrapper\">\n<p><img loading=\"lazy\" decoding=\"async\" class=\"wd-lazy-load woodmart-lazy-load wd-lazy-fade info-icon image-1 wd-loaded\" style=\"text-align: center;\" title=\"KF_Logo-Feature-Rot\" src=\"http:\/\/testing-dev.keforma.ch\/wp-content\/uploads\/2020\/09\/KF_Logo-Feature-Red-45x45.png\" alt=\"KF_Logo-Feature-Rot\" width=\"22\" height=\"22\" data-wood-src=\"http:\/\/testing-dev.keforma.ch\/wp-content\/uploads\/2020\/09\/KF_Logo-Feature-Red-45x45.png\" data-pagespeed-url-hash=\"3879490219\" \/> 30% Eiwei\u00df<span style=\"text-align: center;\"><br \/>\n<img loading=\"lazy\" decoding=\"async\" class=\"wd-lazy-load woodmart-lazy-load wd-lazy-fade info-icon image-1 wd-loaded\" style=\"text-align: center;\" title=\"KF_Logo-Feature-Rot\" src=\"http:\/\/testing-dev.keforma.ch\/wp-content\/uploads\/2020\/09\/KF_Logo-Feature-Red-45x45.png\" alt=\"KF_Logo-Feature-Rot\" width=\"22\" height=\"22\" data-wood-src=\"http:\/\/testing-dev.keforma.ch\/wp-content\/uploads\/2020\/09\/KF_Logo-Feature-Red-45x45.png\" data-pagespeed-url-hash=\"3879490219\" \/> Ballaststoffquelle<br \/>\n<img loading=\"lazy\" decoding=\"async\" class=\"wd-lazy-load woodmart-lazy-load wd-lazy-fade info-icon image-1 wd-loaded\" style=\"text-align: center;\" title=\"KF_Logo-Feature-Rot\" src=\"http:\/\/testing-dev.keforma.ch\/wp-content\/uploads\/2020\/09\/KF_Logo-Feature-Red-45x45.png\" alt=\"KF_Logo-Feature-Rot\" width=\"22\" height=\"22\" data-wood-src=\"http:\/\/testing-dev.keforma.ch\/wp-content\/uploads\/2020\/09\/KF_Logo-Feature-Red-45x45.png\" data-pagespeed-url-hash=\"3879490219\" \/> Milch- und Sojaeiwei\u00df<br \/>\n<img loading=\"lazy\" decoding=\"async\" class=\"wd-lazy-load woodmart-lazy-load wd-lazy-fade info-icon image-1 wd-loaded\" style=\"text-align: center;\" title=\"KF_Logo-Feature-Rot\" src=\"http:\/\/testing-dev.keforma.ch\/wp-content\/uploads\/2020\/09\/KF_Logo-Feature-Red-45x45.png\" alt=\"KF_Logo-Feature-Rot\" width=\"22\" height=\"22\" data-wood-src=\"http:\/\/testing-dev.keforma.ch\/wp-content\/uploads\/2020\/09\/KF_Logo-Feature-Red-45x45.png\" data-pagespeed-url-hash=\"3879490219\" \/> Gluten- und GMO-frei<br \/>\n<\/span><\/p>\n<\/div>\n<\/div>\n","protected":false},"excerpt":{"rendered":"<table class=\"bda-state-product\">\n<thead>\n<tr>\n<th class=\"bda-color\"><a href=\"\/categoria-prodotto\/prima\/\">Erste<\/a><\/th>\n<th class=\"bda-gray\"><a href=\"\/categoria-prodotto\/durante\/\">W\u00e4hrend<\/a><\/th>\n<th class=\"bda-color\"><a href=\"\/categoria-prodotto\/dopo\/\">Nach<\/a><\/th>\n<\/tr>\n<\/thead>\n<\/table>\n<p>KE TWIN ist der zuckerarme Proteinriegel f\u00fcr Muskelaufbau, der k\u00f6stlichen Genuss und maximale Proteinpower vereint \u2013 ideal f\u00fcr Sportler und figurbewusste.<\/p>\n","protected":false},"featured_media":19643,"comment_status":"open","ping_status":"closed","template":"","meta":[],"product_brand":[],"product_cat":[641,525,527],"product_tag":[649,657,659,658,652,648,650,651,653,654],"class_list":{"0":"post-18063","1":"product","2":"type-product","3":"status-publish","4":"has-post-thumbnail","6":"product_cat-eiweis","7":"product_cat-erste","8":"product_cat-nach","9":"product_tag-ausdauer","10":"product_tag-body-building-de","11":"product_tag-fitness-de","12":"product_tag-gymnasium","13":"product_tag-laufen","14":"product_tag-radfahren","15":"product_tag-schwimmen","16":"product_tag-strom","17":"product_tag-triathlon-de","18":"product_tag-wellness-de","20":"first","21":"instock","22":"taxable","23":"shipping-taxable","24":"purchasable","25":"product-type-variable"},"_links":{"self":[{"href":"https:\/\/testing-dev.keforma.ch\/de\/wp-json\/wp\/v2\/product\/18063","targetHints":{"allow":["GET"]}}],"collection":[{"href":"https:\/\/testing-dev.keforma.ch\/de\/wp-json\/wp\/v2\/product"}],"about":[{"href":"https:\/\/testing-dev.keforma.ch\/de\/wp-json\/wp\/v2\/types\/product"}],"replies":[{"embeddable":true,"href":"https:\/\/testing-dev.keforma.ch\/de\/wp-json\/wp\/v2\/comments?post=18063"}],"version-history":[{"count":0,"href":"https:\/\/testing-dev.keforma.ch\/de\/wp-json\/wp\/v2\/product\/18063\/revisions"}],"wp:featuredmedia":[{"embeddable":true,"href":"https:\/\/testing-dev.keforma.ch\/de\/wp-json\/wp\/v2\/media\/19643"}],"wp:attachment":[{"href":"https:\/\/testing-dev.keforma.ch\/de\/wp-json\/wp\/v2\/media?parent=18063"}],"wp:term":[{"taxonomy":"product_brand","embeddable":true,"href":"https:\/\/testing-dev.keforma.ch\/de\/wp-json\/wp\/v2\/product_brand?post=18063"},{"taxonomy":"product_cat","embeddable":true,"href":"https:\/\/testing-dev.keforma.ch\/de\/wp-json\/wp\/v2\/product_cat?post=18063"},{"taxonomy":"product_tag","embeddable":true,"href":"https:\/\/testing-dev.keforma.ch\/de\/wp-json\/wp\/v2\/product_tag?post=18063"}],"curies":[{"name":"wp","href":"https:\/\/api.w.org\/{rel}","templated":true}]}}