{"id":19695,"date":"2025-03-23T14:28:30","date_gmt":"2025-03-23T14:28:30","guid":{"rendered":"https:\/\/keforma.ch\/?post_type=product&#038;p=19695"},"modified":"2025-09-25T20:00:52","modified_gmt":"2025-09-25T20:00:52","slug":"bars-pack-copia","status":"publish","type":"product","link":"https:\/\/testing-dev.keforma.ch\/de\/prodotto\/bars-pack-copia\/","title":{"rendered":"Endorphin Pack Edition"},"content":{"rendered":"<div id=\"wd-600aef8476f41\" class=\"wd-text-block-wrapper wd-wpb wd-rs-600aef8476f41 color-scheme-dark text-left vc_custom_1611329428846\">\n<div class=\"woodmart-title-container woodmart-text-block reset-last-child font-primary wd-font-weight-400 \">\n<div id=\"wd-5fa7dbbe84545\" class=\"wd-text-block-wrapper wd-wpb wd-rs-5fa7dbbe84545 color-scheme-dark text-left vc_custom_1604836317125\">\n<div class=\"woodmart-title-container woodmart-text-block reset-last-child font-primary wd-font-weight-400 \">\n<div id=\"wd-5fb16b2071c82\" class=\"wd-text-block-wrapper wd-wpb wd-rs-5fb16b2071c82 color-scheme-dark text-left vc_custom_1605462832817\">\n<div class=\"woodmart-title-container woodmart-text-block reset-last-child font-primary wd-font-weight-400 \">\n<div id=\"wd-6213f8de2343e\" class=\"wd-text-block-wrapper wd-wpb wd-rs-6213f8de2343e color-scheme-dark text-left vc_custom_1645476072645\">\n<div class=\"woodmart-title-container woodmart-text-block reset-last-child font-primary wd-font-weight-400 \">\n<div id=\"wd-5fae84caf2f65\" class=\"wd-text-block-wrapper wd-wpb wd-rs-5fae84caf2f65 color-scheme-dark text-left vc_custom_1605272827457\">\n<div class=\"woodmart-title-container woodmart-text-block reset-last-child font-primary wd-font-weight-400 \">\n<div id=\"wd-5fae84caf2f65\" class=\"wd-text-block-wrapper wd-wpb wd-rs-5fae84caf2f65 color-scheme-dark text-left vc_custom_1605272827457\">\n<div class=\"woodmart-title-container woodmart-text-block reset-last-child font-primary wd-font-weight-400 \">\n<div id=\"wd-5fb00549e50f6\" class=\"wd-text-block-wrapper wd-wpb wd-rs-5fb00549e50f6 color-scheme-dark text-left vc_custom_1605371215209\">\n<div class=\"woodmart-title-container woodmart-text-block reset-last-child font-primary wd-font-weight-400 \">\n<div id=\"wd-61b0e35f000c6\" class=\"wd-text-block-wrapper wd-wpb wd-rs-61b0e35f000c6 color-scheme-dark text-left vc_custom_1638983040083\">\n<div class=\"woodmart-title-container woodmart-text-block reset-last-child font-primary wd-font-weight-400 \">\n<div id=\"wd-61b0e35f000c6\" class=\"wd-text-block-wrapper wd-wpb wd-rs-61b0e35f000c6 color-scheme-dark text-left vc_custom_1638983040083\">\n<div class=\"woodmart-title-container woodmart-text-block reset-last-child font-primary wd-font-weight-400 \">\n<div id=\"wd-61b62e81892df\" class=\"wd-text-block-wrapper wd-wpb wd-rs-61b62e81892df color-scheme-dark text-left vc_custom_1639329416889\">\n<div class=\"woodmart-title-container woodmart-text-block reset-last-child font-primary wd-font-weight-400 \">\n<div id=\"wd-5faa92e55ff92\" class=\"wd-text-block-wrapper wd-wpb wd-rs-5faa92e55ff92 color-scheme-dark text-left vc_custom_1605014277947\">\n<p data-sourcepos=\"5:1-5:312\">ENDORFINA Pack Edition: Ihre hochwertige Energiequelle f\u00fcr unbegrenzte Leistung! Diese exklusive Packung wurde von Giuliano entwickelt und bietet Ihnen die M\u00f6glichkeit, ein optimales Ern\u00e4hrungsprotokoll zur Vorbereitung auf Ihr wichtigstes Ereignis zu erhalten, mit der Chance, Ihren pers\u00f6nlichen Rekord zu brechen. <\/p>\n<p data-sourcepos=\"7:1-7:244\">Kaufen Sie unsere Pack Bars noch heute zu einem Sonderpreis und entdecken Sie eine ma\u00dfgeschneiderte Ern\u00e4hrung ohne Zuckerzusatz und fernab von herk\u00f6mmlichen Industrieprodukten.<\/p>\n<p data-sourcepos=\"7:1-7:244\">Dieses SUPER PACK enth\u00e4lt alles, was Sie brauchen, um Ihr Bestes zu geben<\/p>\n<\/div>\n<div class=\"wpb_text_column wpb_content_element vc_custom_1611324717886 text-larger\">\n<div class=\"wpb_wrapper\">\n<div class=\"product-details product-details--layout-sidebar-right product-details--description-basic\">\n<div class=\"product-details__description\">\n<div class=\"product-details-module product-details__general-info\">\n<div class=\"product-details-module__content\">\n<div id=\"productDescription\" class=\"product-details__product-description\">\n<ul>\n<li>1 BCAA 2:1:1 100 cpr<\/li>\n<li>5 Sachets Ke Mineralsalze Orangengeschmack<\/li>\n<li>5 Sachets Ke Mineralsalze Neutraler Geschmack<\/li>\n<li>2 S\u00e4ckchen KeDurance Orange<\/li>\n<li>2 S\u00e4ckchen KeDurance Lemon<\/li>\n<li>1 Aminorace Zitronengel<\/li>\n<li>1 Aminorace Orange Gel<\/li>\n<li>1 Evogel Orange<\/li>\n<li>1 Evogel Gr\u00fcner Apfel<\/li>\n<li>1 Hydrorace Gel Orange<\/li>\n<li>1 Hydrorace Gel Gr\u00fcner Apfel<\/li>\n<li>1 Malz-Orange-Gel<\/li>\n<li>1 Gr\u00fcner Apfel-Malz-Gel<\/li>\n<li>1 Zitrusfrucht Sprint Gel<\/li>\n<li>1 Ultra Energy Gel No Falvour<\/li>\n<li>1 Ultra Energy Gel Natrium<\/li>\n<li>1 Ultra Energy Gel Koffein<\/li>\n<li>1 Ke Carbo Bar x jede Geschmacksrichtung (9 Geschmacksrichtungen)<\/li>\n<li>1 Ke Energy Bar pro Geschmack (3 Geschmacksrichtungen)<\/li>\n<\/ul>\n<p>* Geschmacksrichtungen je nach Verf\u00fcgbarkeit<br \/>\n* Die N\u00e4hrwertangaben sind auf dem jeweiligen Produkt angegeben.<\/p>\n<p>&nbsp;<\/p>\n<\/div>\n<\/div>\n<\/div>\n<\/div>\n<\/div>\n<\/div>\n<\/div>\n<\/div>\n<\/div>\n<\/div>\n<\/div>\n<\/div>\n<\/div>\n<\/div>\n<\/div>\n<\/div>\n<\/div>\n<\/div>\n<\/div>\n<\/div>\n<\/div>\n<\/div>\n<\/div>\n<\/div>\n<\/div>\n<\/div>\n<\/div>\n<div class=\"wpb_text_column wpb_content_element vc_custom_1616205360806 text-larger\">\n<div class=\"wpb_wrapper\">\n<p><img loading=\"lazy\" decoding=\"async\" class=\"wd-lazy-load woodmart-lazy-load wd-lazy-fade info-icon image-1 wd-loaded\" style=\"text-align: center;\" title=\"KF_Logo-Feature-Rot\" src=\"http:\/\/testing-dev.keforma.ch\/wp-content\/uploads\/2020\/09\/KF_Logo-Feature-Red-45x45.png\" alt=\"KF_Logo-Feature-Rot\" width=\"22\" height=\"22\" data-wood-src=\"http:\/\/testing-dev.keforma.ch\/wp-content\/uploads\/2020\/09\/KF_Logo-Feature-Red-45x45.png\" data-pagespeed-url-hash=\"3879490219\">  Qualit\u00e4t KeFORMA<br \/>\n<img loading=\"lazy\" decoding=\"async\" class=\"wd-lazy-load woodmart-lazy-load wd-lazy-fade info-icon image-1 wd-loaded\" style=\"text-align: center;\" title=\"KF_Logo-Feature-Rot\" src=\"http:\/\/testing-dev.keforma.ch\/wp-content\/uploads\/2020\/09\/KF_Logo-Feature-Red-45x45.png\" alt=\"KF_Logo-Feature-Rot\" width=\"22\" height=\"22\" data-wood-src=\"http:\/\/testing-dev.keforma.ch\/wp-content\/uploads\/2020\/09\/KF_Logo-Feature-Red-45x45.png\" data-pagespeed-url-hash=\"3879490219\"> Alle Geschmacksrichtungen von KeFORMA Riegeln<br \/>\n<span style=\"text-align: center;\"><img loading=\"lazy\" decoding=\"async\" class=\"wd-lazy-load woodmart-lazy-load wd-lazy-fade info-icon image-1 wd-loaded\" style=\"text-align: center;\" title=\"KF_Logo-Feature-Rot\" src=\"http:\/\/testing-dev.keforma.ch\/wp-content\/uploads\/2020\/09\/KF_Logo-Feature-Red-45x45.png\" alt=\"KF_Logo-Feature-Rot\" width=\"22\" height=\"22\" data-wood-src=\"http:\/\/testing-dev.keforma.ch\/wp-content\/uploads\/2020\/09\/KF_Logo-Feature-Red-45x45.png\" data-pagespeed-url-hash=\"3879490219\"> Geschenkidee<br \/>\n<img loading=\"lazy\" decoding=\"async\" class=\"wd-lazy-load woodmart-lazy-load wd-lazy-fade info-icon image-1 wd-loaded\" style=\"text-align: center;\" title=\"KF_Logo-Feature-Rot\" src=\"http:\/\/testing-dev.keforma.ch\/wp-content\/uploads\/2020\/09\/KF_Logo-Feature-Red-45x45.png\" alt=\"KF_Logo-Feature-Rot\" width=\"22\" height=\"22\" data-wood-src=\"http:\/\/testing-dev.keforma.ch\/wp-content\/uploads\/2020\/09\/KF_Logo-Feature-Red-45x45.png\" data-pagespeed-url-hash=\"3879490219\"> Sparen<br \/>\n<\/span><\/p>\n<\/div>\n<\/div>\n","protected":false},"excerpt":{"rendered":"<table class=\"bda-state-product\">\n<thead>\n<tr>\n<th class=\"bda-color\"><a href=\"\/categoria-prodotto\/prima\/\">Erste<\/a><\/th>\n<th class=\"bda-color\"><a href=\"\/categoria-prodotto\/durante\/\">W\u00e4hrend<\/a><\/th>\n<th class=\"bda-color\"><a href=\"\/categoria-prodotto\/dopo\/\">Nach<\/a><\/th>\n<\/tr>\n<\/thead>\n<\/table>\n<div class=\"woocommerce-product-details__short-description\">\n<p>In einer Packung finden Sie alles f\u00fcr den ENDORFINA Pack Edition-Sportler &#8230; Ihre Qualit\u00e4t und &#8230; endlose Energie!<\/p>\n<\/div>\n<ul>\n<li>1 BCAA 2:1:1 100 cpr<\/li>\n<li>5 Sachets Ke Mineralsalze Orangengeschmack<\/li>\n<li>5 Sachets Ke Mineralsalze Neutraler Geschmack<\/li>\n<li>2 S\u00e4ckchen KeDurance Orange<\/li>\n<li>2 S\u00e4ckchen KeDurance Lemon<\/li>\n<li>1 Aminorace Zitronengel<\/li>\n<li>1 Aminorace Orange Gel<\/li>\n<li>1 Evogel Orange<\/li>\n<li>1 Evogel Gr\u00fcner Apfel<\/li>\n<li>1 Hydrorace Gel Orange<\/li>\n<li>1 Hydrorace Gel Gr\u00fcner Apfel<\/li>\n<li>1 Malz-Orange-Gel<\/li>\n<li>1 Gr\u00fcner Apfel-Malz-Gel<\/li>\n<li>1 Zitrusfrucht Sprint Gel<\/li>\n<li>1 Ultra Energy Gel No Falvour<\/li>\n<li>1 Ultra Energy Gel Natrium<\/li>\n<li>1 Ultra Energy Gel Koffein<\/li>\n<li>1 Ke Carbo Bar x jede Geschmacksrichtung (9 Geschmacksrichtungen)<\/li>\n<li>1 Ke Energy Bar pro Geschmack (3 Geschmacksrichtungen)<\/li>\n<li>\n<\/li>\n<\/ul>\n","protected":false},"featured_media":20991,"comment_status":"open","ping_status":"closed","template":"","meta":[],"product_brand":[],"product_cat":[529],"product_tag":[649,657,659,658,652,648,650,651,653,654],"class_list":{"0":"post-19695","1":"product","2":"type-product","3":"status-publish","4":"has-post-thumbnail","6":"product_cat-werbegeschenk","7":"product_tag-ausdauer","8":"product_tag-body-building-de","9":"product_tag-fitness-de","10":"product_tag-gymnasium","11":"product_tag-laufen","12":"product_tag-radfahren","13":"product_tag-schwimmen","14":"product_tag-strom","15":"product_tag-triathlon-de","16":"product_tag-wellness-de","18":"first","19":"instock","20":"taxable","21":"shipping-taxable","22":"purchasable","23":"product-type-simple"},"_links":{"self":[{"href":"https:\/\/testing-dev.keforma.ch\/de\/wp-json\/wp\/v2\/product\/19695","targetHints":{"allow":["GET"]}}],"collection":[{"href":"https:\/\/testing-dev.keforma.ch\/de\/wp-json\/wp\/v2\/product"}],"about":[{"href":"https:\/\/testing-dev.keforma.ch\/de\/wp-json\/wp\/v2\/types\/product"}],"replies":[{"embeddable":true,"href":"https:\/\/testing-dev.keforma.ch\/de\/wp-json\/wp\/v2\/comments?post=19695"}],"version-history":[{"count":0,"href":"https:\/\/testing-dev.keforma.ch\/de\/wp-json\/wp\/v2\/product\/19695\/revisions"}],"wp:featuredmedia":[{"embeddable":true,"href":"https:\/\/testing-dev.keforma.ch\/de\/wp-json\/wp\/v2\/media\/20991"}],"wp:attachment":[{"href":"https:\/\/testing-dev.keforma.ch\/de\/wp-json\/wp\/v2\/media?parent=19695"}],"wp:term":[{"taxonomy":"product_brand","embeddable":true,"href":"https:\/\/testing-dev.keforma.ch\/de\/wp-json\/wp\/v2\/product_brand?post=19695"},{"taxonomy":"product_cat","embeddable":true,"href":"https:\/\/testing-dev.keforma.ch\/de\/wp-json\/wp\/v2\/product_cat?post=19695"},{"taxonomy":"product_tag","embeddable":true,"href":"https:\/\/testing-dev.keforma.ch\/de\/wp-json\/wp\/v2\/product_tag?post=19695"}],"curies":[{"name":"wp","href":"https:\/\/api.w.org\/{rel}","templated":true}]}}