{"id":21098,"date":"2025-09-14T19:36:14","date_gmt":"2025-09-14T19:36:14","guid":{"rendered":"https:\/\/keforma.ch\/prodotto\/socken-run-v4-0-keforma-ch-von-compressport\/"},"modified":"2026-01-06T11:21:53","modified_gmt":"2026-01-06T11:21:53","slug":"socken-run-v4-0-keforma-ch-von-compressport","status":"publish","type":"product","link":"https:\/\/testing-dev.keforma.ch\/de\/prodotto\/socken-run-v4-0-keforma-ch-von-compressport\/","title":{"rendered":"Socken Run V4.0 KeFORMA.CH von Compressport"},"content":{"rendered":"<p><strong><span dir=\"auto\" style=\"vertical-align: inherit;\"><span dir=\"auto\" style=\"vertical-align: inherit;\">Run V 4.0 Socken KeFORMA.CH By Compressport<\/span><\/span><\/strong><\/p>\n<p>Sie suchen die perfekte Laufsocke? Kombinieren Sie Stil, Design und Leistung mit unseren <strong>V4.0 KeFORMA Laufsocken<\/strong>, die in Zusammenarbeit mit <strong>Compressport<\/strong>, dem Weltmarktf\u00fchrer f\u00fcr Sportkompression, entwickelt wurden. Dies ist keine gew\u00f6hnliche Socke: Sie ist das Ergebnis einer exklusiven Partnerschaft, die das Beste aus Innovation und Qualit\u00e4t vereint.  <\/p>\n<p>&nbsp;<\/p>\n<p>Leistung entwickelt sich weiter. Und das gilt auch f\u00fcr Laufsocken. F\u00fcr die neueste Generation unserer Pro Racing Socks Run V4.0 haben wir L\u00e4ufer gebeten, uns genau zu sagen, was sie bevorzugen, brauchen und wollen. Das Ergebnis ist eine Laufsocke, die speziell entwickelt wurde, um optimale Bel\u00fcftung und Blasenschutz zu bieten, w\u00e4hrend Sie selbstbewusst zu Ihrer n\u00e4chsten Bestzeit schreiten. Das leichte, bel\u00fcftete technische Gewebe leitet Feuchtigkeit schnell ab und sorgt f\u00fcr k\u00fchle und trockene F\u00fc\u00dfe, selbst unter den hei\u00dfesten Bedingungen. Die neue, breitere Zehenbox bietet eine ergonomischere Passform und eine verbesserte Propriozeption f\u00fcr intuitiven Zehenhalt beim Aufprall auf den Boden und einen geschmeidigen, nat\u00fcrlichen Schritt. Das leichte Strickmaterial um den Kn\u00f6chel bietet gezielten Halt, wenn Sie das Tempo erh\u00f6hen, w\u00e4hrend die Schwammpolsterung am gro\u00dfen Zeh bei l\u00e4ngeren L\u00e4ufen vor dem N\u00e4gelkauen sch\u00fctzt. Die St\u00fctzung des Mittelfu\u00dfes f\u00f6rdert die Mikrozirkulation und verhindert das Verdrehen des Gewebes und die Bildung von Falten, wodurch Reizungen und das Auftreten schmerzhafter Blasen vermieden werden. An der Achillessehne sorgen zwei Reihen von 3D-N\u00e4hten f\u00fcr zus\u00e4tzlichen Schutz und Halt und umgeben einen brandneuen Satz flacher N\u00e4hte f\u00fcr eine bessere Bel\u00fcftung. An der Fu\u00dfsohle d\u00e4mpft ein Muster aus 3D-N\u00e4hten (75 %) und flachen N\u00e4hten (25 %) den Aufprall, indem es den Halt und die Bel\u00fcftung verbessert und eine leichte Mikrostimulation erm\u00f6glicht, die den ven\u00f6sen R\u00fcckfluss f\u00f6rdert und die Erm\u00fcdung mit zunehmender Kilometerzahl verz\u00f6gert.<br \/>\nDie Socke ist k\u00fcrzer als Trail- oder Radsocken und verf\u00fcgt \u00fcber eine Passform und Technologien, die speziell f\u00fcr die Anforderungen des Stra\u00dfenlaufs entwickelt wurden. Ein ergonomisches Band auf der R\u00fcckseite sorgt f\u00fcr Komfort und Stil, und falls Sie einmal vergessen sollten, welcher Aktivit\u00e4t Sie nach dem Verlassen des Hauses nachgehen, ist die Disziplin diskret auf der Innenseite eingestickt. Das schnittige Design dieser Hightech-Socke steht ganz im Einklang mit unserer Leistungs-DNA, und alles, was Sie noch tun m\u00fcssen, ist, die Stra\u00dfe mit Geschwindigkeit, Komfort und Klasse in Angriff zu nehmen.           <\/p>\n<p>&nbsp;<\/p>\n<p>&nbsp;<\/p>\n<p><span dir=\"auto\" style=\"vertical-align: inherit;\"><span dir=\"auto\" style=\"vertical-align: inherit;\">95% Polyamid 5% Elastan<\/span><\/span><\/p>\n<p><img decoding=\"async\" src=\"https:\/\/www.compressport.com\/ch\/img\/prods_entretien.png\"><\/p>\n","protected":false},"excerpt":{"rendered":"<p><strong><span dir=\"auto\" style=\"vertical-align: inherit;\"><span dir=\"auto\" style=\"vertical-align: inherit;\">Run V 4.0 Socken KeFORMA.CH By Compressport<\/span><\/span><\/strong><\/p>\n<p><span dir=\"auto\" style=\"vertical-align: inherit;\"><span dir=\"auto\" style=\"vertical-align: inherit;\">Sie suchen die perfekte Laufsocke? Kombinieren Sie Stil, Design und Leistung mit unseren   <\/span><\/span><strong><span dir=\"auto\" style=\"vertical-align: inherit;\"><span dir=\"auto\" style=\"vertical-align: inherit;\">KeFORMA V4.0 Laufsocken<\/span><\/span><\/strong><span dir=\"auto\" style=\"vertical-align: inherit;\"><span dir=\"auto\" style=\"vertical-align: inherit;\">entwickelt in Zusammenarbeit mit <\/span><\/span><strong><span dir=\"auto\" style=\"vertical-align: inherit;\"><span dir=\"auto\" style=\"vertical-align: inherit;\">Compressport<\/span><\/span><\/strong><span dir=\"auto\" style=\"vertical-align: inherit;\"><span dir=\"auto\" style=\"vertical-align: inherit;\">dem Weltmarktf\u00fchrer f\u00fcr Sportkompression. Dies ist keine einfache Socke: Sie ist das Ergebnis einer exklusiven Partnerschaft, die das Beste aus Innovation und Qualit\u00e4t vereint. <\/span><\/span><\/p>\n","protected":false},"featured_media":21022,"comment_status":"open","ping_status":"closed","template":"","meta":[],"product_brand":[792],"product_cat":[529],"product_tag":[],"class_list":{"0":"post-21098","1":"product","2":"type-product","3":"status-publish","4":"has-post-thumbnail","6":"product_brand-keforma-ch-by-compressport","7":"product_cat-werbegeschenk","9":"first","10":"instock","11":"taxable","12":"shipping-taxable","13":"purchasable","14":"product-type-variable"},"_links":{"self":[{"href":"https:\/\/testing-dev.keforma.ch\/de\/wp-json\/wp\/v2\/product\/21098","targetHints":{"allow":["GET"]}}],"collection":[{"href":"https:\/\/testing-dev.keforma.ch\/de\/wp-json\/wp\/v2\/product"}],"about":[{"href":"https:\/\/testing-dev.keforma.ch\/de\/wp-json\/wp\/v2\/types\/product"}],"replies":[{"embeddable":true,"href":"https:\/\/testing-dev.keforma.ch\/de\/wp-json\/wp\/v2\/comments?post=21098"}],"version-history":[{"count":2,"href":"https:\/\/testing-dev.keforma.ch\/de\/wp-json\/wp\/v2\/product\/21098\/revisions"}],"predecessor-version":[{"id":21276,"href":"https:\/\/testing-dev.keforma.ch\/de\/wp-json\/wp\/v2\/product\/21098\/revisions\/21276"}],"wp:featuredmedia":[{"embeddable":true,"href":"https:\/\/testing-dev.keforma.ch\/de\/wp-json\/wp\/v2\/media\/21022"}],"wp:attachment":[{"href":"https:\/\/testing-dev.keforma.ch\/de\/wp-json\/wp\/v2\/media?parent=21098"}],"wp:term":[{"taxonomy":"product_brand","embeddable":true,"href":"https:\/\/testing-dev.keforma.ch\/de\/wp-json\/wp\/v2\/product_brand?post=21098"},{"taxonomy":"product_cat","embeddable":true,"href":"https:\/\/testing-dev.keforma.ch\/de\/wp-json\/wp\/v2\/product_cat?post=21098"},{"taxonomy":"product_tag","embeddable":true,"href":"https:\/\/testing-dev.keforma.ch\/de\/wp-json\/wp\/v2\/product_tag?post=21098"}],"curies":[{"name":"wp","href":"https:\/\/api.w.org\/{rel}","templated":true}]}}