{"id":21100,"date":"2025-09-14T18:53:52","date_gmt":"2025-09-14T18:53:52","guid":{"rendered":"https:\/\/keforma.ch\/prodotto\/trail-v-4-0-keforma-ch-socken-von-compressport\/"},"modified":"2025-09-14T18:53:52","modified_gmt":"2025-09-14T18:53:52","slug":"trail-v-4-0-keforma-ch-socken-von-compressport","status":"publish","type":"product","link":"https:\/\/testing-dev.keforma.ch\/de\/prodotto\/trail-v-4-0-keforma-ch-socken-von-compressport\/","title":{"rendered":"Trail V 4.0 KeFORMA.CH Socken von Compressport"},"content":{"rendered":"<p><strong>Trail Socken V4.0 KeFORMA.CH von Compressport<\/strong><\/p>\n<p>Sie suchen die perfekte Trail-Socke? Kombinieren Sie Stil, Design und Leistung mit unseren <strong>V 4.0 KeFORMA-Trail-Socken<\/strong>, die in Zusammenarbeit mit <strong>Compressport<\/strong>, dem Weltmarktf\u00fchrer f\u00fcr Sportkompression, entwickelt wurden. Dies ist keine gew\u00f6hnliche Socke: Sie ist das Ergebnis einer exklusiven Partnerschaft, die das Beste aus Innovation und Qualit\u00e4t vereint.  <\/p>\n<p>Die vierte Generation der Pro Racing Socks Trail wurde entwickelt, um St\u00f6\u00dfe zu absorbieren und zu sch\u00fctzen. Sie bringt die Compressport-Technologien auf die n\u00e4chste Stufe, um alle deine Offroad-Abenteuer zu unterst\u00fctzen. Ein Trailrunning-spezifisches Gewebe um die Zehen und den Unterschenkel, das robust und dennoch bel\u00fcftet ist, leitet Feuchtigkeit schnell ab und verhindert Scheuerstellen. Das dickere Gewebe am Rist reicht h\u00f6her als bei unseren Laufmodellen und sorgt f\u00fcr zus\u00e4tzlichen Schutz, und das spezielle Mesh-Gewebe um den Kn\u00f6chel bietet beruhigende Stabilit\u00e4t auf felsigem Terrain. Die v\u00f6llig neue, breitere Zehenbox bietet eine ergonomischere Passform und eine verbesserte Propriozeption f\u00fcr intuitiven Zehenhalt und Gleichgewicht auf unebenem Terrain. Die st\u00fctzende Schaumstoffpolsterung bedeckt alle Finger und d\u00e4mpft den Aufprall bei Abfahrten. Eine verbesserte 360\u00b0-Gew\u00f6lbest\u00fctze erh\u00f6ht die Durchblutung und verhindert, dass sich das Gewebe verdreht und Falten wirft, um Blasen und Irritationen \u00fcber Kilometer hinweg zu vermeiden. Unsere einzigartigen Dot-Technologien bieten strategischen Schutz vor den Elementen in Bereichen, die f\u00fcr Traill\u00e4ufer als problematisch gelten. Beide Kn\u00f6chel sind mit gro\u00dfen sonnenf\u00f6rmigen Punkten bedeckt, um Druckstellen zu vermeiden, die durch die Bewegung der F\u00fc\u00dfe verursacht werden k\u00f6nnten. Zwei seitliche Reihen von 3D-Punkten verlaufen entlang der Wadenbeinmuskulatur und stimulieren die sensorischen Rezeptoren, um die Propriozeption und die Kn\u00f6chelstabilit\u00e4t zu verbessern. Ein gro\u00dfes Muster aus 3D-N\u00e4hten verl\u00e4uft entlang der Achillessehne und sorgt f\u00fcr eine bessere D\u00e4mpfung und Unterst\u00fctzung; es umgibt eine Reihe flacher N\u00e4hte, die die Bel\u00fcftung f\u00f6rdern. Ein dichteres Gewebe an der Sohle reduziert die Vibrationen weiter, w\u00e4hrend die 3D-N\u00e4hte St\u00f6\u00dfe absorbieren und dem Fu\u00df einen festen Halt im Schuh geben.          <\/p>\n<p>5% Polyamid 5% Elastan<\/p>\n<p><img decoding=\"async\" class=\"w-50 my-2\" src=\"https:\/\/www.compressport.com\/ch\/img\/prods_entretien.png\"><\/p>\n","protected":false},"excerpt":{"rendered":"<p>Sie suchen die perfekte Trail-Socke? Kombinieren Sie Stil, Design und Leistung mit unseren <strong>V 4.0 KeFORMA-Trail-Socken<\/strong>, die in Zusammenarbeit mit <strong>Compressport<\/strong>, dem Weltmarktf\u00fchrer f\u00fcr Sportkompression, entwickelt wurden. Dies ist keine gew\u00f6hnliche Socke: Sie ist das Ergebnis einer exklusiven Partnerschaft, die das Beste aus Innovation und Qualit\u00e4t vereint.  <\/p>\n","protected":false},"featured_media":21016,"comment_status":"open","ping_status":"closed","template":"","meta":[],"product_brand":[792],"product_cat":[529],"product_tag":[],"class_list":{"0":"post-21100","1":"product","2":"type-product","3":"status-publish","4":"has-post-thumbnail","6":"product_brand-keforma-ch-by-compressport","7":"product_cat-werbegeschenk","9":"first","10":"instock","11":"taxable","12":"shipping-taxable","13":"purchasable","14":"product-type-variable"},"_links":{"self":[{"href":"https:\/\/testing-dev.keforma.ch\/de\/wp-json\/wp\/v2\/product\/21100","targetHints":{"allow":["GET"]}}],"collection":[{"href":"https:\/\/testing-dev.keforma.ch\/de\/wp-json\/wp\/v2\/product"}],"about":[{"href":"https:\/\/testing-dev.keforma.ch\/de\/wp-json\/wp\/v2\/types\/product"}],"replies":[{"embeddable":true,"href":"https:\/\/testing-dev.keforma.ch\/de\/wp-json\/wp\/v2\/comments?post=21100"}],"version-history":[{"count":0,"href":"https:\/\/testing-dev.keforma.ch\/de\/wp-json\/wp\/v2\/product\/21100\/revisions"}],"wp:featuredmedia":[{"embeddable":true,"href":"https:\/\/testing-dev.keforma.ch\/de\/wp-json\/wp\/v2\/media\/21016"}],"wp:attachment":[{"href":"https:\/\/testing-dev.keforma.ch\/de\/wp-json\/wp\/v2\/media?parent=21100"}],"wp:term":[{"taxonomy":"product_brand","embeddable":true,"href":"https:\/\/testing-dev.keforma.ch\/de\/wp-json\/wp\/v2\/product_brand?post=21100"},{"taxonomy":"product_cat","embeddable":true,"href":"https:\/\/testing-dev.keforma.ch\/de\/wp-json\/wp\/v2\/product_cat?post=21100"},{"taxonomy":"product_tag","embeddable":true,"href":"https:\/\/testing-dev.keforma.ch\/de\/wp-json\/wp\/v2\/product_tag?post=21100"}],"curies":[{"name":"wp","href":"https:\/\/api.w.org\/{rel}","templated":true}]}}