{"id":9978,"date":"2022-10-05T15:26:36","date_gmt":"2022-10-05T15:26:36","guid":{"rendered":"https:\/\/xmy.ch\/shop\/start-up-energy-drink\/"},"modified":"2026-01-09T12:43:07","modified_gmt":"2026-01-09T12:43:07","slug":"energiegetraenk-start-up","status":"publish","type":"product","link":"https:\/\/testing-dev.keforma.ch\/de\/prodotto\/energiegetraenk-start-up\/","title":{"rendered":"Energiegetr\u00e4nk Start Up"},"content":{"rendered":"<div id=\"wd-600aef8476f41\" class=\"wd-text-block-wrapper wd-wpb wd-rs-600aef8476f41 color-scheme-dark text-left vc_custom_1611329428846\">\n<div class=\"woodmart-title-container woodmart-text-block reset-last-child font-primary wd-font-weight-400 \">\n<div id=\"wd-600aaeda6f85e\" class=\"wd-text-block-wrapper wd-wpb wd-rs-600aaeda6f85e color-scheme-dark text-left vc_custom_1611312878096\">\n<div class=\"woodmart-title-container woodmart-text-block reset-last-child font-primary wd-font-weight-400 \"><b>START UP<\/b> ist das <b>Energiegetr\u00e4nk Aufw\u00e4rmphase<\/b>, das deinen K\u00f6rper optimal auf die bevorstehende Belastung vorbereitet.<br \/>\nBasierend auf einer Mischung aus Aminos\u00e4uren und ausgew\u00e4hlten Pflanzenextrakten, liefert und optimiert es die n\u00f6tige Energie f\u00fcr deine sportliche Aktivit\u00e4t von Anfang an.<br \/>\nMehr als nur ein Energieschub, f\u00f6rdert <b>START UP<\/b> auch den Abbau von Milchs\u00e4ure.<br \/>\nSo startest du deine Performance unter den besten Voraussetzungen, voller Dynamik und bereit f\u00fcr H\u00f6chstleistungen.<\/div>\n<\/div>\n<\/div>\n<\/div>\n<div class=\"wpb_text_column wpb_content_element vc_custom_1616205360806 text-larger\">\n<div class=\"wpb_wrapper\">\n<p><img loading=\"lazy\" decoding=\"async\" class=\"wd-lazy-load woodmart-lazy-load wd-lazy-fade info-icon image-1 wd-loaded\" style=\"text-align: center;\" title=\"KF_Logo-Feature-Rot\" src=\"http:\/\/testing-dev.keforma.ch\/wp-content\/uploads\/2020\/09\/KF_Logo-Feature-Red-45x45.png\" alt=\"KF_Logo-Feature-Rot\" width=\"22\" height=\"22\" data-wood-src=\"http:\/\/testing-dev.keforma.ch\/wp-content\/uploads\/2020\/09\/KF_Logo-Feature-Red-45x45.png\" data-pagespeed-url-hash=\"3879490219\" \/> Stimuliert die Reaktionsf\u00e4higkeit der Muskeln<span style=\"text-align: center;\"><br \/>\n<img loading=\"lazy\" decoding=\"async\" class=\"wd-lazy-load woodmart-lazy-load wd-lazy-fade info-icon image-1 wd-loaded\" style=\"text-align: center;\" title=\"KF_Logo-Feature-Rot\" src=\"http:\/\/testing-dev.keforma.ch\/wp-content\/uploads\/2020\/09\/KF_Logo-Feature-Red-45x45.png\" alt=\"KF_Logo-Feature-Rot\" width=\"22\" height=\"22\" data-wood-src=\"http:\/\/testing-dev.keforma.ch\/wp-content\/uploads\/2020\/09\/KF_Logo-Feature-Red-45x45.png\" data-pagespeed-url-hash=\"3879490219\" \/> Entw\u00e4ssert die Milchs\u00e4ure<br \/>\n<\/span><span style=\"text-align: center;\"><img loading=\"lazy\" decoding=\"async\" class=\"wd-lazy-load woodmart-lazy-load wd-lazy-fade info-icon image-1 wd-loaded\" style=\"text-align: center;\" title=\"KF_Logo-Feature-Rot\" src=\"http:\/\/testing-dev.keforma.ch\/wp-content\/uploads\/2020\/09\/KF_Logo-Feature-Red-45x45.png\" alt=\"KF_Logo-Feature-Rot\" width=\"22\" height=\"22\" data-wood-src=\"http:\/\/testing-dev.keforma.ch\/wp-content\/uploads\/2020\/09\/KF_Logo-Feature-Red-45x45.png\" data-pagespeed-url-hash=\"3879490219\" \/> Beschleunigt den N\u00e4hrstofftransport<br \/>\n<img loading=\"lazy\" decoding=\"async\" class=\"wd-lazy-load woodmart-lazy-load wd-lazy-fade info-icon image-1 wd-loaded\" style=\"text-align: center;\" title=\"KF_Logo-Feature-Rot\" src=\"http:\/\/testing-dev.keforma.ch\/wp-content\/uploads\/2020\/09\/KF_Logo-Feature-Red-45x45.png\" alt=\"KF_Logo-Feature-Rot\" width=\"22\" height=\"22\" data-wood-src=\"http:\/\/testing-dev.keforma.ch\/wp-content\/uploads\/2020\/09\/KF_Logo-Feature-Red-45x45.png\" data-pagespeed-url-hash=\"3879490219\" \/> Frei von Gluten und Laktose<\/span><span style=\"text-align: center;\"><br \/>\n<\/span><\/p>\n<\/div>\n<\/div>\n","protected":false},"excerpt":{"rendered":"<table class=\"bda-state-product\">\n<thead>\n<tr>\n<th class=\"bda-color\"><a href=\"de\/categoria-prodotto\/vor\/\">Vor<\/a><\/th>\n<th class=\"bda-gray\"><a href=\"de\/categoria-prodotto\/wahrend\/\">W\u00e4hrend<\/a><\/th>\n<th class=\"bda-gray\"><a href=\"de\/categoria-prodotto\/nach\/\">Nach<\/a><\/th>\n<\/tr>\n<\/thead>\n<\/table>\n<p>START UP ist das <b>Energiegetr\u00e4nk Aufw\u00e4rmphase<\/b>, das Energie optimiert und den Laktatabbau f\u00f6rdert, f\u00fcr einen maximalen Start in jede sportliche Leistung.<\/p>\n","protected":false},"featured_media":18704,"comment_status":"open","ping_status":"closed","template":"","meta":[],"product_brand":[],"product_cat":[644,525],"product_tag":[649,652,655,648,650,656,653],"class_list":{"0":"post-9978","1":"product","2":"type-product","3":"status-publish","4":"has-post-thumbnail","6":"product_cat-energie","7":"product_cat-erste","8":"product_tag-ausdauer","9":"product_tag-laufen","10":"product_tag-leichtathletik","11":"product_tag-radfahren","12":"product_tag-schwimmen","13":"product_tag-skifahren","14":"product_tag-triathlon-de","16":"first","17":"instock","18":"taxable","19":"shipping-taxable","20":"purchasable","21":"product-type-variable","22":"has-default-attributes"},"_links":{"self":[{"href":"https:\/\/testing-dev.keforma.ch\/de\/wp-json\/wp\/v2\/product\/9978","targetHints":{"allow":["GET"]}}],"collection":[{"href":"https:\/\/testing-dev.keforma.ch\/de\/wp-json\/wp\/v2\/product"}],"about":[{"href":"https:\/\/testing-dev.keforma.ch\/de\/wp-json\/wp\/v2\/types\/product"}],"replies":[{"embeddable":true,"href":"https:\/\/testing-dev.keforma.ch\/de\/wp-json\/wp\/v2\/comments?post=9978"}],"version-history":[{"count":0,"href":"https:\/\/testing-dev.keforma.ch\/de\/wp-json\/wp\/v2\/product\/9978\/revisions"}],"wp:featuredmedia":[{"embeddable":true,"href":"https:\/\/testing-dev.keforma.ch\/de\/wp-json\/wp\/v2\/media\/18704"}],"wp:attachment":[{"href":"https:\/\/testing-dev.keforma.ch\/de\/wp-json\/wp\/v2\/media?parent=9978"}],"wp:term":[{"taxonomy":"product_brand","embeddable":true,"href":"https:\/\/testing-dev.keforma.ch\/de\/wp-json\/wp\/v2\/product_brand?post=9978"},{"taxonomy":"product_cat","embeddable":true,"href":"https:\/\/testing-dev.keforma.ch\/de\/wp-json\/wp\/v2\/product_cat?post=9978"},{"taxonomy":"product_tag","embeddable":true,"href":"https:\/\/testing-dev.keforma.ch\/de\/wp-json\/wp\/v2\/product_tag?post=9978"}],"curies":[{"name":"wp","href":"https:\/\/api.w.org\/{rel}","templated":true}]}}