{"id":10026,"date":"2022-10-05T09:47:06","date_gmt":"2022-10-05T09:47:06","guid":{"rendered":"https:\/\/xmy.ch\/shop\/barre-proteinee-pro30\/"},"modified":"2025-07-14T11:25:26","modified_gmt":"2025-07-14T11:25:26","slug":"barre-proteinee-pro30","status":"publish","type":"product","link":"https:\/\/testing-dev.keforma.ch\/fr\/prodotto\/barre-proteinee-pro30\/","title":{"rendered":"Barre prot\u00e9in\u00e9e PRO30"},"content":{"rendered":"<div id=\"wd-6057fb79eb014\" class=\"wd-text-block-wrapper wd-wpb wd-rs-6057fb79eb014 color-scheme-dark text-left vc_custom_1616378763982\">\n<div class=\"woodmart-title-container woodmart-text-block reset-last-child font-primary wd-font-weight-400 \">\n<div id=\"wd-600ab098bf93b\" class=\"wd-text-block-wrapper wd-wpb wd-rs-600ab098bf93b color-scheme-dark text-left vc_custom_1611313320399\">\n<div class=\"woodmart-title-container woodmart-text-block reset-last-child font-primary wd-font-weight-400 \">\n<div id=\"wd-600ad97ea5dc6\" class=\"wd-text-block-wrapper wd-wpb wd-rs-600ad97ea5dc6 color-scheme-dark text-left vc_custom_1611323802098\">\n<div class=\"woodmart-title-container woodmart-text-block reset-last-child font-primary wd-font-weight-400 \">\n<div id=\"wd-600ab10874fb9\" class=\"wd-text-block-wrapper wd-wpb wd-rs-600ab10874fb9 color-scheme-dark text-left vc_custom_1611313450683\">\n<div class=\"woodmart-title-container woodmart-text-block reset-last-child font-primary wd-font-weight-400 \">\n<p>La <b>barre prot\u00e9in\u00e9e<\/b> <b>PRO 30<\/b> est une solution nutritive et pratique, parfaite pour vos collations techniques ou vos en-cas simples.<br \/>\nRiche en prot\u00e9ines de haute valeur biologique d\u00e9riv\u00e9es du lait et du soja, elle est id\u00e9ale pour soutenir votre r\u00e9cup\u00e9ration apr\u00e8s un effort intense ou pour favoriser la prise de masse musculaire.<br \/>\nLa <b>barre prot\u00e9in\u00e9e<\/b> PRO 30 offre une saveur unique et d\u00e9licieuse.<br \/>\nEngag\u00e9s pour votre sant\u00e9, nous n&rsquo;utilisons aucune graisse hydrog\u00e9n\u00e9e dans sa composition.<br \/>\n<i>Attention : le go\u00fbt \u00ab\u00a0Wafer\u00a0\u00bb contient du gluten.<\/i><\/p>\n<\/div>\n<\/div>\n<\/div>\n<\/div>\n<\/div>\n<\/div>\n<\/div>\n<\/div>\n<div class=\"wpb_text_column wpb_content_element vc_custom_1616378936846 text-larger\">\n<div class=\"wpb_wrapper\"><\/div>\n<\/div>\n<div class=\"wpb_text_column wpb_content_element vc_custom_1616205360806 text-larger\">\n<div class=\"wpb_wrapper\">\n<p><img loading=\"lazy\" decoding=\"async\" class=\"wd-lazy-load woodmart-lazy-load wd-lazy-fade info-icon image-1 wd-loaded\" style=\"text-align: center;\" title=\"KF_Logo-Feature-Red\" src=\"http:\/\/testing-dev.keforma.ch\/wp-content\/uploads\/2020\/09\/KF_Logo-Feature-Red-45x45.png\" alt=\"KF_Logo-Feature-Red\" width=\"22\" height=\"22\" data-wood-src=\"http:\/\/testing-dev.keforma.ch\/wp-content\/uploads\/2020\/09\/KF_Logo-Feature-Red-45x45.png\" data-pagespeed-url-hash=\"3879490219\" \/> 27% de prot\u00e9ines<span style=\"text-align: center;\"><br \/>\n<img loading=\"lazy\" decoding=\"async\" class=\"wd-lazy-load woodmart-lazy-load wd-lazy-fade info-icon image-1 wd-loaded\" style=\"text-align: center;\" title=\"KF_Logo-Feature-Red\" src=\"http:\/\/testing-dev.keforma.ch\/wp-content\/uploads\/2020\/09\/KF_Logo-Feature-Red-45x45.png\" alt=\"KF_Logo-Feature-Red\" width=\"22\" height=\"22\" data-wood-src=\"http:\/\/testing-dev.keforma.ch\/wp-content\/uploads\/2020\/09\/KF_Logo-Feature-Red-45x45.png\" data-pagespeed-url-hash=\"3879490219\" \/> Sans graisses hydrog\u00e9n\u00e9es<br \/>\n<img loading=\"lazy\" decoding=\"async\" class=\"wd-lazy-load woodmart-lazy-load wd-lazy-fade info-icon image-1 wd-loaded\" style=\"text-align: center;\" title=\"KF_Logo-Feature-Red\" src=\"http:\/\/testing-dev.keforma.ch\/wp-content\/uploads\/2020\/09\/KF_Logo-Feature-Red-45x45.png\" alt=\"KF_Logo-Feature-Red\" width=\"22\" height=\"22\" data-wood-src=\"http:\/\/testing-dev.keforma.ch\/wp-content\/uploads\/2020\/09\/KF_Logo-Feature-Red-45x45.png\" data-pagespeed-url-hash=\"3879490219\" \/> Prot\u00e9ines de lait et de soja<br \/>\n<img loading=\"lazy\" decoding=\"async\" class=\"wd-lazy-load woodmart-lazy-load wd-lazy-fade info-icon image-1 wd-loaded\" style=\"text-align: center;\" title=\"KF_Logo-Feature-Red\" src=\"http:\/\/testing-dev.keforma.ch\/wp-content\/uploads\/2020\/09\/KF_Logo-Feature-Red-45x45.png\" alt=\"KF_Logo-Feature-Red\" width=\"22\" height=\"22\" data-wood-src=\"http:\/\/testing-dev.keforma.ch\/wp-content\/uploads\/2020\/09\/KF_Logo-Feature-Red-45x45.png\" data-pagespeed-url-hash=\"3879490219\" \/> Sans huile de palme<\/span><span style=\"text-align: center;\"><br \/>\n<\/span><\/p>\n<\/div>\n<\/div>\n","protected":false},"excerpt":{"rendered":"<table class=\"bda-state-product\">\n<thead>\n<tr>\n<th class=\"bda-color\"><a href=\"fr\/categoria-prodotto\/avant\/\">Avant<\/a><\/th>\n<th class=\"bda-gray\"><a href=\"fr\/categoria-prodotto\/pendant\/\">Pendant<\/a><\/th>\n<th class=\"bda-color\"><a href=\"fr\/categoria-prodotto\/apres\/\">Apr\u00e8s<\/a><\/th>\n<\/tr>\n<\/thead>\n<\/table>\n<p>PRO 30 est la <b>barre prot\u00e9in\u00e9e<\/b> id\u00e9ale pour la r\u00e9cup\u00e9ration et la prise de masse musculaire, offrant un en-cas d\u00e9licieux et riche en prot\u00e9ines.<\/p>\n","protected":false},"featured_media":19651,"comment_status":"open","ping_status":"closed","template":"","meta":[],"product_brand":[],"product_cat":[528,526,739],"product_tag":[752,746,747,757,756,750,755,748,749,751],"class_list":{"0":"post-10026","1":"product","2":"type-product","3":"status-publish","4":"has-post-thumbnail","6":"product_cat-apres","7":"product_cat-premiere","8":"product_cat-proteines","9":"product_tag-bien-etre","10":"product_tag-cyclisme","11":"product_tag-endurance-fr","12":"product_tag-fitness-fr","13":"product_tag-gymnase","14":"product_tag-la-course-a-pied","15":"product_tag-la-musculation","16":"product_tag-natation","17":"product_tag-puissance","18":"product_tag-triathlon-fr","20":"first","21":"instock","22":"taxable","23":"shipping-taxable","24":"purchasable","25":"product-type-variable"},"_links":{"self":[{"href":"https:\/\/testing-dev.keforma.ch\/fr\/wp-json\/wp\/v2\/product\/10026","targetHints":{"allow":["GET"]}}],"collection":[{"href":"https:\/\/testing-dev.keforma.ch\/fr\/wp-json\/wp\/v2\/product"}],"about":[{"href":"https:\/\/testing-dev.keforma.ch\/fr\/wp-json\/wp\/v2\/types\/product"}],"replies":[{"embeddable":true,"href":"https:\/\/testing-dev.keforma.ch\/fr\/wp-json\/wp\/v2\/comments?post=10026"}],"version-history":[{"count":0,"href":"https:\/\/testing-dev.keforma.ch\/fr\/wp-json\/wp\/v2\/product\/10026\/revisions"}],"wp:featuredmedia":[{"embeddable":true,"href":"https:\/\/testing-dev.keforma.ch\/fr\/wp-json\/wp\/v2\/media\/19651"}],"wp:attachment":[{"href":"https:\/\/testing-dev.keforma.ch\/fr\/wp-json\/wp\/v2\/media?parent=10026"}],"wp:term":[{"taxonomy":"product_brand","embeddable":true,"href":"https:\/\/testing-dev.keforma.ch\/fr\/wp-json\/wp\/v2\/product_brand?post=10026"},{"taxonomy":"product_cat","embeddable":true,"href":"https:\/\/testing-dev.keforma.ch\/fr\/wp-json\/wp\/v2\/product_cat?post=10026"},{"taxonomy":"product_tag","embeddable":true,"href":"https:\/\/testing-dev.keforma.ch\/fr\/wp-json\/wp\/v2\/product_tag?post=10026"}],"curies":[{"name":"wp","href":"https:\/\/api.w.org\/{rel}","templated":true}]}}