{"id":18072,"date":"2024-03-14T21:39:32","date_gmt":"2024-03-14T21:39:32","guid":{"rendered":"https:\/\/keforma.ch\/?post_type=product&#038;p=18072"},"modified":"2025-07-29T20:23:30","modified_gmt":"2025-07-29T20:23:30","slug":"barre-proteinee-ke-twin","status":"publish","type":"product","link":"https:\/\/testing-dev.keforma.ch\/fr\/prodotto\/barre-proteinee-ke-twin\/","title":{"rendered":"Barre prot\u00e9in\u00e9e KE TWIN"},"content":{"rendered":"<p data-sourcepos=\"23:1-23:300\">KE TWIN est une <strong>barre prot\u00e9in\u00e9e multicouche<\/strong> r\u00e9volutionnaire avec une double couche de prot\u00e9ines de lactos\u00e9rum et de sources v\u00e9g\u00e9tales, 100% sans OGM.<br \/>\nSon c\u0153ur tendre est envelopp\u00e9 d&rsquo;une d\u00e9licieuse couche de caramel et recouvert de chocolat noir croquant, ce qui en fait un v\u00e9ritable r\u00e9gal pour le palais.<\/p>\n<p data-sourcepos=\"25:1-25:551\">Le m\u00e9lange de prot\u00e9ines hautement digestibles rend cette <strong>barre prot\u00e9in\u00e9e multicouche<\/strong> parfaite pour tous les athl\u00e8tes qui surveillent leur ligne et veulent compl\u00e9ter un quota de prot\u00e9ines significatif, essentiel pour l&rsquo;augmentation et le maintien de la masse musculaire.<br \/>\nL&rsquo;utilisation d&rsquo;\u00e9dulcorants naturels la rend \u00e9galement adapt\u00e9e \u00e0 ceux qui ont une faible tol\u00e9rance aux polyols.<\/p>\n<p data-sourcepos=\"25:1-25:551\">Avec KE TWIN, vous \u00eates assur\u00e9 de disposer d&rsquo;un produit de haute qualit\u00e9, sans graisses hydrog\u00e9n\u00e9es, sans gluten et sans OGM, id\u00e9al pour soutenir vos objectifs de remise en forme d&rsquo;une mani\u00e8re saine et savoureuse.<\/p>\n<p data-sourcepos=\"25:1-25:551\"><img loading=\"lazy\" decoding=\"async\" class=\"wd-lazy-load woodmart-lazy-load wd-lazy-fade info-icon image-1 wd-loaded\" title=\"KF_Logo-Feature-Red\" src=\"http:\/\/testing-dev.keforma.ch\/wp-content\/uploads\/2020\/09\/KF_Logo-Feature-Red-45x45.png\" alt=\"KF_Logo-Feature-Red\" width=\"22\" height=\"22\" data-wood-src=\"http:\/\/testing-dev.keforma.ch\/wp-content\/uploads\/2020\/09\/KF_Logo-Feature-Red-45x45.png\" data-pagespeed-url-hash=\"3879490219\">30% de prot\u00e9ines de haute qualit\u00e9<\/p>\n<p data-sourcepos=\"25:1-25:551\"><img loading=\"lazy\" decoding=\"async\" class=\"wd-lazy-load woodmart-lazy-load wd-lazy-fade info-icon image-1 wd-loaded\" title=\"KF_Logo-Feature-Red\" src=\"http:\/\/testing-dev.keforma.ch\/wp-content\/uploads\/2020\/09\/KF_Logo-Feature-Red-45x45.png\" alt=\"KF_Logo-Feature-Red\" width=\"22\" height=\"22\" data-wood-src=\"http:\/\/testing-dev.keforma.ch\/wp-content\/uploads\/2020\/09\/KF_Logo-Feature-Red-45x45.png\" data-pagespeed-url-hash=\"3879490219\">Double couche savoureuse<\/p>\n<p data-sourcepos=\"25:1-25:551\"><img loading=\"lazy\" decoding=\"async\" class=\"wd-lazy-load woodmart-lazy-load wd-lazy-fade info-icon image-1 wd-loaded\" title=\"KF_Logo-Feature-Red\" src=\"http:\/\/testing-dev.keforma.ch\/wp-content\/uploads\/2020\/09\/KF_Logo-Feature-Red-45x45.png\" alt=\"KF_Logo-Feature-Red\" width=\"22\" height=\"22\" data-wood-src=\"http:\/\/testing-dev.keforma.ch\/wp-content\/uploads\/2020\/09\/KF_Logo-Feature-Red-45x45.png\" data-pagespeed-url-hash=\"3879490219\">Sans gluten ni OGM<\/p>\n<p data-sourcepos=\"25:1-25:551\"><img loading=\"lazy\" decoding=\"async\" class=\"wd-lazy-load woodmart-lazy-load wd-lazy-fade info-icon image-1 wd-loaded\" title=\"KF_Logo-Feature-Red\" src=\"http:\/\/testing-dev.keforma.ch\/wp-content\/uploads\/2020\/09\/KF_Logo-Feature-Red-45x45.png\" alt=\"KF_Logo-Feature-Red\" width=\"22\" height=\"22\" data-wood-src=\"http:\/\/testing-dev.keforma.ch\/wp-content\/uploads\/2020\/09\/KF_Logo-Feature-Red-45x45.png\" data-pagespeed-url-hash=\"3879490219\">Pas de graisses hydrog\u00e9n\u00e9es<\/p>\n","protected":false},"excerpt":{"rendered":"<table class=\"bda-state-product\">\n<thead>\n<tr>\n<th class=\"bda-color\"><a href=\"\/categoria-prodotto\/prima\/\">Premi\u00e8re<\/a><\/th>\n<th class=\"bda-gray\"><a href=\"\/categoria-prodotto\/durante\/\">Pendant<\/a><\/th>\n<th class=\"bda-color\"><a href=\"\/categoria-prodotto\/dopo\/\">Apr\u00e8s<\/a><\/th>\n<\/tr>\n<\/thead>\n<\/table>\n<p>KE TWIN est la <strong>barre prot\u00e9in\u00e9e multicouche<\/strong> id\u00e9ale pour les sportifs : 30% de prot\u00e9ines, sans gluten, sans OGM et un go\u00fbt irr\u00e9sistible pour le bien-\u00eatre musculaire.<\/p>\n","protected":false},"featured_media":19642,"comment_status":"open","ping_status":"closed","template":"","meta":[],"product_brand":[],"product_cat":[528,526,739],"product_tag":[752,746,747,757,756,750,755,748,749,751],"class_list":{"0":"post-18072","1":"product","2":"type-product","3":"status-publish","4":"has-post-thumbnail","6":"product_cat-apres","7":"product_cat-premiere","8":"product_cat-proteines","9":"product_tag-bien-etre","10":"product_tag-cyclisme","11":"product_tag-endurance-fr","12":"product_tag-fitness-fr","13":"product_tag-gymnase","14":"product_tag-la-course-a-pied","15":"product_tag-la-musculation","16":"product_tag-natation","17":"product_tag-puissance","18":"product_tag-triathlon-fr","20":"first","21":"instock","22":"taxable","23":"shipping-taxable","24":"purchasable","25":"product-type-variable"},"_links":{"self":[{"href":"https:\/\/testing-dev.keforma.ch\/fr\/wp-json\/wp\/v2\/product\/18072","targetHints":{"allow":["GET"]}}],"collection":[{"href":"https:\/\/testing-dev.keforma.ch\/fr\/wp-json\/wp\/v2\/product"}],"about":[{"href":"https:\/\/testing-dev.keforma.ch\/fr\/wp-json\/wp\/v2\/types\/product"}],"replies":[{"embeddable":true,"href":"https:\/\/testing-dev.keforma.ch\/fr\/wp-json\/wp\/v2\/comments?post=18072"}],"version-history":[{"count":0,"href":"https:\/\/testing-dev.keforma.ch\/fr\/wp-json\/wp\/v2\/product\/18072\/revisions"}],"wp:featuredmedia":[{"embeddable":true,"href":"https:\/\/testing-dev.keforma.ch\/fr\/wp-json\/wp\/v2\/media\/19642"}],"wp:attachment":[{"href":"https:\/\/testing-dev.keforma.ch\/fr\/wp-json\/wp\/v2\/media?parent=18072"}],"wp:term":[{"taxonomy":"product_brand","embeddable":true,"href":"https:\/\/testing-dev.keforma.ch\/fr\/wp-json\/wp\/v2\/product_brand?post=18072"},{"taxonomy":"product_cat","embeddable":true,"href":"https:\/\/testing-dev.keforma.ch\/fr\/wp-json\/wp\/v2\/product_cat?post=18072"},{"taxonomy":"product_tag","embeddable":true,"href":"https:\/\/testing-dev.keforma.ch\/fr\/wp-json\/wp\/v2\/product_tag?post=18072"}],"curies":[{"name":"wp","href":"https:\/\/api.w.org\/{rel}","templated":true}]}}