{"id":19694,"date":"2025-03-23T14:28:30","date_gmt":"2025-03-23T14:28:30","guid":{"rendered":"https:\/\/keforma.ch\/?post_type=product&#038;p=19694"},"modified":"2025-09-25T20:00:50","modified_gmt":"2025-09-25T20:00:50","slug":"edition-pack-endorfina","status":"publish","type":"product","link":"https:\/\/testing-dev.keforma.ch\/fr\/prodotto\/edition-pack-endorfina\/","title":{"rendered":"\u00c9dition Pack Endorphine"},"content":{"rendered":"<div id=\"wd-600aef8476f41\" class=\"wd-text-block-wrapper wd-wpb wd-rs-600aef8476f41 color-scheme-dark text-left vc_custom_1611329428846\">\n<div class=\"woodmart-title-container woodmart-text-block reset-last-child font-primary wd-font-weight-400 \">\n<div id=\"wd-5fa7dbbe84545\" class=\"wd-text-block-wrapper wd-wpb wd-rs-5fa7dbbe84545 color-scheme-dark text-left vc_custom_1604836317125\">\n<div class=\"woodmart-title-container woodmart-text-block reset-last-child font-primary wd-font-weight-400 \">\n<div id=\"wd-5fb16b2071c82\" class=\"wd-text-block-wrapper wd-wpb wd-rs-5fb16b2071c82 color-scheme-dark text-left vc_custom_1605462832817\">\n<div class=\"woodmart-title-container woodmart-text-block reset-last-child font-primary wd-font-weight-400 \">\n<div id=\"wd-6213f8de2343e\" class=\"wd-text-block-wrapper wd-wpb wd-rs-6213f8de2343e color-scheme-dark text-left vc_custom_1645476072645\">\n<div class=\"woodmart-title-container woodmart-text-block reset-last-child font-primary wd-font-weight-400 \">\n<div id=\"wd-5fae84caf2f65\" class=\"wd-text-block-wrapper wd-wpb wd-rs-5fae84caf2f65 color-scheme-dark text-left vc_custom_1605272827457\">\n<div class=\"woodmart-title-container woodmart-text-block reset-last-child font-primary wd-font-weight-400 \">\n<div id=\"wd-5fae84caf2f65\" class=\"wd-text-block-wrapper wd-wpb wd-rs-5fae84caf2f65 color-scheme-dark text-left vc_custom_1605272827457\">\n<div class=\"woodmart-title-container woodmart-text-block reset-last-child font-primary wd-font-weight-400 \">\n<div id=\"wd-5fb00549e50f6\" class=\"wd-text-block-wrapper wd-wpb wd-rs-5fb00549e50f6 color-scheme-dark text-left vc_custom_1605371215209\">\n<div class=\"woodmart-title-container woodmart-text-block reset-last-child font-primary wd-font-weight-400 \">\n<div id=\"wd-61b0e35f000c6\" class=\"wd-text-block-wrapper wd-wpb wd-rs-61b0e35f000c6 color-scheme-dark text-left vc_custom_1638983040083\">\n<div class=\"woodmart-title-container woodmart-text-block reset-last-child font-primary wd-font-weight-400 \">\n<div id=\"wd-61b0e35f000c6\" class=\"wd-text-block-wrapper wd-wpb wd-rs-61b0e35f000c6 color-scheme-dark text-left vc_custom_1638983040083\">\n<div class=\"woodmart-title-container woodmart-text-block reset-last-child font-primary wd-font-weight-400 \">\n<div id=\"wd-61b62e81892df\" class=\"wd-text-block-wrapper wd-wpb wd-rs-61b62e81892df color-scheme-dark text-left vc_custom_1639329416889\">\n<div class=\"woodmart-title-container woodmart-text-block reset-last-child font-primary wd-font-weight-400 \">\n<div id=\"wd-5faa92e55ff92\" class=\"wd-text-block-wrapper wd-wpb wd-rs-5faa92e55ff92 color-scheme-dark text-left vc_custom_1605014277947\">\n<p data-sourcepos=\"5:1-5:312\">ENDORFINA Pack Edition : votre source d&rsquo;\u00e9nergie de haute qualit\u00e9 pour des performances illimit\u00e9es ! Con\u00e7u par Giuliano, ce pack exclusif vous donne l&rsquo;occasion d&rsquo;exp\u00e9rimenter le protocole nutritionnel optimal en pr\u00e9paration de votre \u00e9v\u00e9nement le plus important, avec la possibilit\u00e9 de battre votre record personnel. <\/p>\n<p data-sourcepos=\"7:1-7:244\">Achetez nos barres Pack aujourd&rsquo;hui \u00e0 un prix sp\u00e9cial et d\u00e9couvrez une alimentation sur mesure sans sucre ajout\u00e9 et loin des produits industriels conventionnels.<\/p>\n<p data-sourcepos=\"7:1-7:244\">Ce SUPER PACK contient tout ce dont vous avez besoin pour donner le meilleur de vous-m\u00eame.<\/p>\n<\/div>\n<div class=\"wpb_text_column wpb_content_element vc_custom_1611324717886 text-larger\">\n<div class=\"wpb_wrapper\">\n<div class=\"product-details product-details--layout-sidebar-right product-details--description-basic\">\n<div class=\"product-details__description\">\n<div class=\"product-details-module product-details__general-info\">\n<div class=\"product-details-module__content\">\n<div id=\"productDescription\" class=\"product-details__product-description\">\n<ul>\n<li>1 BCAA 2:1:1 100 cpr<\/li>\n<li>5 Sachets Ke Mineral Salts Orange Flavour<\/li>\n<li>5 Sachets Ke Sels Min\u00e9raux Go\u00fbt Neutre<\/li>\n<li>2 Sachets KeDurance Orange<\/li>\n<li>2 Sachets KeDurance Citron<\/li>\n<li>1 gel au citron Aminorace<\/li>\n<li>1 gel d&rsquo;orange Aminorace<\/li>\n<li>1 Evogel Orange<\/li>\n<li>1 pomme verte Evogel<\/li>\n<li>1 Hydrorace Gel Orange<\/li>\n<li>1 Hydrorace Gel Green Apple<\/li>\n<li>1 Gel Malt Orange<\/li>\n<li>1 gel de malt \u00e0 la pomme verte<\/li>\n<li>1 Gel Sprint aux agrumes<\/li>\n<li>1 Gel Ultra Energy No Falvour<\/li>\n<li>1 Gel Ultra Energy Sodium<\/li>\n<li>1 gel \u00e9nerg\u00e9tique ultra \u00e0 la caf\u00e9ine<\/li>\n<li>1 Ke Carbo Bar x chaque go\u00fbt (9 saveurs)<\/li>\n<li>1 barre \u00e9nerg\u00e9tique Ke x chaque go\u00fbt (3 go\u00fbts)<\/li>\n<\/ul>\n<p>* Les saveurs sont soumises \u00e0 la disponibilit\u00e9<br \/>\n* Les informations nutritionnelles sont indiqu\u00e9es sur chaque produit.<\/p>\n<p>&nbsp;<\/p>\n<\/div>\n<\/div>\n<\/div>\n<\/div>\n<\/div>\n<\/div>\n<\/div>\n<\/div>\n<\/div>\n<\/div>\n<\/div>\n<\/div>\n<\/div>\n<\/div>\n<\/div>\n<\/div>\n<\/div>\n<\/div>\n<\/div>\n<\/div>\n<\/div>\n<\/div>\n<\/div>\n<\/div>\n<\/div>\n<\/div>\n<\/div>\n<div class=\"wpb_text_column wpb_content_element vc_custom_1616205360806 text-larger\">\n<div class=\"wpb_wrapper\">\n<p><img loading=\"lazy\" decoding=\"async\" class=\"wd-lazy-load woodmart-lazy-load wd-lazy-fade info-icon image-1 wd-loaded\" style=\"text-align: center;\" title=\"KF_Logo-Feature-Red\" src=\"http:\/\/testing-dev.keforma.ch\/wp-content\/uploads\/2020\/09\/KF_Logo-Feature-Red-45x45.png\" alt=\"KF_Logo-Feature-Red\" width=\"22\" height=\"22\" data-wood-src=\"http:\/\/testing-dev.keforma.ch\/wp-content\/uploads\/2020\/09\/KF_Logo-Feature-Red-45x45.png\" data-pagespeed-url-hash=\"3879490219\">  Qualit\u00e9 KeFORMA<br \/>\n<img loading=\"lazy\" decoding=\"async\" class=\"wd-lazy-load woodmart-lazy-load wd-lazy-fade info-icon image-1 wd-loaded\" style=\"text-align: center;\" title=\"KF_Logo-Feature-Red\" src=\"http:\/\/testing-dev.keforma.ch\/wp-content\/uploads\/2020\/09\/KF_Logo-Feature-Red-45x45.png\" alt=\"KF_Logo-Feature-Red\" width=\"22\" height=\"22\" data-wood-src=\"http:\/\/testing-dev.keforma.ch\/wp-content\/uploads\/2020\/09\/KF_Logo-Feature-Red-45x45.png\" data-pagespeed-url-hash=\"3879490219\"> Tous les go\u00fbts KeFORMA Bars<br \/>\n<span style=\"text-align: center;\"><img loading=\"lazy\" decoding=\"async\" class=\"wd-lazy-load woodmart-lazy-load wd-lazy-fade info-icon image-1 wd-loaded\" style=\"text-align: center;\" title=\"KF_Logo-Feature-Red\" src=\"http:\/\/testing-dev.keforma.ch\/wp-content\/uploads\/2020\/09\/KF_Logo-Feature-Red-45x45.png\" alt=\"KF_Logo-Feature-Red\" width=\"22\" height=\"22\" data-wood-src=\"http:\/\/testing-dev.keforma.ch\/wp-content\/uploads\/2020\/09\/KF_Logo-Feature-Red-45x45.png\" data-pagespeed-url-hash=\"3879490219\"> Id\u00e9e cadeau<br \/>\n<img loading=\"lazy\" decoding=\"async\" class=\"wd-lazy-load woodmart-lazy-load wd-lazy-fade info-icon image-1 wd-loaded\" style=\"text-align: center;\" title=\"KF_Logo-Feature-Red\" src=\"http:\/\/testing-dev.keforma.ch\/wp-content\/uploads\/2020\/09\/KF_Logo-Feature-Red-45x45.png\" alt=\"KF_Logo-Feature-Red\" width=\"22\" height=\"22\" data-wood-src=\"http:\/\/testing-dev.keforma.ch\/wp-content\/uploads\/2020\/09\/KF_Logo-Feature-Red-45x45.png\" data-pagespeed-url-hash=\"3879490219\"> Sauvegarder<br \/>\n<\/span><\/p>\n<\/div>\n<\/div>\n","protected":false},"excerpt":{"rendered":"<table class=\"bda-state-product\">\n<thead>\n<tr>\n<th class=\"bda-color\"><a href=\"\/categoria-prodotto\/prima\/\">Premi\u00e8re<\/a><\/th>\n<th class=\"bda-color\"><a href=\"\/categoria-prodotto\/durante\/\">Pendant<\/a><\/th>\n<th class=\"bda-color\"><a href=\"\/categoria-prodotto\/dopo\/\">Apr\u00e8s<\/a><\/th>\n<\/tr>\n<\/thead>\n<\/table>\n<div class=\"woocommerce-product-details__short-description\">\n<p>Dans un seul pack, vous trouverez tout pour l&rsquo;athl\u00e8te ENDORFINA Pack Edition &#8230; votre qualit\u00e9 et &#8230; de l&rsquo;\u00e9nergie \u00e0 n&rsquo;en plus finir !<\/p>\n<\/div>\n<ul>\n<li>1 BCAA 2:1:1 100 cpr<\/li>\n<li>5 Sachets Ke Mineral Salts Orange Flavour<\/li>\n<li>5 Sachets Ke Sels Min\u00e9raux Go\u00fbt Neutre<\/li>\n<li>2 Sachets KeDurance Orange<\/li>\n<li>2 Sachets KeDurance Citron<\/li>\n<li>1 gel au citron Aminorace<\/li>\n<li>1 gel d&rsquo;orange Aminorace<\/li>\n<li>1 Evogel Orange<\/li>\n<li>1 pomme verte Evogel<\/li>\n<li>1 Hydrorace Gel Orange<\/li>\n<li>1 Hydrorace Gel Green Apple<\/li>\n<li>1 Gel Malt Orange<\/li>\n<li>1 gel de malt \u00e0 la pomme verte<\/li>\n<li>1 Gel Sprint aux agrumes<\/li>\n<li>1 Gel Ultra Energy No Falvour<\/li>\n<li>1 Gel Ultra Energy Sodium<\/li>\n<li>1 gel \u00e9nerg\u00e9tique ultra \u00e0 la caf\u00e9ine<\/li>\n<li>1 Ke Carbo Bar x chaque go\u00fbt (9 saveurs)<\/li>\n<li>1 barre \u00e9nerg\u00e9tique Ke x chaque go\u00fbt (3 go\u00fbts)<\/li>\n<li>\n<\/li>\n<\/ul>\n","protected":false},"featured_media":20990,"comment_status":"open","ping_status":"closed","template":"","meta":[],"product_brand":[],"product_cat":[530],"product_tag":[752,746,747,757,756,750,755,748,749,751],"class_list":{"0":"post-19694","1":"product","2":"type-product","3":"status-publish","4":"has-post-thumbnail","6":"product_cat-promo-fr","7":"product_tag-bien-etre","8":"product_tag-cyclisme","9":"product_tag-endurance-fr","10":"product_tag-fitness-fr","11":"product_tag-gymnase","12":"product_tag-la-course-a-pied","13":"product_tag-la-musculation","14":"product_tag-natation","15":"product_tag-puissance","16":"product_tag-triathlon-fr","18":"first","19":"instock","20":"taxable","21":"shipping-taxable","22":"purchasable","23":"product-type-simple"},"_links":{"self":[{"href":"https:\/\/testing-dev.keforma.ch\/fr\/wp-json\/wp\/v2\/product\/19694","targetHints":{"allow":["GET"]}}],"collection":[{"href":"https:\/\/testing-dev.keforma.ch\/fr\/wp-json\/wp\/v2\/product"}],"about":[{"href":"https:\/\/testing-dev.keforma.ch\/fr\/wp-json\/wp\/v2\/types\/product"}],"replies":[{"embeddable":true,"href":"https:\/\/testing-dev.keforma.ch\/fr\/wp-json\/wp\/v2\/comments?post=19694"}],"version-history":[{"count":0,"href":"https:\/\/testing-dev.keforma.ch\/fr\/wp-json\/wp\/v2\/product\/19694\/revisions"}],"wp:featuredmedia":[{"embeddable":true,"href":"https:\/\/testing-dev.keforma.ch\/fr\/wp-json\/wp\/v2\/media\/20990"}],"wp:attachment":[{"href":"https:\/\/testing-dev.keforma.ch\/fr\/wp-json\/wp\/v2\/media?parent=19694"}],"wp:term":[{"taxonomy":"product_brand","embeddable":true,"href":"https:\/\/testing-dev.keforma.ch\/fr\/wp-json\/wp\/v2\/product_brand?post=19694"},{"taxonomy":"product_cat","embeddable":true,"href":"https:\/\/testing-dev.keforma.ch\/fr\/wp-json\/wp\/v2\/product_cat?post=19694"},{"taxonomy":"product_tag","embeddable":true,"href":"https:\/\/testing-dev.keforma.ch\/fr\/wp-json\/wp\/v2\/product_tag?post=19694"}],"curies":[{"name":"wp","href":"https:\/\/api.w.org\/{rel}","templated":true}]}}