{"id":9996,"date":"2022-10-05T15:03:39","date_gmt":"2022-10-05T15:03:39","guid":{"rendered":"https:\/\/xmy.ch\/shop\/boisson-energetique-hydro-fuel\/"},"modified":"2025-07-14T11:13:31","modified_gmt":"2025-07-14T11:13:31","slug":"boisson-energetique-hydro-fuel","status":"publish","type":"product","link":"https:\/\/testing-dev.keforma.ch\/fr\/prodotto\/boisson-energetique-hydro-fuel\/","title":{"rendered":"Boisson \u00e9nerg\u00e9tique Hydro Fuel"},"content":{"rendered":"<div id=\"wd-600aef8476f41\" class=\"wd-text-block-wrapper wd-wpb wd-rs-600aef8476f41 color-scheme-dark text-left vc_custom_1611329428846\">\n<div class=\"woodmart-title-container woodmart-text-block reset-last-child font-primary wd-font-weight-400 \">\n<div id=\"wd-5fafbca251970\" class=\"wd-text-block-wrapper wd-wpb wd-rs-5fafbca251970 color-scheme-dark text-left vc_custom_1605352620193\">\n<div class=\"woodmart-title-container woodmart-text-block reset-last-child font-primary wd-font-weight-400 \">\n<div id=\"wd-6057dcdf0980f\" class=\"wd-text-block-wrapper wd-wpb wd-rs-6057dcdf0980f color-scheme-dark text-left vc_custom_1616370925274\">\n<div class=\"woodmart-title-container woodmart-text-block reset-last-child font-primary wd-font-weight-400 \">\n<p><b>Hydro Fuel<\/b> est la <b>boisson \u00e9nerg\u00e9tique hydratation<\/b> indispensable \u00e0 tous les athl\u00e8tes, quel que soit leur sport.<br \/>\nFormul\u00e9e pour \u00eatre l&rsquo;alli\u00e9e de votre bouteille d&rsquo;eau, elle est riche en glucides, qu&rsquo;ils soient simples pour une \u00e9nergie rapide ou complexes pour un apport durable.<br \/>\nDe plus, elle contient un m\u00e9lange \u00e9quilibr\u00e9 de min\u00e9raux essentiels comme le magn\u00e9sium, le potassium et le phosphore, sans oublier les vitamines B et la vitamine C, cruciales pour soutenir votre m\u00e9tabolisme et r\u00e9duire la fatigue.<br \/>\n<b>Hydro Fuel<\/b> est aussi un produit sans gluten ni lactose, assurant une parfaite tol\u00e9rance pour tous.<\/p>\n<\/div>\n<\/div>\n<\/div>\n<\/div>\n<\/div>\n<\/div>\n<div class=\"wpb_text_column wpb_content_element vc_custom_1616205360806 text-larger\">\n<div class=\"wpb_wrapper\">\n<p><img loading=\"lazy\" decoding=\"async\" class=\"wd-lazy-load woodmart-lazy-load wd-lazy-fade info-icon image-1 wd-loaded\" style=\"text-align: center;\" title=\"KF_Logo-Charact\u00e9ristique-Rouge\" src=\"http:\/\/testing-dev.keforma.ch\/wp-content\/uploads\/2020\/09\/KF_Logo-Feature-Red-45x45.png\" alt=\"KF_Logo-Charact\u00e9ristique-Rouge\" width=\"22\" height=\"22\" data-wood-src=\"http:\/\/testing-dev.keforma.ch\/wp-content\/uploads\/2020\/09\/KF_Logo-Feature-Red-45x45.png\" data-pagespeed-url-hash=\"3879490219\" \/> Pr\u00e9vient les crampes<span style=\"text-align: center;\"><br \/>\n<img loading=\"lazy\" decoding=\"async\" class=\"wd-lazy-load woodmart-lazy-load wd-lazy-fade info-icon image-1 wd-loaded\" style=\"text-align: center;\" title=\"KF_Logo-Charact\u00e9ristique-Rouge\" src=\"http:\/\/testing-dev.keforma.ch\/wp-content\/uploads\/2020\/09\/KF_Logo-Feature-Red-45x45.png\" alt=\"KF_Logo-Charact\u00e9ristique-Rouge\" width=\"22\" height=\"22\" data-wood-src=\"http:\/\/testing-dev.keforma.ch\/wp-content\/uploads\/2020\/09\/KF_Logo-Feature-Red-45x45.png\" data-pagespeed-url-hash=\"3879490219\" \/> R\u00e9duit la fatigue<br \/>\n<\/span><span style=\"text-align: center;\"><img loading=\"lazy\" decoding=\"async\" class=\"wd-lazy-load woodmart-lazy-load wd-lazy-fade info-icon image-1 wd-loaded\" style=\"text-align: center;\" title=\"KF_Logo-Charact\u00e9ristique-Rouge\" src=\"http:\/\/testing-dev.keforma.ch\/wp-content\/uploads\/2020\/09\/KF_Logo-Feature-Red-45x45.png\" alt=\"KF_Logo-Charact\u00e9ristique-Rouge\" width=\"22\" height=\"22\" data-wood-src=\"http:\/\/testing-dev.keforma.ch\/wp-content\/uploads\/2020\/09\/KF_Logo-Feature-Red-45x45.png\" data-pagespeed-url-hash=\"3879490219\" \/> \u00c9quilibre \u00e9lectrolytique<br \/>\n<img loading=\"lazy\" decoding=\"async\" class=\"wd-lazy-load woodmart-lazy-load wd-lazy-fade info-icon image-1 wd-loaded\" style=\"text-align: center;\" title=\"KF_Logo-Charact\u00e9ristique-Rouge\" src=\"http:\/\/testing-dev.keforma.ch\/wp-content\/uploads\/2020\/09\/KF_Logo-Feature-Red-45x45.png\" alt=\"KF_Logo-Charact\u00e9ristique-Rouge\" width=\"22\" height=\"22\" data-wood-src=\"http:\/\/testing-dev.keforma.ch\/wp-content\/uploads\/2020\/09\/KF_Logo-Feature-Red-45x45.png\" data-pagespeed-url-hash=\"3879490219\" \/> Sans gluten ni lactose<\/span><span style=\"text-align: center;\"><br \/>\n<\/span><\/p>\n<\/div>\n<\/div>\n","protected":false},"excerpt":{"rendered":"<table class=\"bda-state-product\">\n<thead>\n<tr>\n<th class=\"bda-color\"><a href=\"fr\/categoria-prodotto\/avant\/\">Avant<\/a><\/th>\n<th class=\"bda-color\"><a href=\"fr\/categoria-prodotto\/pendant\/\">Pendant<\/a><\/th>\n<th class=\"bda-gray\"><a href=\"fr\/categoria-prodotto\/apres\/\">Apr\u00e8s<\/a><\/th>\n<\/tr>\n<\/thead>\n<\/table>\n<p>Hydro Fuel est la <b>boisson \u00e9nerg\u00e9tique hydratation<\/b> compl\u00e8te, riche en glucides, min\u00e9raux et vitamines, essentielle pour tous les athl\u00e8tes et sans allerg\u00e8nes.<\/p>\n","protected":false},"featured_media":20656,"comment_status":"open","ping_status":"closed","template":"","meta":[],"product_brand":[],"product_cat":[741,558,526],"product_tag":[753,746,747,750,748,751],"class_list":{"0":"post-9996","1":"product","2":"type-product","3":"status-publish","4":"has-post-thumbnail","6":"product_cat-hydratation-fr","7":"product_cat-pendant","8":"product_cat-premiere","9":"product_tag-athletisme","10":"product_tag-cyclisme","11":"product_tag-endurance-fr","12":"product_tag-la-course-a-pied","13":"product_tag-natation","14":"product_tag-triathlon-fr","16":"first","17":"instock","18":"taxable","19":"shipping-taxable","20":"purchasable","21":"product-type-variable","22":"has-default-attributes"},"_links":{"self":[{"href":"https:\/\/testing-dev.keforma.ch\/fr\/wp-json\/wp\/v2\/product\/9996","targetHints":{"allow":["GET"]}}],"collection":[{"href":"https:\/\/testing-dev.keforma.ch\/fr\/wp-json\/wp\/v2\/product"}],"about":[{"href":"https:\/\/testing-dev.keforma.ch\/fr\/wp-json\/wp\/v2\/types\/product"}],"replies":[{"embeddable":true,"href":"https:\/\/testing-dev.keforma.ch\/fr\/wp-json\/wp\/v2\/comments?post=9996"}],"version-history":[{"count":0,"href":"https:\/\/testing-dev.keforma.ch\/fr\/wp-json\/wp\/v2\/product\/9996\/revisions"}],"wp:featuredmedia":[{"embeddable":true,"href":"https:\/\/testing-dev.keforma.ch\/fr\/wp-json\/wp\/v2\/media\/20656"}],"wp:attachment":[{"href":"https:\/\/testing-dev.keforma.ch\/fr\/wp-json\/wp\/v2\/media?parent=9996"}],"wp:term":[{"taxonomy":"product_brand","embeddable":true,"href":"https:\/\/testing-dev.keforma.ch\/fr\/wp-json\/wp\/v2\/product_brand?post=9996"},{"taxonomy":"product_cat","embeddable":true,"href":"https:\/\/testing-dev.keforma.ch\/fr\/wp-json\/wp\/v2\/product_cat?post=9996"},{"taxonomy":"product_tag","embeddable":true,"href":"https:\/\/testing-dev.keforma.ch\/fr\/wp-json\/wp\/v2\/product_tag?post=9996"}],"curies":[{"name":"wp","href":"https:\/\/api.w.org\/{rel}","templated":true}]}}